{"id":179,"date":"2018-01-27T13:09:31","date_gmt":"2018-01-27T16:09:31","guid":{"rendered":"https:\/\/fapol.org\/cythere\/?page_id=179"},"modified":"2025-09-05T17:40:54","modified_gmt":"2025-09-05T17:40:54","slug":"sobre","status":"publish","type":"page","link":"https:\/\/fapol.org\/cythere\/sobre\/","title":{"rendered":"SOBRE"},"content":{"rendered":"<p><div class=\"fusion-fullwidth fullwidth-box fusion-builder-row-1 nonhundred-percent-fullwidth non-hundred-percent-height-scrolling\" style=\"--awb-border-radius-top-left:0px;--awb-border-radius-top-right:0px;--awb-border-radius-bottom-right:0px;--awb-border-radius-bottom-left:0px;--awb-margin-top:0px;--awb-margin-bottom:0px;--awb-background-color:#ebeced;--awb-flex-wrap:wrap;\" ><div class=\"fusion-builder-row fusion-row\"><div class=\"fusion-layout-column fusion_builder_column fusion-builder-column-0 fusion_builder_column_1_1 1_1 fusion-one-full fusion-column-first fusion-column-last\" style=\"--awb-bg-size:cover;\"><div class=\"fusion-column-wrapper fusion-flex-column-wrapper-legacy\"><div class=\"fusion-section-separator section-separator slant fusion-section-separator-1\" style=\"--awb-spacer-height:99px;--awb-svg-margin-left:0;--awb-svg-margin-right:0;--awb-divider-height:99px;--awb-spacer-padding-top:inherit;--awb-sep-padding:0;--awb-svg-padding:0;\"><div class=\"fusion-section-separator-svg\"><svg class=\"fusion-slant-candy\" xmlns=\"http:\/\/www.w3.org\/2000\/svg\" version=\"1.1\" width=\"100%\" height=\"100\" viewBox=\"0 0 100 100\" preserveAspectRatio=\"none\" fill=\"rgba(242,99,98,1)\"><path d=\"M0 100 L0 0 L100 0 Z\"><\/path><\/svg><\/div><div class=\"fusion-section-separator-spacer\"><div class=\"fusion-section-separator-spacer-height\"><\/div><\/div><\/div><div class=\"fusion-clearfix\"><\/div><\/div><\/div><\/div><\/div><div class=\"fusion-fullwidth fullwidth-box fusion-builder-row-2 nonhundred-percent-fullwidth non-hundred-percent-height-scrolling\" style=\"--awb-background-position:left top;--awb-border-sizes-top:0px;--awb-border-sizes-bottom:0px;--awb-border-sizes-left:0px;--awb-border-sizes-right:0px;--awb-border-radius-top-left:0px;--awb-border-radius-top-right:0px;--awb-border-radius-bottom-right:0px;--awb-border-radius-bottom-left:0px;--awb-padding-top:1%;--awb-padding-bottom:0px;--awb-background-color:#ebeced;--awb-flex-wrap:wrap;\" ><div class=\"fusion-builder-row fusion-row\"><div class=\"fusion-layout-column fusion_builder_column fusion-builder-column-1 fusion_builder_column_1_1 1_1 fusion-one-full fusion-column-first fusion-column-last\" style=\"--awb-bg-size:cover;--awb-margin-top:40px;\"><div class=\"fusion-column-wrapper fusion-flex-column-wrapper-legacy\"><div class=\"fusion-title title fusion-title-1 fusion-sep-none fusion-title-center fusion-title-text fusion-title-size-two\"><h2 class=\"fusion-title-heading title-heading-center fusion-responsive-typography-calculated\" style=\"margin:0;--fontSize:50;line-height:1.2;\">Sobre<\/h2><\/div><div class=\"fusion-sep-clear\"><\/div><div class=\"fusion-separator\" style=\"margin-left: auto;margin-right: auto;margin-top:0px;margin-bottom:0px;width:100%;max-width:130px;\"><div class=\"fusion-separator-border sep-single sep-solid\" style=\"--awb-height:20px;--awb-amount:20px;--awb-sep-color:#222222;border-color:#222222;border-top-width:1px;\"><\/div><\/div><div class=\"fusion-sep-clear\"><\/div><div class=\"fusion-clearfix\"><\/div><\/div><\/div><\/div><\/div><div class=\"fusion-fullwidth fullwidth-box fusion-builder-row-3 nonhundred-percent-fullwidth non-hundred-percent-height-scrolling\" style=\"--awb-border-radius-top-left:0px;--awb-border-radius-top-right:0px;--awb-border-radius-bottom-right:0px;--awb-border-radius-bottom-left:0px;--awb-margin-top:50px;--awb-flex-wrap:wrap;\" ><div class=\"fusion-builder-row fusion-row\"><div class=\"fusion-layout-column fusion_builder_column fusion-builder-column-2 fusion_builder_column_1_1 1_1 fusion-one-full fusion-column-first fusion-column-last\" style=\"--awb-bg-size:cover;\"><div class=\"fusion-column-wrapper fusion-flex-column-wrapper-legacy\"><div class=\"fusion-text fusion-text-1\"><p style=\"text-align: justify;\">A Federa\u00e7\u00e3o Americana de Psicanalise de Orienta\u00e7\u00e3o Lacaniana (FAPOL) constituiu-se em janeiro de 2012 por decis\u00e3o do Conselho da Associa\u00e7\u00e3o Mundial de Psican\u00e1lise (AMP) e re\u00fane as tr\u00eas Escolas americanas da AMP: a EOL (Escola da Orienta\u00e7\u00e3o Lacaniana) na Argentina e Uruguay, a EBP (Escola Brasileira de Psicanalise), no Brasil e a NEL (Nova Escola Lacaniana), com sedes na Bolivia, Peru, Equador, Colombia, Venezuela, Guatemala, Cuba, Mexico e Chile. Sua finalidade \u00e9 manter estreito o laco entre as tr\u00eas Escolas americanas e nelas fazer presente, assim como em toda a Am\u00e9rica, a AMP, com a finalidade de preservar e estender a Psicanalise.<\/p>\n<p style=\"text-align: justify;\">Desse modo, considerou-se que a Universidade \u00e9 um lugar central e estrat\u00e9gico para impulsionar o crescimento da Psican\u00e1lise de Orienta\u00e7\u00e3o Lacaniana na Am\u00e9rica. Os caminhos que se abrem a partir da Universidade favorecem a aproxima\u00e7\u00e3o dos estudantes com o Campo Freudiano, lugar onde podem, sem d\u00favida, se formarem como psicanalistas. Com esse horizonte, cria-se<\/p>\n<p style=\"text-align: justify;\">a Rede Universitaria Americana (RUA).<\/p>\n<p style=\"text-align: justify;\">Abrir a Rede permitiu tomar contato com o panorama dos colegas membros da AMP que trabalham nas Universidades e come\u00e7ar a fazer uma interlocu\u00e7\u00e3o com \u00f3rg\u00e3os de pesquisa e institui\u00e7\u00f5es educacionais. Nesse ambito, surge Cyth\u00e8re? Revista da Rede Universitaria Americana, uma revista universit\u00e1ria escrita por psicanalistas de nossas Escolas. A publica\u00e7\u00e3o, bilingue, respeita a l\u00edngua de seus autores: o castelhano e o portugu\u00eas. Os trabalhos s\u00e3o avaliados por um comit\u00ea de arbitragem. Busca-se, com a Revista a possibilidade de transmitir os conceitos, a teoria, a efic\u00e1cia cl\u00ednica e a pol\u00edtica da psican\u00e1lise de orienta\u00e7\u00e3o lacaniana de maneira rigorosa, precisa e epist\u00eamica.<\/p>\n<p style=\"text-align: justify;\">Cyth\u00e8re? tem periodicidade anual e a avalia\u00e7\u00e3o dos artigos a serem publicados se realiza atrav\u00e9s de processo de \u201cduplo cego\u201d. Importante esclarecer que essa revista n\u00e3o cobra taxas para o envio de trabalhos, tampouco para a publica\u00e7\u00e3o de seus artigos. Cyth\u00e8re? \u00e9 gratuita a cada n\u00famero publicado e tem ISSN.<\/p>\n<\/div><div class=\"fusion-sep-clear\"><\/div><div class=\"fusion-separator\" style=\"margin-left: auto;margin-right: auto;margin-top:40px;margin-bottom:60px;width:100%;max-width:50%;\"><div class=\"fusion-separator-border sep-single sep-solid\" style=\"--awb-height:20px;--awb-amount:20px;border-color:#555c6e;border-top-width:1px;\"><\/div><\/div><div class=\"fusion-sep-clear\"><\/div><div class=\"fusion-text fusion-text-2\"><p style=\"text-align: justify;\">\u201cNo terceiro par\u00e1grafo de \u201cTalvez em Vincennes\u201d, Lacan indica que \u201cagora\u201d, ou seja, a partir do D\u00e9partement de Psychanalyse na Universit\u00e9 de Paris VIII, \u201cn\u00e3o se trata somente de ajudar o analista com ci\u00eancias propagadas \u00e0 moda universit\u00e1ria, mas de que essas ci\u00eancias encontrem em sua experi\u00eancia uma oportunidade de se renovar\u201d (p. 316). Considero esta uma indica\u00e7\u00e3o preciosa quanto aos prop\u00f3sitos de RUA: para n\u00f3s, membros da AMP e que trabalhamos tamb\u00e9m no meio universit\u00e1rio, o desafio da interface Psican\u00e1lise-Universidade n\u00e3o \u00e9 tanto o de contribuir para que praticantes da psican\u00e1lise, ou aqueles que por ela se interessam, encontrem uma forma\u00e7\u00e3o acad\u00eamico-cient\u00edfico de qualidade e importante para seu desempenho profissional, pois essa qualifica\u00e7\u00e3o j\u00e1 \u00e9 inerente \u00e0 miss\u00e3o universit\u00e1ria; trata-se, ent\u00e3o, muito mais de dar lugar e averiguar se nossa presen\u00e7a e nossa a\u00e7\u00e3o nas Universidades t\u00eam sido capazes de renovar as \u201cci\u00eancias\u201d que a partir delas se difundem. Em outros termos: temos conseguido modificar o que se ensina nas universidades, inclusive para al\u00e9m da pr\u00f3pria psican\u00e1lise que elas se disp\u00f5em a ensinar? Esse me parece um dos desafios que Lacan quis enfrentar com a cria\u00e7\u00e3o do D\u00e9partement de Psychanalyse na Universit\u00e9 de Paris VIII\u201d.<\/p>\n<p style=\"text-align: justify;\">Do texto <em><a href=\"http:\/\/www.lacan21.com\/sitio\/2017\/04\/10\/psicanalise-e-universidade-ainda\/?lang=pt-br\" target=\"_blank\" rel=\"noopener noreferrer\"><strong>Psican\u00e1lise e Universidade\u2026 ainda<\/strong><\/a><br \/>\n<\/em>S\u00e9rgio Laia (EBP-AMP)<\/p>\n<\/div><div class=\"fusion-clearfix\"><\/div><\/div><\/div><\/div><\/div><div class=\"fusion-fullwidth fullwidth-box fusion-builder-row-4 nonhundred-percent-fullwidth non-hundred-percent-height-scrolling\" style=\"--awb-border-radius-top-left:0px;--awb-border-radius-top-right:0px;--awb-border-radius-bottom-right:0px;--awb-border-radius-bottom-left:0px;--awb-flex-wrap:wrap;\" ><div class=\"fusion-builder-row fusion-row\"><div class=\"fusion-layout-column fusion_builder_column fusion-builder-column-3 fusion_builder_column_1_1 1_1 fusion-one-full fusion-column-first fusion-column-last\" style=\"--awb-bg-size:cover;\"><div class=\"fusion-column-wrapper fusion-flex-column-wrapper-legacy\"><div class=\"fusion-image-element fusion-image-align-center in-legacy-container\" style=\"text-align:center;--awb-caption-title-font-family:var(--h2_typography-font-family);--awb-caption-title-font-weight:var(--h2_typography-font-weight);--awb-caption-title-font-style:var(--h2_typography-font-style);--awb-caption-title-size:var(--h2_typography-font-size);--awb-caption-title-transform:var(--h2_typography-text-transform);--awb-caption-title-line-height:var(--h2_typography-line-height);--awb-caption-title-letter-spacing:var(--h2_typography-letter-spacing);\"><div class=\"imageframe-align-center\"><span class=\" fusion-imageframe imageframe-none imageframe-1 hover-type-none\"><a class=\"fusion-no-lightbox\" href=\"http:\/\/www.latindex.org\/latindex\/ficha?folio=27465\" target=\"_blank\" aria-label=\"LOGO-Latindex-WEB\" rel=\"noopener noreferrer\"><img decoding=\"async\" width=\"300\" height=\"86\" src=\"https:\/\/fapol.org\/cythere\/wp-content\/uploads\/sites\/3\/2021\/07\/LOGO-Latindex-WEB.png\" alt class=\"img-responsive wp-image-3083\" srcset=\"https:\/\/fapol.org\/cythere\/wp-content\/uploads\/sites\/3\/2021\/07\/LOGO-Latindex-WEB-200x57.png 200w, https:\/\/fapol.org\/cythere\/wp-content\/uploads\/sites\/3\/2021\/07\/LOGO-Latindex-WEB.png 300w\" sizes=\"(max-width: 800px) 100vw, 300px\" \/><\/a><\/span><\/div><\/div><div class=\"fusion-clearfix\"><\/div><\/div><\/div><\/div><\/div><div class=\"fusion-fullwidth fullwidth-box fusion-builder-row-5 nonhundred-percent-fullwidth non-hundred-percent-height-scrolling\" style=\"--awb-border-radius-top-left:0px;--awb-border-radius-top-right:0px;--awb-border-radius-bottom-right:0px;--awb-border-radius-bottom-left:0px;--awb-background-color:#ebeced;--awb-flex-wrap:wrap;\" ><div class=\"fusion-builder-row fusion-row\"><div class=\"fusion-layout-column fusion_builder_column fusion-builder-column-4 fusion_builder_column_1_1 1_1 fusion-one-full fusion-column-first fusion-column-last\" style=\"--awb-bg-size:cover;\"><div class=\"fusion-column-wrapper fusion-flex-column-wrapper-legacy\"><div class=\"fusion-sep-clear\"><\/div><div class=\"fusion-separator fusion-full-width-sep\" style=\"margin-left: auto;margin-right: auto;margin-top:50px;width:100%;\"><\/div><div class=\"fusion-sep-clear\"><\/div><div class=\"fusion-section-separator section-separator slant fusion-section-separator-2\" style=\"--awb-spacer-height:99px;--awb-svg-margin-left:0;--awb-svg-margin-right:0;--awb-divider-height:99px;--awb-spacer-padding-top:inherit;--awb-sep-padding:0;--awb-svg-padding:0;--awb-svg-tag-margin-bottom:-3px;--awb-sep-svg-display:block;\"><div class=\"fusion-section-separator-svg\"><svg class=\"fusion-slant-candy\" xmlns=\"http:\/\/www.w3.org\/2000\/svg\" version=\"1.1\" width=\"100%\" height=\"100\" viewBox=\"0 0 100 100\" preserveAspectRatio=\"none\" fill=\"rgba(242,99,98,1)\"><path d=\"M100 0 L0 100 L101 100 Z\"><\/path><\/svg><\/div><div class=\"fusion-section-separator-spacer\"><div class=\"fusion-section-separator-spacer-height\"><\/div><\/div><\/div><div class=\"fusion-clearfix\"><\/div><\/div><\/div><\/div><\/div><\/p>\n","protected":false},"excerpt":{"rendered":"","protected":false},"author":1,"featured_media":0,"parent":0,"menu_order":8,"comment_status":"closed","ping_status":"closed","template":"100-width.php","meta":{"_monsterinsights_skip_tracking":false,"_monsterinsights_sitenote_active":false,"_monsterinsights_sitenote_note":"","_monsterinsights_sitenote_category":0,"footnotes":""},"class_list":["post-179","page","type-page","status-publish","hentry"],"_links":{"self":[{"href":"https:\/\/fapol.org\/cythere\/wp-json\/wp\/v2\/pages\/179","targetHints":{"allow":["GET"]}}],"collection":[{"href":"https:\/\/fapol.org\/cythere\/wp-json\/wp\/v2\/pages"}],"about":[{"href":"https:\/\/fapol.org\/cythere\/wp-json\/wp\/v2\/types\/page"}],"author":[{"embeddable":true,"href":"https:\/\/fapol.org\/cythere\/wp-json\/wp\/v2\/users\/1"}],"replies":[{"embeddable":true,"href":"https:\/\/fapol.org\/cythere\/wp-json\/wp\/v2\/comments?post=179"}],"version-history":[{"count":3,"href":"https:\/\/fapol.org\/cythere\/wp-json\/wp\/v2\/pages\/179\/revisions"}],"predecessor-version":[{"id":3880,"href":"https:\/\/fapol.org\/cythere\/wp-json\/wp\/v2\/pages\/179\/revisions\/3880"}],"wp:attachment":[{"href":"https:\/\/fapol.org\/cythere\/wp-json\/wp\/v2\/media?parent=179"}],"curies":[{"name":"wp","href":"https:\/\/api.w.org\/{rel}","templated":true}]}}