{"id":20,"date":"2017-12-18T07:47:11","date_gmt":"2017-12-18T10:47:11","guid":{"rendered":"https:\/\/fapol.org\/cythere\/?page_id=20"},"modified":"2025-08-18T08:39:30","modified_gmt":"2025-08-18T08:39:30","slug":"comite-editorial","status":"publish","type":"page","link":"https:\/\/fapol.org\/cythere\/comite-editorial\/","title":{"rendered":"COMIT\u00c9 EDITORIAL"},"content":{"rendered":"<p><div class=\"fusion-fullwidth fullwidth-box fusion-builder-row-1 nonhundred-percent-fullwidth non-hundred-percent-height-scrolling\" style=\"--awb-border-radius-top-left:0px;--awb-border-radius-top-right:0px;--awb-border-radius-bottom-right:0px;--awb-border-radius-bottom-left:0px;--awb-margin-top:0px;--awb-margin-bottom:0px;--awb-background-color:#ebeced;--awb-flex-wrap:wrap;\" ><div class=\"fusion-builder-row fusion-row\"><div class=\"fusion-layout-column fusion_builder_column fusion-builder-column-0 fusion_builder_column_1_1 1_1 fusion-one-full fusion-column-first fusion-column-last\" style=\"--awb-bg-blend:overlay;--awb-bg-size:cover;\"><div class=\"fusion-column-wrapper fusion-flex-column-wrapper-legacy\"><div class=\"fusion-section-separator section-separator slant fusion-section-separator-1\" style=\"--awb-spacer-height:99px;--awb-svg-margin-left:0;--awb-svg-margin-right:0;--awb-divider-height:99px;--awb-spacer-padding-top:inherit;--awb-sep-padding:0;--awb-svg-padding:0;\"><div class=\"fusion-section-separator-svg\"><svg class=\"fusion-slant-candy\" xmlns=\"http:\/\/www.w3.org\/2000\/svg\" version=\"1.1\" width=\"100%\" height=\"100\" viewBox=\"0 0 100 100\" preserveAspectRatio=\"none\" fill=\"rgba(242,99,98,1)\"><path d=\"M0 100 L0 0 L100 0 Z\"><\/path><\/svg><\/div><div class=\"fusion-section-separator-spacer\"><div class=\"fusion-section-separator-spacer-height\"><\/div><\/div><\/div><div class=\"fusion-clearfix\"><\/div><\/div><\/div><\/div><\/div><div class=\"fusion-fullwidth fullwidth-box fusion-builder-row-2 nonhundred-percent-fullwidth non-hundred-percent-height-scrolling\" style=\"--awb-background-position:left top;--awb-border-sizes-top:0px;--awb-border-sizes-bottom:0px;--awb-border-sizes-left:0px;--awb-border-sizes-right:0px;--awb-border-radius-top-left:0px;--awb-border-radius-top-right:0px;--awb-border-radius-bottom-right:0px;--awb-border-radius-bottom-left:0px;--awb-padding-top:1%;--awb-padding-bottom:0px;--awb-background-color:#ebeced;--awb-flex-wrap:wrap;\" ><div class=\"fusion-builder-row fusion-row\"><div class=\"fusion-layout-column fusion_builder_column fusion-builder-column-1 fusion_builder_column_1_1 1_1 fusion-one-full fusion-column-first fusion-column-last\" style=\"--awb-bg-blend:overlay;--awb-bg-size:cover;--awb-margin-top:40px;\"><div class=\"fusion-column-wrapper fusion-flex-column-wrapper-legacy\"><div class=\"fusion-title title fusion-title-1 fusion-sep-none fusion-title-center fusion-title-text fusion-title-size-two\"><h2 class=\"fusion-title-heading title-heading-center fusion-responsive-typography-calculated\" style=\"margin:0;--fontSize:50;line-height:1.2;\">Comit\u00e9 Editorial<\/h2><\/div><div class=\"fusion-sep-clear\"><\/div><div class=\"fusion-separator\" style=\"margin-left: auto;margin-right: auto;margin-top:0px;margin-bottom:0px;width:100%;max-width:130px;\"><div class=\"fusion-separator-border sep-single sep-solid\" style=\"--awb-height:20px;--awb-amount:20px;--awb-sep-color:#222222;border-color:#222222;border-top-width:1px;\"><\/div><\/div><div class=\"fusion-sep-clear\"><\/div><div class=\"fusion-clearfix\"><\/div><\/div><\/div><\/div><\/div><div class=\"fusion-fullwidth fullwidth-box fusion-builder-row-3 nonhundred-percent-fullwidth non-hundred-percent-height-scrolling\" style=\"--awb-border-radius-top-left:0px;--awb-border-radius-top-right:0px;--awb-border-radius-bottom-right:0px;--awb-border-radius-bottom-left:0px;--awb-margin-top:50px;--awb-flex-wrap:wrap;\" ><div class=\"fusion-builder-row fusion-row\"><div class=\"fusion-layout-column fusion_builder_column fusion-builder-column-2 fusion_builder_column_1_3 1_3 fusion-one-third fusion-column-first\" style=\"--awb-bg-blend:overlay;--awb-bg-size:cover;width:33.333333333333%;width:calc(33.333333333333% - ( ( 4% + 4% ) * 0.33333333333333 ) );margin-right: 4%;\"><div class=\"fusion-column-wrapper fusion-flex-column-wrapper-legacy\"><div class=\"fusion-text fusion-text-1\"><p style=\"font-size: 20px; font-weight: 800; font-family: Montserrat;\">DIRECTORES RESPONSABLES<\/p>\n<\/div><div class=\"fusion-text fusion-text-2\"><p><strong>Flory Kruger<\/strong><br \/>\nEOL &#8211; Universidad Nacional de San Mart\u00edn<\/p>\n<p><strong>Fernanda Otoni Brissset<\/strong><br \/>\nEBP<\/p>\n<p><strong>Gabriela Camaly<\/strong><br \/>\nEOL<\/p>\n<p><strong>Mar\u00eda Hortensia C\u00e1rdenas<\/strong><br \/>\nNEL<\/p>\n<\/div><div class=\"fusion-clearfix\"><\/div><\/div><\/div><div class=\"fusion-layout-column fusion_builder_column fusion-builder-column-3 fusion_builder_column_1_3 1_3 fusion-one-third\" style=\"--awb-bg-blend:overlay;--awb-bg-size:cover;width:33.333333333333%;width:calc(33.333333333333% - ( ( 4% + 4% ) * 0.33333333333333 ) );margin-right: 4%;\"><div class=\"fusion-column-wrapper fusion-flex-column-wrapper-legacy\"><div class=\"fusion-text fusion-text-3\"><p style=\"font-size: 20px; font-weight: 800; font-family: Montserrat;\">ASESOR<\/p>\n<\/div><div class=\"fusion-text fusion-text-4\"><p><strong>Jacques-Alain Miller<\/strong><br \/>\nECF, ELP, SLP, EOL, EBP, NEL, NLS &#8211; Paris 8<\/p>\n<\/div><div class=\"fusion-clearfix\"><\/div><\/div><\/div><div class=\"fusion-layout-column fusion_builder_column fusion-builder-column-4 fusion_builder_column_1_3 1_3 fusion-one-third fusion-column-last\" style=\"--awb-bg-blend:overlay;--awb-bg-size:cover;width:33.333333333333%;width:calc(33.333333333333% - ( ( 4% + 4% ) * 0.33333333333333 ) );\"><div class=\"fusion-column-wrapper fusion-flex-column-wrapper-legacy\"><div class=\"fusion-text fusion-text-5\"><p style=\"font-size: 20px; font-weight: 800; font-family: Montserrat;\">CONSEJO EDITORIAL<\/p>\n<\/div><div class=\"fusion-text fusion-text-6\"><p><strong>\u00c9ric Laurent<br \/>\n<\/strong>ECF, ELP, SLP, EOL, EBP, NEL, NLS \u2013 Paris 8<\/p>\n<p><strong>Graciela Brodsky<br \/>\n<\/strong>EOL, EBP, NEL, SLP, NLS \u2013 UNSAM<\/p>\n<p><strong>Alejandro Reinoso<br \/>\n<\/strong>NEL \u2013 Pontificia Universidad Cat\u00f3lica de Chile<\/p>\n<p><strong>Cleide Monteiro<br \/>\n<\/strong>EBP \u2013 Universidade Federal da Para\u00edba (UFPB)<\/p>\n<p><strong>Fernando Espa\u00f1a<br \/>\n<\/strong>NEL \u2013 Universidad Aut\u00f3noma de Quer\u00e9taro<\/p>\n<p><strong>In\u00eas Sotelo<br \/>\n<\/strong>EOL \u2013 Universidad de Buenos Aires (UBA)<\/p>\n<p><strong>Roxana Vogler<br \/>\n<\/strong>EOL &#8211; Universidad de Buenos Aires (UBA)<\/p>\n<\/div><div class=\"fusion-clearfix\"><\/div><\/div><\/div><\/div><\/div><div class=\"fusion-fullwidth fullwidth-box fusion-builder-row-4 nonhundred-percent-fullwidth non-hundred-percent-height-scrolling\" style=\"--awb-border-radius-top-left:0px;--awb-border-radius-top-right:0px;--awb-border-radius-bottom-right:0px;--awb-border-radius-bottom-left:0px;--awb-margin-top:50px;--awb-flex-wrap:wrap;\" ><div class=\"fusion-builder-row fusion-row\"><div class=\"fusion-layout-column fusion_builder_column fusion-builder-column-5 fusion_builder_column_1_3 1_3 fusion-one-third fusion-column-first\" style=\"--awb-bg-blend:overlay;--awb-bg-size:cover;width:33.333333333333%;width:calc(33.333333333333% - ( ( 4% + 4% ) * 0.33333333333333 ) );margin-right: 4%;\"><div class=\"fusion-column-wrapper fusion-flex-column-wrapper-legacy\"><div class=\"fusion-text fusion-text-7\"><p style=\"font-size: 20px; font-weight: 800; font-family: Montserrat;\">COMIT\u00c9 EDITOR<\/p>\n<\/div><div class=\"fusion-text fusion-text-8\"><p><strong>Virg\u00ednia Carvalho<\/strong> &#8211; Editora<br \/>\nEBP &#8211; Universidade Federal do Esp\u00edrito Santo<\/p>\n<p><strong>Jorge Santiago-Zepeda<\/strong> \u2013 Co-editor<br \/>\nNel cf &#8211; Universidad de Ciencias y Artes de Chiapas (UNICACH).<\/p>\n<p><strong>Guido Coll<\/strong> \u2013 Co-editor<br \/>\nEOL &#8211; Universidad Nacional de Co\u0301rdoba (UNC)<\/p>\n<\/div><div class=\"fusion-clearfix\"><\/div><\/div><\/div><div class=\"fusion-layout-column fusion_builder_column fusion-builder-column-6 fusion_builder_column_1_3 1_3 fusion-one-third\" style=\"--awb-bg-blend:overlay;--awb-bg-size:cover;width:33.333333333333%;width:calc(33.333333333333% - ( ( 4% + 4% ) * 0.33333333333333 ) );margin-right: 4%;\"><div class=\"fusion-column-wrapper fusion-flex-column-wrapper-legacy\"><div class=\"fusion-text fusion-text-9\"><p style=\"font-size: 20px; font-weight: 800; font-family: Montserrat;\">COMIT\u00c9 ACAD\u00c9MICO<\/p>\n<\/div><div class=\"fusion-text fusion-text-10\"><p><strong>Andrea Berger<\/strong><br \/>\nEOL &#8211; Universidad de Buenos Aires<\/p>\n<p><strong>Osvaldo Delgado<\/strong><br \/>\nEOL &#8211; Universidad de Buenos Aires<\/p>\n<p><strong>H\u00e9ctor Gallo<\/strong><br \/>\nNEL &#8211; Universidad de Antioquia<\/p>\n<p><strong>S\u00e9rgio Laia<\/strong><br \/>\nEBP &#8211; Universidade FUMEC<\/p>\n<p><strong>Mariana G\u00f3mez<\/strong><br \/>\nEOL \u2013 Universidad Nacional de C\u00f3rdoba<\/p>\n<p><strong>Mar\u00eda Elena Lora<\/strong><br \/>\nNEL &#8211; Universidad Cat\u00f3lica Boliviana \u201cSan Pablo\u201d<\/p>\n<p><strong>Leny Mrech<\/strong><br \/>\nEBP &#8211; Facultade de Educa\u00e7\u00e3o da Universidade de S\u00e3o Paulo<\/p>\n<p><strong>Fabian Naparstek<\/strong><br \/>\nEOL &#8211; Universidad de Buenos Aires<\/p>\n<p><strong>J\u00e9sus Santiago<\/strong><br \/>\nEBP &#8211; Universidade Federal de Minas Gerais<\/p>\n<p><strong>Fabian Schejtman<\/strong><br \/>\nEOL &#8211; Universidad de Buenos Aires<\/p>\n<p><strong>In\u00e9s Sotelo<\/strong><br \/>\nEOL &#8211; Universidad de Buenos Aires<\/p>\n<p><strong>Marcus Andr\u00e9 Vieira<\/strong><br \/>\nEBP &#8211; Pontif\u00edcia Universidade Cat\u00f3lica do Rio de Janeiro<\/p>\n<\/div><div class=\"fusion-clearfix\"><\/div><\/div><\/div><div class=\"fusion-layout-column fusion_builder_column fusion-builder-column-7 fusion_builder_column_1_3 1_3 fusion-one-third fusion-column-last\" style=\"--awb-bg-blend:overlay;--awb-bg-size:cover;width:33.333333333333%;width:calc(33.333333333333% - ( ( 4% + 4% ) * 0.33333333333333 ) );\"><div class=\"fusion-column-wrapper fusion-flex-column-wrapper-legacy\"><div class=\"fusion-text fusion-text-11\"><p style=\"font-size: 20px; font-weight: 800; font-family: Montserrat;\">COMIT\u00c9 DE REDACCI\u00d3N<\/p>\n<\/div><div class=\"fusion-text fusion-text-12\"><p><strong>Agustina Brandi<\/strong><br \/>\nSeCyT &#8211; Universidad Nacional de C\u00f3rdoba<\/p>\n<p><strong>Vin\u00edcius Moreira Lima<\/strong><br \/>\nFaculdade de Ci\u00eancias M\u00e9dicas<\/p>\n<p><strong>Ram\u00f3n Ochoa<\/strong><br \/>\nNEL &#8211; Universidad Central de Venezuela \/ Universidad Metropolitana<\/p>\n<p><strong>Daniela Viola<\/strong><\/p>\n<\/div><div class=\"fusion-clearfix\"><\/div><\/div><\/div><\/div><\/div><div class=\"fusion-fullwidth fullwidth-box fusion-builder-row-5 nonhundred-percent-fullwidth non-hundred-percent-height-scrolling\" style=\"--awb-border-radius-top-left:0px;--awb-border-radius-top-right:0px;--awb-border-radius-bottom-right:0px;--awb-border-radius-bottom-left:0px;--awb-margin-top:50px;--awb-flex-wrap:wrap;\" ><div class=\"fusion-builder-row fusion-row\"><div class=\"fusion-layout-column fusion_builder_column fusion-builder-column-8 fusion_builder_column_1_3 1_3 fusion-one-third fusion-column-first\" style=\"--awb-bg-blend:overlay;--awb-bg-size:cover;width:33.333333333333%;width:calc(33.333333333333% - ( ( 4% ) * 0.33333333333333 ) );margin-right: 4%;\"><div class=\"fusion-column-wrapper fusion-flex-column-wrapper-legacy\"><div class=\"fusion-text fusion-text-13\"><p style=\"font-size: 20px; font-weight: 800; font-family: Montserrat;\">DISE\u00d1O Y ARTE<\/p>\n<\/div><div class=\"fusion-text fusion-text-14\"><p><strong>Gonzalo Zabala<\/strong><\/p>\n<\/div><div class=\"fusion-clearfix\"><\/div><\/div><\/div><div class=\"fusion-layout-column fusion_builder_column fusion-builder-column-9 fusion_builder_column_1_3 1_3 fusion-one-third fusion-column-last\" style=\"--awb-bg-blend:overlay;--awb-bg-size:cover;width:33.333333333333%;width:calc(33.333333333333% - ( ( 4% ) * 0.33333333333333 ) );\"><div class=\"fusion-column-wrapper fusion-flex-column-wrapper-legacy\"><div class=\"fusion-clearfix\"><\/div><\/div><\/div><\/div><\/div><div class=\"fusion-fullwidth fullwidth-box fusion-builder-row-6 nonhundred-percent-fullwidth non-hundred-percent-height-scrolling\" style=\"--awb-border-radius-top-left:0px;--awb-border-radius-top-right:0px;--awb-border-radius-bottom-right:0px;--awb-border-radius-bottom-left:0px;--awb-background-color:#ebeced;--awb-flex-wrap:wrap;\" ><div class=\"fusion-builder-row fusion-row\"><div class=\"fusion-layout-column fusion_builder_column fusion-builder-column-10 fusion_builder_column_1_1 1_1 fusion-one-full fusion-column-first fusion-column-last\" style=\"--awb-bg-blend:overlay;--awb-bg-size:cover;\"><div class=\"fusion-column-wrapper fusion-flex-column-wrapper-legacy\"><div class=\"fusion-sep-clear\"><\/div><div class=\"fusion-separator fusion-full-width-sep\" style=\"margin-left: auto;margin-right: auto;margin-top:50px;width:100%;\"><\/div><div class=\"fusion-sep-clear\"><\/div><div class=\"fusion-section-separator section-separator slant fusion-section-separator-2\" style=\"--awb-spacer-height:99px;--awb-svg-margin-left:0;--awb-svg-margin-right:0;--awb-divider-height:99px;--awb-spacer-padding-top:inherit;--awb-sep-padding:0;--awb-svg-padding:0;--awb-svg-tag-margin-bottom:-3px;--awb-sep-svg-display:block;\"><div class=\"fusion-section-separator-svg\"><svg class=\"fusion-slant-candy\" xmlns=\"http:\/\/www.w3.org\/2000\/svg\" version=\"1.1\" width=\"100%\" height=\"100\" viewBox=\"0 0 100 100\" preserveAspectRatio=\"none\" fill=\"rgba(242,99,98,1)\"><path d=\"M100 0 L0 100 L101 100 Z\"><\/path><\/svg><\/div><div class=\"fusion-section-separator-spacer\"><div class=\"fusion-section-separator-spacer-height\"><\/div><\/div><\/div><div class=\"fusion-clearfix\"><\/div><\/div><\/div><\/div><\/div><\/p>\n","protected":false},"excerpt":{"rendered":"","protected":false},"author":1,"featured_media":0,"parent":0,"menu_order":3,"comment_status":"closed","ping_status":"closed","template":"100-width.php","meta":{"_monsterinsights_skip_tracking":false,"_monsterinsights_sitenote_active":false,"_monsterinsights_sitenote_note":"","_monsterinsights_sitenote_category":0,"footnotes":""},"class_list":["post-20","page","type-page","status-publish","hentry"],"_links":{"self":[{"href":"https:\/\/fapol.org\/cythere\/wp-json\/wp\/v2\/pages\/20","targetHints":{"allow":["GET"]}}],"collection":[{"href":"https:\/\/fapol.org\/cythere\/wp-json\/wp\/v2\/pages"}],"about":[{"href":"https:\/\/fapol.org\/cythere\/wp-json\/wp\/v2\/types\/page"}],"author":[{"embeddable":true,"href":"https:\/\/fapol.org\/cythere\/wp-json\/wp\/v2\/users\/1"}],"replies":[{"embeddable":true,"href":"https:\/\/fapol.org\/cythere\/wp-json\/wp\/v2\/comments?post=20"}],"version-history":[{"count":17,"href":"https:\/\/fapol.org\/cythere\/wp-json\/wp\/v2\/pages\/20\/revisions"}],"predecessor-version":[{"id":3681,"href":"https:\/\/fapol.org\/cythere\/wp-json\/wp\/v2\/pages\/20\/revisions\/3681"}],"wp:attachment":[{"href":"https:\/\/fapol.org\/cythere\/wp-json\/wp\/v2\/media?parent=20"}],"curies":[{"name":"wp","href":"https:\/\/api.w.org\/{rel}","templated":true}]}}