{"id":5997,"date":"2024-09-17T13:56:50","date_gmt":"2024-09-17T16:56:50","guid":{"rendered":"https:\/\/fapol.org\/fapol\/"},"modified":"2025-04-23T14:14:09","modified_gmt":"2025-04-23T17:14:09","slug":"fapol","status":"publish","type":"page","link":"https:\/\/fapol.org\/pt-br\/","title":{"rendered":"FAPOL"},"content":{"rendered":"<p><div class=\"fusion-fullwidth fullwidth-box fusion-builder-row-1 fusion-flex-container has-pattern-background has-mask-background nonhundred-percent-fullwidth non-hundred-percent-height-scrolling\" style=\"--awb-border-radius-top-left:0px;--awb-border-radius-top-right:0px;--awb-border-radius-bottom-right:0px;--awb-border-radius-bottom-left:0px;--awb-background-color:#ffffff;--awb-flex-wrap:wrap;\" ><div class=\"fusion-builder-row fusion-row fusion-flex-align-items-flex-start fusion-flex-content-wrap\" style=\"max-width:1248px;margin-left: calc(-4% \/ 2 );margin-right: calc(-4% \/ 2 );\"><div class=\"fusion-layout-column fusion_builder_column fusion-builder-column-0 fusion_builder_column_1_1 1_1 fusion-flex-column\" style=\"--awb-bg-size:cover;--awb-width-large:100%;--awb-margin-top-large:0px;--awb-spacing-right-large:1.92%;--awb-margin-bottom-large:20px;--awb-spacing-left-large:1.92%;--awb-width-medium:100%;--awb-order-medium:0;--awb-spacing-right-medium:1.92%;--awb-spacing-left-medium:1.92%;--awb-width-small:100%;--awb-order-small:0;--awb-spacing-right-small:1.92%;--awb-spacing-left-small:1.92%;\"><div class=\"fusion-column-wrapper fusion-column-has-shadow fusion-flex-justify-content-flex-start fusion-content-layout-column\"><div class=\"fusion-title title fusion-title-1 fusion-sep-none fusion-title-text fusion-title-size-three\"><h3 class=\"fusion-title-heading title-heading-left\" style=\"margin:0;\"><h4><span style=\"color: #333399;\">O que Fapol?<\/span><\/h4><\/h3><\/div><div class=\"fusion-text fusion-text-1\"><p style=\"text-align: justify;\">A Federa\u00e7\u00e3o Americana de Psican\u00e1lise da Orienta\u00e7\u00e3o Lacaniana (FAPOL) foi criada em janeiro de 2012, com a finalidade de difundir o ensino de Lacan e defender a Psican\u00e1lise na diversidade das situa\u00e7\u00f5es sociais que caracterizam o contexto de sua oferta na Am\u00e9rica Latina. A FAPOL tem por miss\u00e3o manter o la\u00e7o estreito entre as tr\u00eas Escolas americanas reconhecidas pela Associa\u00e7\u00e3o Mundial de Psican\u00e1lise (AMP) \u2013 Escola Brasileira de Psican\u00e1lise (EBP), Escuela de la Orientaci\u00f3n Lacaniana (EOL) e a Nueva Escuela Lacaniana (NEL) \u2013 e fazer presente nelas, bem como nos doze pa\u00edses onde se estende o alcance da sua a\u00e7\u00e3o, a pol\u00edtica da orienta\u00e7\u00e3o lacaniana que anima a AMP, em sua intens\u00e3o e extens\u00e3o.<\/p>\n<\/div><\/div><\/div><\/div><\/div><div class=\"fusion-fullwidth fullwidth-box fusion-builder-row-2 fusion-flex-container has-pattern-background has-mask-background nonhundred-percent-fullwidth non-hundred-percent-height-scrolling\" style=\"--awb-background-blend-mode:overlay;--awb-border-radius-top-left:0px;--awb-border-radius-top-right:0px;--awb-border-radius-bottom-right:0px;--awb-border-radius-bottom-left:0px;--awb-background-color:#e0e0e0;--awb-background-size:contain;--awb-flex-wrap:wrap;\" ><div class=\"fusion-builder-row fusion-row fusion-flex-align-items-flex-start fusion-flex-content-wrap\" style=\"max-width:1248px;margin-left: calc(-4% \/ 2 );margin-right: calc(-4% \/ 2 );\"><div class=\"fusion-layout-column fusion_builder_column fusion-builder-column-1 fusion_builder_column_1_1 1_1 fusion-flex-column\" style=\"--awb-bg-size:cover;--awb-width-large:100%;--awb-margin-top-large:0px;--awb-spacing-right-large:1.92%;--awb-margin-bottom-large:20px;--awb-spacing-left-large:1.92%;--awb-width-medium:100%;--awb-order-medium:0;--awb-spacing-right-medium:1.92%;--awb-spacing-left-medium:1.92%;--awb-width-small:100%;--awb-order-small:0;--awb-spacing-right-small:1.92%;--awb-spacing-left-small:1.92%;\"><div class=\"fusion-column-wrapper fusion-column-has-shadow fusion-flex-justify-content-flex-start fusion-content-layout-column\"><div class=\"fusion-title title fusion-title-2 fusion-sep-none fusion-title-text fusion-title-size-three\"><h3 class=\"fusion-title-heading title-heading-left\" style=\"margin:0;\"><h4><span style=\"color: #333399;\">Enapol<\/span><\/h4><\/h3><\/div><div class=\"fusion-text fusion-text-2\"><p style=\"text-align: justify;\">O ENAPOL \u00e9 o Encontro Americano da Orienta\u00e7\u00e3o Lacaniana e o Encontro Internacional do Campo Freudiano, organizado a cada dois anos e aberto a todos aqueles que se interessam pela psican\u00e1lise de orienta\u00e7\u00e3o lacaniana. Por meio de sess\u00f5es plen\u00e1rias, mesas-redondas simult\u00e2neas e outras atividades, o ENAPOL re\u00fane a comunidade anal\u00edtica para debater quest\u00f5es cl\u00ednicas, epist\u00eamicas e pol\u00edticas que s\u00e3o atuais para a psican\u00e1lise na Am\u00e9rica Latina. Trata-se de uma iniciativa da FAPOL, organizada pelas tr\u00eas Escolas da Am\u00e9rica, EBP, EOL e NEL, que fazem parte da Associa\u00e7\u00e3o Mundial de Psican\u00e1lise (AMP).<\/p>\n<\/div><\/div><\/div><div class=\"fusion-layout-column fusion_builder_column fusion-builder-column-2 fusion_builder_column_1_2 1_2 fusion-flex-column\" style=\"--awb-bg-size:cover;--awb-width-large:50%;--awb-margin-top-large:0px;--awb-spacing-right-large:3.84%;--awb-margin-bottom-large:20px;--awb-spacing-left-large:3.84%;--awb-width-medium:50%;--awb-order-medium:0;--awb-spacing-right-medium:3.84%;--awb-spacing-left-medium:3.84%;--awb-width-small:100%;--awb-order-small:0;--awb-spacing-right-small:1.92%;--awb-spacing-left-small:1.92%;\"><div class=\"fusion-column-wrapper fusion-column-has-shadow fusion-flex-justify-content-flex-start fusion-content-layout-column\"><div class=\"fusion-title title fusion-title-3 fusion-sep-none fusion-title-text fusion-title-size-three\"><h3 class=\"fusion-title-heading title-heading-left\" style=\"margin:0;\"><h4><span style=\"color: #333399;\">Redes<\/span><\/h4><\/h3><\/div><div class=\"fusion-text fusion-text-3\"><p style=\"text-align: justify;\">As Redes da FAPOL trabalham para conectar o extenso campo onde praticantes da psican\u00e1lise da orienta\u00e7\u00e3o lacaniana instalam sua pr\u00e1tica e sua transmiss\u00e3o. Atrav\u00e9s de seus programas de trabalho, as redes articulam encontros, investiga\u00e7\u00f5es, interc\u00e2mbios e conversa\u00e7\u00f5es para manter vivo o ensino de Lacan nos diferentes contextos de sua oferta para garantir, no \u00e2mbito epist\u00eamico, cl\u00ednico e pol\u00edtico, a presen\u00e7a da psican\u00e1lise e sua a\u00e7\u00e3o lacaniana na Am\u00e9rica Latina.<\/p>\n<\/div><div ><a class=\"fusion-button button-flat fusion-button-default-size button-default fusion-button-default button-1 fusion-button-default-span fusion-button-default-type\" target=\"_self\" href=\"https:\/\/fapol.org\/pt-br\/redes\/\"><span class=\"fusion-button-text\">Leia mais<\/span><\/a><\/div><\/div><\/div><div class=\"fusion-layout-column fusion_builder_column fusion-builder-column-3 fusion_builder_column_1_2 1_2 fusion-flex-column\" style=\"--awb-bg-size:cover;--awb-width-large:50%;--awb-margin-top-large:0px;--awb-spacing-right-large:3.84%;--awb-margin-bottom-large:20px;--awb-spacing-left-large:3.84%;--awb-width-medium:50%;--awb-order-medium:0;--awb-spacing-right-medium:3.84%;--awb-spacing-left-medium:3.84%;--awb-width-small:100%;--awb-order-small:0;--awb-spacing-right-small:1.92%;--awb-spacing-left-small:1.92%;\"><div class=\"fusion-column-wrapper fusion-column-has-shadow fusion-flex-justify-content-flex-start fusion-content-layout-column\"><div class=\"fusion-title title fusion-title-4 fusion-sep-none fusion-title-text fusion-title-size-three\"><h3 class=\"fusion-title-heading title-heading-left\" style=\"margin:0;\"><h4><span style=\"color: #333399;\">Observat\u00f3rios<\/span><\/h4><\/h3><\/div><div class=\"fusion-text fusion-text-4\"><p style=\"text-align: justify;\">Os Observat\u00f3rios da FAPOL foram concebidos para observar, ler e elucidar, com antenas anal\u00edticas, os acontecimentos e discursos que d\u00e3o forma \u00e0s problem\u00e1ticas chaves da atualidade, quest\u00f5es de sociedade, que repercutem na experi\u00eancia anal\u00edtica e em sua oferta, nos diversos contextos nos quais os psicanalistas da orienta\u00e7\u00e3o lacaniana desenvolvem sua pr\u00e1tica na Am\u00e9rica Latina. O esfor\u00e7o do Observat\u00f3rio se inscreve na linha da A\u00e7\u00e3o Lacaniana que concerne \u00e0s Escolas face \u00e0 complexidade da \u00e9poca contempor\u00e2nea, que em suas m\u00faltiplas facetas afeta as subjetividades, os corpos e os la\u00e7os sociais.<\/p>\n<\/div><div ><a class=\"fusion-button button-flat fusion-button-default-size button-default fusion-button-default button-2 fusion-button-default-span fusion-button-default-type\" target=\"_self\" href=\"https:\/\/fapol.org\/pt-br\/observatorios\/\"><span class=\"fusion-button-text\">Leia mais<\/span><\/a><\/div><\/div><\/div><\/div><\/div><div class=\"fusion-fullwidth fullwidth-box fusion-builder-row-3 fusion-flex-container has-pattern-background has-mask-background nonhundred-percent-fullwidth non-hundred-percent-height-scrolling\" style=\"--awb-border-radius-top-left:0px;--awb-border-radius-top-right:0px;--awb-border-radius-bottom-right:0px;--awb-border-radius-bottom-left:0px;--awb-padding-top:50px;--awb-padding-bottom:50px;--awb-background-color:#ffffff;--awb-flex-wrap:wrap;\" ><div class=\"fusion-builder-row fusion-row fusion-flex-align-items-flex-start fusion-flex-content-wrap\" style=\"max-width:1248px;margin-left: calc(-4% \/ 2 );margin-right: calc(-4% \/ 2 );\"><div class=\"fusion-layout-column fusion_builder_column fusion-builder-column-4 fusion_builder_column_1_3 1_3 fusion-flex-column\" style=\"--awb-bg-size:cover;--awb-width-large:33.333333333333%;--awb-margin-top-large:0px;--awb-spacing-right-large:5.76%;--awb-margin-bottom-large:20px;--awb-spacing-left-large:5.76%;--awb-width-medium:33.333333333333%;--awb-order-medium:0;--awb-spacing-right-medium:5.76%;--awb-spacing-left-medium:5.76%;--awb-width-small:100%;--awb-order-small:0;--awb-spacing-right-small:1.92%;--awb-spacing-left-small:1.92%;\"><div class=\"fusion-column-wrapper fusion-column-has-shadow fusion-flex-justify-content-flex-start fusion-content-layout-column\"><div class=\"fusion-image-element \" style=\"text-align:center;--awb-caption-title-font-family:var(--h2_typography-font-family);--awb-caption-title-font-weight:var(--h2_typography-font-weight);--awb-caption-title-font-style:var(--h2_typography-font-style);--awb-caption-title-size:var(--h2_typography-font-size);--awb-caption-title-transform:var(--h2_typography-text-transform);--awb-caption-title-line-height:var(--h2_typography-line-height);--awb-caption-title-letter-spacing:var(--h2_typography-letter-spacing);\"><span class=\" fusion-imageframe imageframe-none imageframe-1 hover-type-none\"><a class=\"fusion-no-lightbox\" href=\"https:\/\/www.ebp.org.br\" target=\"_blank\" aria-label=\"logos_escolas-01-400&#215;268\" rel=\"noopener noreferrer\"><img decoding=\"async\" width=\"300\" height=\"201\" src=\"https:\/\/fapol.org\/wp-content\/uploads\/2025\/01\/logos_escolas-01-400x268-1-300x201.jpg\" alt class=\"img-responsive wp-image-6901\" srcset=\"https:\/\/fapol.org\/wp-content\/uploads\/2025\/01\/logos_escolas-01-400x268-1-200x134.jpg 200w, https:\/\/fapol.org\/wp-content\/uploads\/2025\/01\/logos_escolas-01-400x268-1.jpg 400w\" sizes=\"(max-width: 640px) 100vw, 300px\" \/><\/a><\/span><\/div><\/div><\/div><div class=\"fusion-layout-column fusion_builder_column fusion-builder-column-5 fusion_builder_column_1_3 1_3 fusion-flex-column\" style=\"--awb-bg-size:cover;--awb-width-large:33.333333333333%;--awb-margin-top-large:0px;--awb-spacing-right-large:5.76%;--awb-margin-bottom-large:20px;--awb-spacing-left-large:5.76%;--awb-width-medium:33.333333333333%;--awb-order-medium:0;--awb-spacing-right-medium:5.76%;--awb-spacing-left-medium:5.76%;--awb-width-small:100%;--awb-order-small:0;--awb-spacing-right-small:1.92%;--awb-spacing-left-small:1.92%;\"><div class=\"fusion-column-wrapper fusion-column-has-shadow fusion-flex-justify-content-flex-start fusion-content-layout-column\"><div class=\"fusion-image-element \" style=\"text-align:center;--awb-caption-title-font-family:var(--h2_typography-font-family);--awb-caption-title-font-weight:var(--h2_typography-font-weight);--awb-caption-title-font-style:var(--h2_typography-font-style);--awb-caption-title-size:var(--h2_typography-font-size);--awb-caption-title-transform:var(--h2_typography-text-transform);--awb-caption-title-line-height:var(--h2_typography-line-height);--awb-caption-title-letter-spacing:var(--h2_typography-letter-spacing);\"><span class=\" fusion-imageframe imageframe-none imageframe-2 hover-type-none\"><a class=\"fusion-no-lightbox\" href=\"https:\/\/www.nel-amp.org\/\" target=\"_blank\" aria-label=\"logos_escolas-02-400&#215;268\" rel=\"noopener noreferrer\"><img decoding=\"async\" width=\"300\" height=\"201\" src=\"https:\/\/fapol.org\/wp-content\/uploads\/2025\/01\/logos_escolas-02-400x268-1-300x201.jpg\" alt class=\"img-responsive wp-image-6903\" srcset=\"https:\/\/fapol.org\/wp-content\/uploads\/2025\/01\/logos_escolas-02-400x268-1-200x134.jpg 200w, https:\/\/fapol.org\/wp-content\/uploads\/2025\/01\/logos_escolas-02-400x268-1.jpg 400w\" sizes=\"(max-width: 640px) 100vw, 300px\" \/><\/a><\/span><\/div><\/div><\/div><div class=\"fusion-layout-column fusion_builder_column fusion-builder-column-6 fusion_builder_column_1_3 1_3 fusion-flex-column\" style=\"--awb-bg-size:cover;--awb-width-large:33.333333333333%;--awb-margin-top-large:0px;--awb-spacing-right-large:5.76%;--awb-margin-bottom-large:20px;--awb-spacing-left-large:5.76%;--awb-width-medium:33.333333333333%;--awb-order-medium:0;--awb-spacing-right-medium:5.76%;--awb-spacing-left-medium:5.76%;--awb-width-small:100%;--awb-order-small:0;--awb-spacing-right-small:1.92%;--awb-spacing-left-small:1.92%;\"><div class=\"fusion-column-wrapper fusion-column-has-shadow fusion-flex-justify-content-flex-start fusion-content-layout-column\"><div class=\"fusion-image-element \" style=\"text-align:center;--awb-caption-title-font-family:var(--h2_typography-font-family);--awb-caption-title-font-weight:var(--h2_typography-font-weight);--awb-caption-title-font-style:var(--h2_typography-font-style);--awb-caption-title-size:var(--h2_typography-font-size);--awb-caption-title-transform:var(--h2_typography-text-transform);--awb-caption-title-line-height:var(--h2_typography-line-height);--awb-caption-title-letter-spacing:var(--h2_typography-letter-spacing);\"><span class=\" fusion-imageframe imageframe-none imageframe-3 hover-type-none\"><a class=\"fusion-no-lightbox\" href=\"https:\/\/eol.org.ar\/home.asp\" target=\"_blank\" aria-label=\"logos_escolas-03-400&#215;268\" rel=\"noopener noreferrer\"><img decoding=\"async\" width=\"300\" height=\"201\" src=\"https:\/\/fapol.org\/wp-content\/uploads\/2025\/01\/logos_escolas-03-400x268-1-300x201.jpg\" alt class=\"img-responsive wp-image-6905\" srcset=\"https:\/\/fapol.org\/wp-content\/uploads\/2025\/01\/logos_escolas-03-400x268-1-200x134.jpg 200w, https:\/\/fapol.org\/wp-content\/uploads\/2025\/01\/logos_escolas-03-400x268-1.jpg 400w\" sizes=\"(max-width: 640px) 100vw, 300px\" \/><\/a><\/span><\/div><\/div><\/div><\/div><\/div><div class=\"fusion-fullwidth fullwidth-box fusion-builder-row-4 fusion-flex-container has-pattern-background has-mask-background fusion-parallax-none nonhundred-percent-fullwidth non-hundred-percent-height-scrolling\" style=\"--awb-border-radius-top-left:0px;--awb-border-radius-top-right:0px;--awb-border-radius-bottom-right:0px;--awb-border-radius-bottom-left:0px;--awb-padding-top:30px;--awb-padding-right:20px;--awb-padding-bottom:30px;--awb-padding-left:20px;--awb-margin-top:0px;--awb-margin-bottom:0px;--awb-background-color:#bbbcbf;--awb-background-image:url(&quot;https:\/\/fapol.org\/wp-content\/uploads\/2024\/09\/3378871-01-300x100.jpg&quot;);--awb-background-size:cover;--awb-flex-wrap:wrap;\" ><div class=\"fusion-builder-row fusion-row fusion-flex-align-items-center fusion-flex-justify-content-center fusion-flex-content-wrap\" style=\"max-width:calc( 1200px + 20px );margin-left: calc(-20px \/ 2 );margin-right: calc(-20px \/ 2 );\"><div class=\"fusion-layout-column fusion_builder_column fusion-builder-column-7 fusion_builder_column_1_1 1_1 fusion-flex-column\" style=\"--awb-bg-size:cover;--awb-width-large:100%;--awb-margin-top-large:0px;--awb-spacing-right-large:10px;--awb-margin-bottom-large:20px;--awb-spacing-left-large:10px;--awb-width-medium:100%;--awb-order-medium:0;--awb-spacing-right-medium:10px;--awb-spacing-left-medium:10px;--awb-width-small:100%;--awb-order-small:0;--awb-spacing-right-small:10px;--awb-spacing-left-small:10px;\"><div class=\"fusion-column-wrapper fusion-column-has-shadow fusion-flex-justify-content-flex-start fusion-content-layout-column\"><div class=\"fusion-title title fusion-title-5 fusion-sep-none fusion-title-text fusion-title-size-three\"><h3 class=\"fusion-title-heading title-heading-left\" style=\"margin:0;\"><h4><span style=\"color: #ffffff;\">LINKS<\/span><\/h4><\/h3><\/div><\/div><\/div><div class=\"fusion-layout-column fusion_builder_column fusion-builder-column-8 fusion_builder_column_1_3 1_3 fusion-flex-column\" style=\"--awb-bg-size:cover;--awb-width-large:33.333333333333%;--awb-margin-top-large:0px;--awb-spacing-right-large:10px;--awb-margin-bottom-large:20px;--awb-spacing-left-large:10px;--awb-width-medium:33.333333333333%;--awb-order-medium:0;--awb-spacing-right-medium:10px;--awb-spacing-left-medium:10px;--awb-width-small:100%;--awb-order-small:0;--awb-spacing-right-small:10px;--awb-spacing-left-small:10px;\"><div class=\"fusion-column-wrapper fusion-column-has-shadow fusion-flex-justify-content-flex-start fusion-content-layout-column\"><div class=\"fusion-text fusion-text-5 fusion-text-no-margin\" style=\"--awb-text-color:#ffffff;\"><p>M\u00cdDIA<\/p>\n<\/div><div class=\"fusion-text fusion-text-6\" style=\"--awb-text-color:#ffffff;\"><ul id=\"menu-les-medias\" class=\"menu\">\n<li id=\"menu-item-5042\" class=\"menu-item menu-item-type-custom menu-item-object-custom menu-item-5042\"><span style=\"color: #ffffff;\"><a style=\"color: #ffffff;\" href=\"https:\/\/www.association-mondiale-psychanalyse.org\/#\" target=\"_blank\" rel=\"noopener\">AMP-Uqbar News<\/a><\/span><\/li>\n<li id=\"menu-item-5043\" class=\"menu-item menu-item-type-custom menu-item-object-custom menu-item-5043\"><span style=\"color: #ffffff;\"><a style=\"color: #ffffff;\" href=\"https:\/\/mondodispatch.com\/\" target=\"_blank\" rel=\"noopener\">Mond\u014d<\/a><\/span><\/li>\n<li id=\"menu-item-5044\" class=\"menu-item menu-item-type-custom menu-item-object-custom menu-item-5044\"><span style=\"color: #ffffff;\"><a style=\"color: #ffffff;\" href=\"https:\/\/uqbarwapol.com\/\" target=\"_blank\" rel=\"noopener\">AMP Blog<\/a><\/span><\/li>\n<li><span style=\"color: #ffffff;\"><a style=\"color: #ffffff;\" href=\"https:\/\/www.youtube.com\/@fapolamp6755\">Youtube FAPOL AMP<\/a><\/span><\/li>\n<li id=\"menu-item-5045\" class=\"menu-item menu-item-type-custom menu-item-object-custom menu-item-5045\"><span style=\"color: #ffffff;\"><a style=\"color: #ffffff;\" href=\"https:\/\/www.youtube.com\/@chaineamp6371\" target=\"_blank\" rel=\"noopener\">YouTube Canal AMP<\/a><\/span><\/li>\n<li id=\"menu-item-5046\" class=\"menu-item menu-item-type-custom menu-item-object-custom menu-item-5046\"><span style=\"color: #ffffff;\"><a style=\"color: #ffffff;\" href=\"https:\/\/www.radiolacan.com\/fr\/home\" target=\"_blank\" rel=\"noopener\">Radio Lacan<\/a><\/span><\/li>\n<\/ul>\n<\/div><\/div><\/div><div class=\"fusion-layout-column fusion_builder_column fusion-builder-column-9 fusion_builder_column_1_3 1_3 fusion-flex-column\" style=\"--awb-bg-size:cover;--awb-width-large:33.333333333333%;--awb-margin-top-large:0px;--awb-spacing-right-large:10px;--awb-margin-bottom-large:20px;--awb-spacing-left-large:10px;--awb-width-medium:33.333333333333%;--awb-order-medium:0;--awb-spacing-right-medium:10px;--awb-spacing-left-medium:10px;--awb-width-small:100%;--awb-order-small:0;--awb-spacing-right-small:10px;--awb-spacing-left-small:10px;\"><div class=\"fusion-column-wrapper fusion-column-has-shadow fusion-flex-justify-content-flex-start fusion-content-layout-column\"><div class=\"fusion-text fusion-text-7 fusion-text-no-margin\" style=\"--awb-text-color:rgba(255,255,255,0.98);\"><p><span style=\"color: #ffffff;\">OUTROS LINKS<\/span><\/p>\n<\/div><div class=\"fusion-text fusion-text-8\" style=\"--awb-text-color:#ffffff;\"><ul id=\"menu-les-medias\" class=\"menu\">\n<li id=\"menu-item-5048\" class=\"menu-item menu-item-type-custom menu-item-object-custom menu-item-5048\"><span style=\"color: #ffffff;\"><a style=\"color: #ffffff;\" href=\"https:\/\/lacanquotidien.fr\/\" target=\"_blank\" rel=\"noopener\">Lacan Quotidien<\/a><\/span><\/li>\n<li id=\"menu-item-5049\" class=\"menu-item menu-item-type-custom menu-item-object-custom menu-item-5049\"><span style=\"color: #ffffff;\"><a style=\"color: #ffffff;\" href=\"https:\/\/www.youtube.com\/c\/LacanWebT%C3%A9l%C3%A9vision\" target=\"_blank\" rel=\"noopener\">Lacan Web TV<\/a><\/span><\/li>\n<li id=\"menu-item-5050\" class=\"menu-item menu-item-type-custom menu-item-object-custom menu-item-5050\"><span style=\"color: #ffffff;\"><a style=\"color: #ffffff;\" href=\"https:\/\/www.youtube.com\/playlist?list=PLYgurvB5JxUhAR8Suk80feN2vQdP8uGmU\" target=\"_blank\" rel=\"noopener\">Miller TV<\/a><\/span><\/li>\n<li id=\"menu-item-5051\" class=\"menu-item menu-item-type-custom menu-item-object-custom menu-item-5051\"><span style=\"color: #ffffff;\"><a style=\"color: #ffffff;\" href=\"https:\/\/www.youtube.com\/playlist?list=PLYgurvB5JxUj5JO5mMCcjVMuFSMwPUHtX\" target=\"_blank\" rel=\"noopener\">Studio Lacan<\/a><\/span><\/li>\n<\/ul>\n<\/div><\/div><\/div><div class=\"fusion-layout-column fusion_builder_column fusion-builder-column-10 fusion_builder_column_1_3 1_3 fusion-flex-column\" style=\"--awb-bg-size:cover;--awb-width-large:33.333333333333%;--awb-margin-top-large:0px;--awb-spacing-right-large:10px;--awb-margin-bottom-large:20px;--awb-spacing-left-large:10px;--awb-width-medium:33.333333333333%;--awb-order-medium:0;--awb-spacing-right-medium:10px;--awb-spacing-left-medium:10px;--awb-width-small:100%;--awb-order-small:0;--awb-spacing-right-small:10px;--awb-spacing-left-small:10px;\"><div class=\"fusion-column-wrapper fusion-column-has-shadow fusion-flex-justify-content-flex-start fusion-content-layout-column\"><div class=\"fusion-text fusion-text-9 fusion-text-no-margin\"><p><span style=\"color: #ffffff;\">AQUI FAPOL<\/span><\/p>\n<\/div><div class=\"fusion-image-element \" style=\"text-align:center;--awb-caption-title-font-family:var(--h2_typography-font-family);--awb-caption-title-font-weight:var(--h2_typography-font-weight);--awb-caption-title-font-style:var(--h2_typography-font-style);--awb-caption-title-size:var(--h2_typography-font-size);--awb-caption-title-transform:var(--h2_typography-text-transform);--awb-caption-title-line-height:var(--h2_typography-line-height);--awb-caption-title-letter-spacing:var(--h2_typography-letter-spacing);\"><span class=\" fusion-imageframe imageframe-none imageframe-4 hover-type-none\"><a class=\"fusion-no-lightbox\" href=\"https:\/\/fapol.org\/aqui-fapol\/2\" target=\"_blank\" aria-label=\"logos_medias_new-01\" rel=\"noopener noreferrer\"><img decoding=\"async\" width=\"300\" height=\"111\" src=\"https:\/\/fapol.org\/wp-content\/uploads\/2024\/09\/logos_medias_new-01-300x111.png\" alt class=\"img-responsive wp-image-5421\" srcset=\"https:\/\/fapol.org\/wp-content\/uploads\/2024\/09\/logos_medias_new-01-200x74.png 200w, https:\/\/fapol.org\/wp-content\/uploads\/2024\/09\/logos_medias_new-01-400x148.png 400w, https:\/\/fapol.org\/wp-content\/uploads\/2024\/09\/logos_medias_new-01.png 459w\" sizes=\"(max-width: 640px) 100vw, 300px\" \/><\/a><\/span><\/div><div style=\"text-align:center;\"><a class=\"fusion-button button-flat fusion-button-default-size button-default fusion-button-default button-3 fusion-button-default-span fusion-button-default-type\" style=\"--button_margin-top:20px;\" target=\"_self\" href=\"http:\/\/eepurl.com\/itz7kI\"><span class=\"fusion-button-text\">Inscreva-se na lsita<\/span><\/a><\/div><\/div><\/div><\/div><\/div><\/p>\n","protected":false},"excerpt":{"rendered":"","protected":false},"author":3,"featured_media":0,"parent":0,"menu_order":0,"comment_status":"closed","ping_status":"closed","template":"100-width.php","meta":{"_monsterinsights_skip_tracking":false,"_monsterinsights_sitenote_active":false,"_monsterinsights_sitenote_note":"","_monsterinsights_sitenote_category":0,"footnotes":""},"class_list":["post-5997","page","type-page","status-publish","hentry"],"_links":{"self":[{"href":"https:\/\/fapol.org\/pt-br\/wp-json\/wp\/v2\/pages\/5997","targetHints":{"allow":["GET"]}}],"collection":[{"href":"https:\/\/fapol.org\/pt-br\/wp-json\/wp\/v2\/pages"}],"about":[{"href":"https:\/\/fapol.org\/pt-br\/wp-json\/wp\/v2\/types\/page"}],"author":[{"embeddable":true,"href":"https:\/\/fapol.org\/pt-br\/wp-json\/wp\/v2\/users\/3"}],"replies":[{"embeddable":true,"href":"https:\/\/fapol.org\/pt-br\/wp-json\/wp\/v2\/comments?post=5997"}],"version-history":[{"count":35,"href":"https:\/\/fapol.org\/pt-br\/wp-json\/wp\/v2\/pages\/5997\/revisions"}],"predecessor-version":[{"id":7349,"href":"https:\/\/fapol.org\/pt-br\/wp-json\/wp\/v2\/pages\/5997\/revisions\/7349"}],"wp:attachment":[{"href":"https:\/\/fapol.org\/pt-br\/wp-json\/wp\/v2\/media?parent=5997"}],"curies":[{"name":"wp","href":"https:\/\/api.w.org\/{rel}","templated":true}]}}