{"id":6031,"date":"2021-03-05T19:17:46","date_gmt":"2021-03-05T22:17:46","guid":{"rendered":"https:\/\/fapol.org\/observatorios\/"},"modified":"2025-03-23T07:40:29","modified_gmt":"2025-03-23T10:40:29","slug":"observatorios","status":"publish","type":"page","link":"https:\/\/fapol.org\/pt-br\/observatorios\/","title":{"rendered":"OBSERVAT\u00d3RIOS"},"content":{"rendered":"<div class=\"fusion-fullwidth fullwidth-box fusion-builder-row-1 fusion-flex-container nonhundred-percent-fullwidth non-hundred-percent-height-scrolling\" style=\"--awb-border-radius-top-left:0px;--awb-border-radius-top-right:0px;--awb-border-radius-bottom-right:0px;--awb-border-radius-bottom-left:0px;--awb-flex-wrap:wrap;\" ><div class=\"fusion-builder-row fusion-row fusion-flex-align-items-flex-start fusion-flex-content-wrap\" style=\"max-width:1248px;margin-left: calc(-4% \/ 2 );margin-right: calc(-4% \/ 2 );\"><div class=\"fusion-layout-column fusion_builder_column fusion-builder-column-0 fusion_builder_column_1_1 1_1 fusion-flex-column\" style=\"--awb-bg-size:cover;--awb-width-large:100%;--awb-margin-top-large:0px;--awb-spacing-right-large:1.92%;--awb-margin-bottom-large:20px;--awb-spacing-left-large:1.92%;--awb-width-medium:100%;--awb-order-medium:0;--awb-spacing-right-medium:1.92%;--awb-spacing-left-medium:1.92%;--awb-width-small:100%;--awb-order-small:0;--awb-spacing-right-small:1.92%;--awb-spacing-left-small:1.92%;\"><div class=\"fusion-column-wrapper fusion-column-has-shadow fusion-flex-justify-content-flex-start fusion-content-layout-column\"><div class=\"fusion-text fusion-text-1\"><p style=\"text-align: justify;\">Os Observat\u00f3rios da FAPOL foram concebidos para observar, ler e elucidar, com antenas anal\u00edticas, os acontecimentos e discursos que d\u00e3o forma \u00e0s problem\u00e1ticas chaves da atualidade, quest\u00f5es de sociedade, que repercutem na experi\u00eancia anal\u00edtica e em sua oferta, nos diversos contextos nos quais os psicanalistas da orienta\u00e7\u00e3o lacaniana desenvolvem sua pr\u00e1tica na Am\u00e9rica Latina. O esfor\u00e7o do Observat\u00f3rio se inscreve na linha da A\u00e7\u00e3o Lacaniana que concerne \u00e0s Escolas face \u00e0 complexidade da \u00e9poca contempor\u00e2nea, que em suas m\u00faltiplas facetas afeta as subjetividades, os corpos e os la\u00e7os sociais.<\/p>\n<\/div><div style=\"text-align:center;\"><a class=\"fusion-button button-flat fusion-button-default-size button-default fusion-button-default button-1 fusion-button-default-span fusion-button-default-type\" target=\"_blank\" rel=\"noopener noreferrer\" href=\"https:\/\/fapol.org\/wp-content\/uploads\/2025\/03\/La-materia-del-observatorio-FAPOL.pdf\"><span class=\"fusion-button-text\">A mate\u0301ria do observato\u0301rio da FAPOL<\/span><\/a><\/div><\/div><\/div><\/div><\/div>\n","protected":false},"excerpt":{"rendered":"","protected":false},"author":3,"featured_media":0,"parent":0,"menu_order":2,"comment_status":"closed","ping_status":"closed","template":"","meta":{"_monsterinsights_skip_tracking":false,"_monsterinsights_sitenote_active":false,"_monsterinsights_sitenote_note":"","_monsterinsights_sitenote_category":0,"footnotes":""},"class_list":["post-6031","page","type-page","status-publish","hentry"],"_links":{"self":[{"href":"https:\/\/fapol.org\/pt-br\/wp-json\/wp\/v2\/pages\/6031","targetHints":{"allow":["GET"]}}],"collection":[{"href":"https:\/\/fapol.org\/pt-br\/wp-json\/wp\/v2\/pages"}],"about":[{"href":"https:\/\/fapol.org\/pt-br\/wp-json\/wp\/v2\/types\/page"}],"author":[{"embeddable":true,"href":"https:\/\/fapol.org\/pt-br\/wp-json\/wp\/v2\/users\/3"}],"replies":[{"embeddable":true,"href":"https:\/\/fapol.org\/pt-br\/wp-json\/wp\/v2\/comments?post=6031"}],"version-history":[{"count":5,"href":"https:\/\/fapol.org\/pt-br\/wp-json\/wp\/v2\/pages\/6031\/revisions"}],"predecessor-version":[{"id":7232,"href":"https:\/\/fapol.org\/pt-br\/wp-json\/wp\/v2\/pages\/6031\/revisions\/7232"}],"wp:attachment":[{"href":"https:\/\/fapol.org\/pt-br\/wp-json\/wp\/v2\/media?parent=6031"}],"curies":[{"name":"wp","href":"https:\/\/api.w.org\/{rel}","templated":true}]}}