{"id":6051,"date":"2021-03-07T23:17:25","date_gmt":"2021-03-08T02:17:25","guid":{"rendered":"https:\/\/fapol.org\/observatorios\/legislacion-derechos-subjetividades-contemporaneas-y-el-psicoanalisis\/"},"modified":"2024-12-14T08:56:06","modified_gmt":"2024-12-14T11:56:06","slug":"legislacao-direitos-subjetividades-contemporaneas-e-a-psicanalise","status":"publish","type":"page","link":"https:\/\/fapol.org\/pt-br\/observatorios\/legislacao-direitos-subjetividades-contemporaneas-e-a-psicanalise\/","title":{"rendered":"Legisla\u00e7\u00e3o, Direitos, Subjetividades contempor\u00e2neas e a psican\u00e1lise"},"content":{"rendered":"<p><div class=\"fusion-fullwidth fullwidth-box fusion-builder-row-1 fusion-flex-container nonhundred-percent-fullwidth non-hundred-percent-height-scrolling\" style=\"--awb-border-radius-top-left:0px;--awb-border-radius-top-right:0px;--awb-border-radius-bottom-right:0px;--awb-border-radius-bottom-left:0px;--awb-flex-wrap:wrap;\" ><div class=\"fusion-builder-row fusion-row fusion-flex-align-items-flex-start fusion-flex-content-wrap\" style=\"max-width:1248px;margin-left: calc(-4% \/ 2 );margin-right: calc(-4% \/ 2 );\"><div class=\"fusion-layout-column fusion_builder_column fusion-builder-column-0 fusion_builder_column_1_1 1_1 fusion-flex-column\" style=\"--awb-bg-size:cover;--awb-width-large:100%;--awb-margin-top-large:0px;--awb-spacing-right-large:1.92%;--awb-margin-bottom-large:20px;--awb-spacing-left-large:1.92%;--awb-width-medium:100%;--awb-order-medium:0;--awb-spacing-right-medium:1.92%;--awb-spacing-left-medium:1.92%;--awb-width-small:100%;--awb-order-small:0;--awb-spacing-right-small:1.92%;--awb-spacing-left-small:1.92%;\"><div class=\"fusion-column-wrapper fusion-column-has-shadow fusion-flex-justify-content-flex-start fusion-content-layout-column\"><div class=\"fusion-video fusion-youtube\" style=\"--awb-max-width:800px;--awb-max-height:450px;--awb-align-self:center;--awb-width:100%;\"><div class=\"video-shortcode\"><div class=\"fluid-width-video-wrapper\" style=\"padding-top:56.25%;\" ><iframe title=\"YouTube video player 1\" src=\"https:\/\/www.youtube.com\/embed\/Sky6RMaVzYI?wmode=transparent&autoplay=0\" width=\"800\" height=\"450\" allowfullscreen allow=\"autoplay; fullscreen\"><\/iframe><\/div><\/div><\/div><\/div><\/div><\/div><\/div><div class=\"fusion-fullwidth fullwidth-box fusion-builder-row-2 fusion-flex-container nonhundred-percent-fullwidth non-hundred-percent-height-scrolling\" style=\"--awb-border-radius-top-left:0px;--awb-border-radius-top-right:0px;--awb-border-radius-bottom-right:0px;--awb-border-radius-bottom-left:0px;--awb-flex-wrap:wrap;\" ><div class=\"fusion-builder-row fusion-row fusion-flex-align-items-flex-start fusion-flex-content-wrap\" style=\"max-width:1248px;margin-left: calc(-4% \/ 2 );margin-right: calc(-4% \/ 2 );\"><div class=\"fusion-layout-column fusion_builder_column fusion-builder-column-1 fusion_builder_column_1_1 1_1 fusion-flex-column\" style=\"--awb-bg-size:cover;--awb-width-large:100%;--awb-margin-top-large:0px;--awb-spacing-right-large:1.92%;--awb-margin-bottom-large:20px;--awb-spacing-left-large:1.92%;--awb-width-medium:100%;--awb-order-medium:0;--awb-spacing-right-medium:1.92%;--awb-spacing-left-medium:1.92%;--awb-width-small:100%;--awb-order-small:0;--awb-spacing-right-small:1.92%;--awb-spacing-left-small:1.92%;\"><div class=\"fusion-column-wrapper fusion-column-has-shadow fusion-flex-justify-content-flex-start fusion-content-layout-column\"><div class=\"fusion-text fusion-text-1\"><p style=\"text-align: justify;\">Este observat\u00f3rio tem como objetivo localizar e investigar as tens\u00f5es sociais que indicam o surgimento de novas subjetividades, as mesmas que, eventualmente, impactam nos direitos ou s\u00e3o reconhecidas pelas legisla\u00e7\u00f5es. Trata-se de construir uma leitura psicanal\u00edtica que permita localizar as coordenadas dos conflitos e as consequ\u00eancias subjetivas poss\u00edveis, para construir um la\u00e7o transferencial que permita introduzir uma opini\u00e3o esclarecida no Outro social.<\/p>\n<\/div><\/div><\/div><\/div><\/div><div class=\"fusion-fullwidth fullwidth-box fusion-builder-row-3 fusion-flex-container nonhundred-percent-fullwidth non-hundred-percent-height-scrolling\" style=\"--awb-border-radius-top-left:0px;--awb-border-radius-top-right:0px;--awb-border-radius-bottom-right:0px;--awb-border-radius-bottom-left:0px;--awb-flex-wrap:wrap;\" ><div class=\"fusion-builder-row fusion-row fusion-flex-align-items-stretch fusion-flex-content-wrap\" style=\"max-width:1248px;margin-left: calc(-4% \/ 2 );margin-right: calc(-4% \/ 2 );\"><div class=\"fusion-layout-column fusion_builder_column fusion-builder-column-2 fusion_builder_column_1_1 1_1 fusion-flex-column\" style=\"--awb-bg-size:cover;--awb-width-large:100%;--awb-margin-top-large:0px;--awb-spacing-right-large:1.92%;--awb-margin-bottom-large:20px;--awb-spacing-left-large:1.92%;--awb-width-medium:100%;--awb-order-medium:0;--awb-spacing-right-medium:1.92%;--awb-spacing-left-medium:1.92%;--awb-width-small:100%;--awb-order-small:0;--awb-spacing-right-small:1.92%;--awb-spacing-left-small:1.92%;\"><div class=\"fusion-column-wrapper fusion-column-has-shadow fusion-flex-justify-content-flex-start fusion-content-layout-column\"><div class=\"fusion-content-boxes content-boxes columns row fusion-columns-1 fusion-columns-total-3 fusion-content-boxes-1 content-boxes-icon-on-side content-left cbobservatorio1EBP\" style=\"--awb-hover-accent-color:#fc5079;--awb-circle-hover-accent-color:#fc5079;--awb-item-margin-bottom:40px;\" id=\"cbobservatorio1EBP\" data-animationOffset=\"top-into-view\"><div style=\"--awb-backgroundcolor:#ffffff;--awb-content-padding-left:68px;\" class=\"fusion-column content-box-column content-box-column content-box-column-1 col-lg-12 col-md-12 col-sm-12 fusion-content-box-hover content-box-column-last-in-row\"><div class=\"col content-box-wrapper content-wrapper-background link-area-link-icon content-icon-wrapper-yes icon-wrapper-hover-animation-pulsate fusion-animated\" data-animationType=\"fadeInDown\" data-animationDuration=\"1.0\" data-animationOffset=\"top-into-view\"><div class=\"heading heading-with-icon icon-left\"><div class=\"icon\"><span style=\"height:46px;width:46px;line-height:24px;border-color:rgba(255,255,255,0);border-width:1px;border-style:solid;background-color:#fc5079;margin-right:20px;box-sizing:content-box;border-radius:50%;\"><i style=\"border-color:#fc5079;border-width:1px;background-color:#fc5079;box-sizing:content-box;height:44px;width:44px;line-height:44px;border-radius:50%;position:relative;top:auto;left:auto;margin:0;border-radius:50%;font-size:22px;\" aria-hidden=\"true\" class=\"fontawesome-icon fa-users fas circle-yes\"><\/i><\/span><\/div><h2 class=\"content-box-heading\" style=\"--h2_typography-font-size:20px;line-height:25px;padding-left:68px;\">EBP<\/h2><\/div><div class=\"fusion-clearfix\"><\/div><div class=\"content-container\">\n<p style=\"text-align: justify;\"><strong>Coordenador<\/strong>: Luis Francisco Camargo<\/p>\n<p style=\"text-align: justify;\"><strong>Equipe de Trabalho<\/strong>: Cristiano Alves Pimenta, Jos\u00e9 Carlos Lapenda Figueiroa, Sergio Cordeiro de Mattos, Maria da Gl\u00f3ria Rocha Maron, Jaqueline Coelho, Giovanna Quaglia e Adriana Rodrigues.<\/p>\n<\/div><\/div><\/div><div style=\"--awb-backgroundcolor:#ffffff;--awb-content-padding-left:68px;\" class=\"fusion-column content-box-column content-box-column content-box-column-2 col-lg-12 col-md-12 col-sm-12 fusion-content-box-hover content-box-column-last-in-row\"><div class=\"col content-box-wrapper content-wrapper-background link-area-link-icon content-icon-wrapper-yes icon-wrapper-hover-animation-pulsate fusion-animated\" data-animationType=\"fadeInDown\" data-animationDuration=\"1.0\" data-animationOffset=\"top-into-view\"><div class=\"heading heading-with-icon icon-left\"><div class=\"icon\"><span style=\"height:46px;width:46px;line-height:24px;border-color:rgba(255,255,255,0);border-width:1px;border-style:solid;background-color:#fc5079;margin-right:20px;box-sizing:content-box;border-radius:50%;\"><i style=\"border-color:#fc5079;border-width:1px;background-color:#fc5079;box-sizing:content-box;height:44px;width:44px;line-height:44px;border-radius:50%;position:relative;top:auto;left:auto;margin:0;border-radius:50%;font-size:22px;\" aria-hidden=\"true\" class=\"fontawesome-icon fa-users fas circle-yes\"><\/i><\/span><\/div><h2 class=\"content-box-heading\" style=\"--h2_typography-font-size:20px;line-height:25px;padding-left:68px;\">EOL<\/h2><\/div><div class=\"fusion-clearfix\"><\/div><div class=\"content-container\">\n<p style=\"text-align: justify;\"><strong>Coordenador<\/strong>: Alicia Yacoy<\/p>\n<p style=\"text-align: justify;\"><strong>Equipe de Trabalho<\/strong>: Acevedo Leticia, Belaga Guillermo, Bauer Cecilia, Candiotti Camila, Castresana Daniela, Crivelli Alejandra, De Luca Silvia, Duer Jacinta, Greiser Irene, Jacquemard Evangelina, Malg\u00e1 Mercedes, Pastorella Valeria, Salvareza, Su\u00e1rez L\u00f3pez Paula, Silvia, Vigil Mendoza Bel\u00e9n, Yacoi Alicia (Responsable)<\/p>\n<\/div><\/div><\/div><div style=\"--awb-backgroundcolor:#ffffff;--awb-content-padding-left:68px;\" class=\"fusion-column content-box-column content-box-column content-box-column-3 col-lg-12 col-md-12 col-sm-12 fusion-content-box-hover content-box-column-last content-box-column-last-in-row\"><div class=\"col content-box-wrapper content-wrapper-background link-area-link-icon content-icon-wrapper-yes icon-wrapper-hover-animation-pulsate fusion-animated\" data-animationType=\"fadeInDown\" data-animationDuration=\"1.0\" data-animationOffset=\"top-into-view\"><div class=\"heading heading-with-icon icon-left\"><div class=\"icon\"><span style=\"height:46px;width:46px;line-height:24px;border-color:rgba(255,255,255,0);border-width:1px;border-style:solid;background-color:#fc5079;margin-right:20px;box-sizing:content-box;border-radius:50%;\"><i style=\"border-color:#fc5079;border-width:1px;background-color:#fc5079;box-sizing:content-box;height:44px;width:44px;line-height:44px;border-radius:50%;position:relative;top:auto;left:auto;margin:0;border-radius:50%;font-size:22px;\" aria-hidden=\"true\" class=\"fontawesome-icon fa-users fas circle-yes\"><\/i><\/span><\/div><h2 class=\"content-box-heading\" style=\"--h2_typography-font-size:20px;line-height:25px;padding-left:68px;\">NEL<\/h2><\/div><div class=\"fusion-clearfix\"><\/div><div class=\"content-container\">\n<p style=\"text-align: justify;\"><strong>Coordenador<\/strong>: Marita Hamann<\/p>\n<p style=\"text-align: justify;\"><strong>Equipe de Trabalho<\/strong>: Javier Baca, Anna L\u00eda Barandiar\u00e1n, Laura Benetti, Angela Fisher, Fernanda G\u00f3mez de la Torre, Luis L\u00f3pez Espinoza, Yovana P\u00e9rez, Jessica Jara de Aguirre, Ivonne Espinoza, Carlos Quezada, Mar\u00eda Beatriz Paredes, Marco Guti\u00e9rrez, Carlos Cabrera, Mauricio Orrala, Ver\u00f3nica Esteves, Carolina D\u00edaz, Andrea Robles, Emanuel Calder\u00f3n, Patricio Moreno Parra, Alejandra Hornos, Fabiana Chirino, Maggie Jauregui, Tania Aramburo, \u00a0Joaqu\u00edn Carrasco, Rosa Lagos, Marcela Gonz\u00e1lez, Daniela Ansaldo, Camila Berr\u00edos.<\/p>\n<\/div><\/div><\/div><div class=\"fusion-clearfix\"><\/div><\/div><\/div><\/div><\/div><\/div><\/p>\n","protected":false},"excerpt":{"rendered":"","protected":false},"author":3,"featured_media":0,"parent":6031,"menu_order":2,"comment_status":"closed","ping_status":"closed","template":"","meta":{"_monsterinsights_skip_tracking":false,"_monsterinsights_sitenote_active":false,"_monsterinsights_sitenote_note":"","_monsterinsights_sitenote_category":0,"footnotes":""},"class_list":["post-6051","page","type-page","status-publish","hentry"],"_links":{"self":[{"href":"https:\/\/fapol.org\/pt-br\/wp-json\/wp\/v2\/pages\/6051","targetHints":{"allow":["GET"]}}],"collection":[{"href":"https:\/\/fapol.org\/pt-br\/wp-json\/wp\/v2\/pages"}],"about":[{"href":"https:\/\/fapol.org\/pt-br\/wp-json\/wp\/v2\/types\/page"}],"author":[{"embeddable":true,"href":"https:\/\/fapol.org\/pt-br\/wp-json\/wp\/v2\/users\/3"}],"replies":[{"embeddable":true,"href":"https:\/\/fapol.org\/pt-br\/wp-json\/wp\/v2\/comments?post=6051"}],"version-history":[{"count":3,"href":"https:\/\/fapol.org\/pt-br\/wp-json\/wp\/v2\/pages\/6051\/revisions"}],"predecessor-version":[{"id":6058,"href":"https:\/\/fapol.org\/pt-br\/wp-json\/wp\/v2\/pages\/6051\/revisions\/6058"}],"up":[{"embeddable":true,"href":"https:\/\/fapol.org\/pt-br\/wp-json\/wp\/v2\/pages\/6031"}],"wp:attachment":[{"href":"https:\/\/fapol.org\/pt-br\/wp-json\/wp\/v2\/media?parent=6051"}],"curies":[{"name":"wp","href":"https:\/\/api.w.org\/{rel}","templated":true}]}}