{"id":6054,"date":"2021-03-21T21:05:47","date_gmt":"2021-03-22T00:05:47","guid":{"rendered":"https:\/\/fapol.org\/observatorios\/legislacion-derechos-subjetividades-contemporaneas-y-el-psicoanalisis\/articulos\/"},"modified":"2024-12-14T08:56:49","modified_gmt":"2024-12-14T11:56:49","slug":"artigos","status":"publish","type":"page","link":"https:\/\/fapol.org\/pt-br\/observatorios\/legislacao-direitos-subjetividades-contemporaneas-e-a-psicanalise\/artigos\/","title":{"rendered":"Artigos"},"content":{"rendered":"<div class=\"fusion-fullwidth fullwidth-box fusion-builder-row-1 fusion-flex-container nonhundred-percent-fullwidth non-hundred-percent-height-scrolling\" style=\"--awb-border-radius-top-left:0px;--awb-border-radius-top-right:0px;--awb-border-radius-bottom-right:0px;--awb-border-radius-bottom-left:0px;--awb-flex-wrap:wrap;\" ><div class=\"fusion-builder-row fusion-row fusion-flex-align-items-flex-start fusion-flex-content-wrap\" style=\"max-width:1248px;margin-left: calc(-4% \/ 2 );margin-right: calc(-4% \/ 2 );\"><div class=\"fusion-layout-column fusion_builder_column fusion-builder-column-0 fusion_builder_column_1_1 1_1 fusion-flex-column\" style=\"--awb-bg-size:cover;--awb-width-large:100%;--awb-margin-top-large:0px;--awb-spacing-right-large:1.92%;--awb-margin-bottom-large:20px;--awb-spacing-left-large:1.92%;--awb-width-medium:100%;--awb-order-medium:0;--awb-spacing-right-medium:1.92%;--awb-spacing-left-medium:1.92%;--awb-width-small:100%;--awb-order-small:0;--awb-spacing-right-small:1.92%;--awb-spacing-left-small:1.92%;\"><div class=\"fusion-column-wrapper fusion-column-has-shadow fusion-flex-justify-content-flex-start fusion-content-layout-column\"><style type=\"text\/css\">.fusion-portfolio-wrapper#fusion-portfolio-1 .fusion-portfolio-content{ padding: 25px 25px 25px 25px; text-align: left; }<\/style><div class=\"fusion-recent-works fusion-portfolio-element fusion-portfolio fusion-portfolio-1 fusion-portfolio-grid fusion-portfolio-paging-load-more-button fusion-portfolio-two fusion-portfolio-boxed fusion-portfolio-text fusion-portfolio-equal-heights fusion-portfolio-rollover fusion-animated\" data-id=\"-rw-1\" data-columns=\"two\" data-animationType=\"slideInUp\" data-animationDuration=\"1.2\" data-animationOffset=\"top-into-view\"><style type=\"text\/css\">.fusion-portfolio-1 .fusion-portfolio-wrapper .fusion-col-spacing{padding:10px;}<\/style><div class=\"fusion-portfolio-wrapper\" id=\"fusion-portfolio-1\" data-picturesize=\"fixed\" data-pages=\"1\" style=\"margin:-10px;\"><article id=\"portfolio-1-post-6391\" class=\"fusion-portfolio-post articulos-legislacion-pt-br legislacion-pt-br observatorios-pt-br fusion-col-spacing post-6391\"><div class=\"fusion-portfolio-content-wrapper\" style=\"border:1px solid #ffffff;border-bottom-width:3px;background-color:rgba(255,255,255,1);\"><span class=\"vcard rich-snippet-hidden\"><span class=\"fn\"><a href=\"https:\/\/fapol.org\/pt-br\/blog\/author\/gonzalozabala\/\" title=\"Posts de gonzalozabala\" rel=\"author\">gonzalozabala<\/a><\/span><\/span><span class=\"updated rich-snippet-hidden\">2021-08-30T14:42:21-03:00<\/span><div  class=\"fusion-image-wrapper fusion-image-size-fixed\" aria-haspopup=\"true\">\n\t\t\t\t<img decoding=\"async\" width=\"460\" height=\"295\" src=\"https:\/\/fapol.org\/wp-content\/uploads\/2021\/08\/ARAMBURO-Breve-recorrido-de-una-experiencia-psicoanalitica-460x295.jpg\" class=\"attachment-portfolio-two size-portfolio-two wp-post-image\" alt=\"\" \/><div class=\"fusion-rollover\">\n\t<div class=\"fusion-rollover-content\">\n\n\t\t\t\t\t\t\t\t\t\t\t\t\t\t<a class=\"fusion-rollover-link\" href=\"https:\/\/fapol.org\/pt-br\/blog\/portfolio-items\/breve-recorrido-de-una-experiencia-psicoanalitica-en-instituciones-juridicas-en-cochabamba-bolivia\/?portfolioCats=115\">Breve recorrido de una experiencia psicoanal\u00edtica en instituciones jur\u00eddicas en Cochabamba, Bolivia<\/a>\n\t\t\t\n\t\t\t\t\t\t\t\t\n\t\t\n\t\t\t\t\t\t\t\t\n\t\t\t\t\t\t\t\t\n\t\t\n\t\t\t\t\t\t<a class=\"fusion-link-wrapper\" href=\"https:\/\/fapol.org\/pt-br\/blog\/portfolio-items\/breve-recorrido-de-una-experiencia-psicoanalitica-en-instituciones-juridicas-en-cochabamba-bolivia\/?portfolioCats=115\" aria-label=\"Breve recorrido de una experiencia psicoanal\u00edtica en instituciones jur\u00eddicas en Cochabamba, Bolivia\"><\/a>\n\t<\/div>\n<\/div>\n<\/div>\n<div class=\"fusion-portfolio-content\" style=\"background-color:rgba(255,255,255,1);\"><h2 class=\"entry-title fusion-post-title\"><a href=\"https:\/\/fapol.org\/pt-br\/blog\/portfolio-items\/breve-recorrido-de-una-experiencia-psicoanalitica-en-instituciones-juridicas-en-cochabamba-bolivia\/?portfolioCats=115\">Breve recorrido de una experiencia psicoanal\u00edtica en instituciones jur\u00eddicas en Cochabamba, Bolivia<\/a><\/h2><div class=\"fusion-content-sep sep-double sep-solid\" style=\"border-color:#e2e2e2;\"><\/div><div class=\"fusion-post-content\"><p>Tania Aramburo<\/p><\/div><\/div><\/div><\/article><article id=\"portfolio-1-post-6513\" class=\"fusion-portfolio-post articulos-legislacion-pt-br legislacion-pt-br observatorios-pt-br fusion-col-spacing post-6513\"><div class=\"fusion-portfolio-content-wrapper\" style=\"border:1px solid #ffffff;border-bottom-width:3px;background-color:rgba(255,255,255,1);\"><span class=\"vcard rich-snippet-hidden\"><span class=\"fn\"><a href=\"https:\/\/fapol.org\/pt-br\/blog\/author\/gonzalozabala\/\" title=\"Posts de gonzalozabala\" rel=\"author\">gonzalozabala<\/a><\/span><\/span><span class=\"updated rich-snippet-hidden\">2021-04-10T01:43:38-03:00<\/span><div  class=\"fusion-image-wrapper fusion-image-size-fixed\" aria-haspopup=\"true\">\n\t\t\t\t<img decoding=\"async\" width=\"460\" height=\"295\" src=\"https:\/\/fapol.org\/wp-content\/uploads\/2021\/04\/HAMMAN-Sobre-la-posicion-de-los-observatorios-460x295.jpg\" class=\"attachment-portfolio-two size-portfolio-two wp-post-image\" alt=\"\" \/><div class=\"fusion-rollover\">\n\t<div class=\"fusion-rollover-content\">\n\n\t\t\t\t\t\t\t\t\t\t\t\t\t\t<a class=\"fusion-rollover-link\" href=\"https:\/\/fapol.org\/pt-br\/blog\/portfolio-items\/sobre-la-posicion-de-los-observatorios\/?portfolioCats=115\">Sobre la posici\u00f3n de los observatorios<\/a>\n\t\t\t\n\t\t\t\t\t\t\t\t\n\t\t\n\t\t\t\t\t\t\t\t\n\t\t\t\t\t\t\t\t\n\t\t\n\t\t\t\t\t\t<a class=\"fusion-link-wrapper\" href=\"https:\/\/fapol.org\/pt-br\/blog\/portfolio-items\/sobre-la-posicion-de-los-observatorios\/?portfolioCats=115\" aria-label=\"Sobre la posici\u00f3n de los observatorios\"><\/a>\n\t<\/div>\n<\/div>\n<\/div>\n<div class=\"fusion-portfolio-content\" style=\"background-color:rgba(255,255,255,1);\"><h2 class=\"entry-title fusion-post-title\"><a href=\"https:\/\/fapol.org\/pt-br\/blog\/portfolio-items\/sobre-la-posicion-de-los-observatorios\/?portfolioCats=115\">Sobre la posici\u00f3n de los observatorios<\/a><\/h2><div class=\"fusion-content-sep sep-double sep-solid\" style=\"border-color:#e2e2e2;\"><\/div><div class=\"fusion-post-content\"><p>Por Marita Hamman<\/p><\/div><\/div><\/div><\/article><article id=\"portfolio-1-post-6521\" class=\"fusion-portfolio-post articulos-legislacion-pt-br legislacion-pt-br observatorios-pt-br fusion-col-spacing post-6521\"><div class=\"fusion-portfolio-content-wrapper\" style=\"border:1px solid #ffffff;border-bottom-width:3px;background-color:rgba(255,255,255,1);\"><span class=\"vcard rich-snippet-hidden\"><span class=\"fn\"><a href=\"https:\/\/fapol.org\/pt-br\/blog\/author\/gonzalozabala\/\" title=\"Posts de gonzalozabala\" rel=\"author\">gonzalozabala<\/a><\/span><\/span><span class=\"updated rich-snippet-hidden\">2021-04-09T01:50:18-03:00<\/span><div  class=\"fusion-image-wrapper fusion-image-size-fixed\" aria-haspopup=\"true\">\n\t\t\t\t<img decoding=\"async\" width=\"460\" height=\"295\" src=\"https:\/\/fapol.org\/wp-content\/uploads\/2021\/04\/YACOI-La-fertilizacion-y-el-amor-propio-460x295.jpg\" class=\"attachment-portfolio-two size-portfolio-two wp-post-image\" alt=\"\" \/><div class=\"fusion-rollover\">\n\t<div class=\"fusion-rollover-content\">\n\n\t\t\t\t\t\t\t\t\t\t\t\t\t\t<a class=\"fusion-rollover-link\" href=\"https:\/\/fapol.org\/pt-br\/blog\/portfolio-items\/la-fertilizacion-y-el-amor-propio\/?portfolioCats=115\">La fertilizaci\u00f3n y el amor propio<\/a>\n\t\t\t\n\t\t\t\t\t\t\t\t\n\t\t\n\t\t\t\t\t\t\t\t\n\t\t\t\t\t\t\t\t\n\t\t\n\t\t\t\t\t\t<a class=\"fusion-link-wrapper\" href=\"https:\/\/fapol.org\/pt-br\/blog\/portfolio-items\/la-fertilizacion-y-el-amor-propio\/?portfolioCats=115\" aria-label=\"La fertilizaci\u00f3n y el amor propio\"><\/a>\n\t<\/div>\n<\/div>\n<\/div>\n<div class=\"fusion-portfolio-content\" style=\"background-color:rgba(255,255,255,1);\"><h2 class=\"entry-title fusion-post-title\"><a href=\"https:\/\/fapol.org\/pt-br\/blog\/portfolio-items\/la-fertilizacion-y-el-amor-propio\/?portfolioCats=115\">La fertilizaci\u00f3n y el amor propio<\/a><\/h2><div class=\"fusion-content-sep sep-double sep-solid\" style=\"border-color:#e2e2e2;\"><\/div><div class=\"fusion-post-content\"><p>Por Alicia Yacoi<\/p><\/div><\/div><\/div><\/article><article id=\"portfolio-1-post-6522\" class=\"fusion-portfolio-post articulos-legislacion-pt-br legislacion-pt-br observatorios-pt-br fusion-col-spacing post-6522\"><div class=\"fusion-portfolio-content-wrapper\" style=\"border:1px solid #ffffff;border-bottom-width:3px;background-color:rgba(255,255,255,1);\"><span class=\"vcard rich-snippet-hidden\"><span class=\"fn\"><a href=\"https:\/\/fapol.org\/pt-br\/blog\/author\/gonzalozabala\/\" title=\"Posts de gonzalozabala\" rel=\"author\">gonzalozabala<\/a><\/span><\/span><span class=\"updated rich-snippet-hidden\">2021-04-09T01:46:06-03:00<\/span><div  class=\"fusion-image-wrapper fusion-image-size-fixed\" aria-haspopup=\"true\">\n\t\t\t\t<img decoding=\"async\" width=\"460\" height=\"295\" src=\"https:\/\/fapol.org\/wp-content\/uploads\/2021\/04\/ESPINDOLA-Os-observatorios-como-pele-460x295.jpg\" class=\"attachment-portfolio-two size-portfolio-two wp-post-image\" alt=\"\" \/><div class=\"fusion-rollover\">\n\t<div class=\"fusion-rollover-content\">\n\n\t\t\t\t\t\t\t\t\t\t\t\t\t\t<a class=\"fusion-rollover-link\" href=\"https:\/\/fapol.org\/pt-br\/blog\/portfolio-items\/os-observatorios-como-pele\/?portfolioCats=115\">Os observat\u00f3rios como pele<\/a>\n\t\t\t\n\t\t\t\t\t\t\t\t\n\t\t\n\t\t\t\t\t\t\t\t\n\t\t\t\t\t\t\t\t\n\t\t\n\t\t\t\t\t\t<a class=\"fusion-link-wrapper\" href=\"https:\/\/fapol.org\/pt-br\/blog\/portfolio-items\/os-observatorios-como-pele\/?portfolioCats=115\" aria-label=\"Os observat\u00f3rios como pele\"><\/a>\n\t<\/div>\n<\/div>\n<\/div>\n<div class=\"fusion-portfolio-content\" style=\"background-color:rgba(255,255,255,1);\"><h2 class=\"entry-title fusion-post-title\"><a href=\"https:\/\/fapol.org\/pt-br\/blog\/portfolio-items\/os-observatorios-como-pele\/?portfolioCats=115\">Os observat\u00f3rios como pele<\/a><\/h2><div class=\"fusion-content-sep sep-double sep-solid\" style=\"border-color:#e2e2e2;\"><\/div><div class=\"fusion-post-content\"><p>Por Luis Francisco Esp\u00edndola Camargo<\/p><\/div><\/div><\/div><\/article><article id=\"portfolio-1-post-6554\" class=\"fusion-portfolio-post articulos-legislacion-pt-br legislacion-pt-br observatorios-pt-br fusion-col-spacing post-6554\"><div class=\"fusion-portfolio-content-wrapper\" style=\"border:1px solid #ffffff;border-bottom-width:3px;background-color:rgba(255,255,255,1);\"><span class=\"vcard rich-snippet-hidden\"><span class=\"fn\"><a href=\"https:\/\/fapol.org\/pt-br\/blog\/author\/gonzalozabala\/\" title=\"Posts de gonzalozabala\" rel=\"author\">gonzalozabala<\/a><\/span><\/span><span class=\"updated rich-snippet-hidden\">2019-12-06T01:57:17-03:00<\/span><div  class=\"fusion-image-wrapper fusion-image-size-fixed\" aria-haspopup=\"true\">\n\t\t\t\t<img decoding=\"async\" width=\"460\" height=\"295\" src=\"https:\/\/fapol.org\/wp-content\/uploads\/2021\/05\/FLYER-Legislacion-ES-460x295.jpg\" class=\"attachment-portfolio-two size-portfolio-two wp-post-image\" alt=\"\" \/><div class=\"fusion-rollover\">\n\t<div class=\"fusion-rollover-content\">\n\n\t\t\t\t\t\t\t\t\t\t\t\t\t\t<a class=\"fusion-rollover-link\" href=\"https:\/\/fapol.org\/pt-br\/blog\/portfolio-items\/el-proceso-de-adopcion-sus-impasses-y-soluciones-discurso-juridico-y-discurso-analitico-intersecciones\/?portfolioCats=115\">El proceso de Adopci\u00f3n, sus impasses y soluciones. Discurso jur\u00eddico y discurso anal\u00edtico: intersecciones<\/a>\n\t\t\t\n\t\t\t\t\t\t\t\t\n\t\t\n\t\t\t\t\t\t\t\t\n\t\t\t\t\t\t\t\t\n\t\t\n\t\t\t\t\t\t<a class=\"fusion-link-wrapper\" href=\"https:\/\/fapol.org\/pt-br\/blog\/portfolio-items\/el-proceso-de-adopcion-sus-impasses-y-soluciones-discurso-juridico-y-discurso-analitico-intersecciones\/?portfolioCats=115\" aria-label=\"El proceso de Adopci\u00f3n, sus impasses y soluciones. Discurso jur\u00eddico y discurso anal\u00edtico: intersecciones\"><\/a>\n\t<\/div>\n<\/div>\n<\/div>\n<div class=\"fusion-portfolio-content\" style=\"background-color:rgba(255,255,255,1);\"><h2 class=\"entry-title fusion-post-title\"><a href=\"https:\/\/fapol.org\/pt-br\/blog\/portfolio-items\/el-proceso-de-adopcion-sus-impasses-y-soluciones-discurso-juridico-y-discurso-analitico-intersecciones\/?portfolioCats=115\">El proceso de Adopci\u00f3n, sus impasses y soluciones. Discurso jur\u00eddico y discurso anal\u00edtico: intersecciones<\/a><\/h2><div class=\"fusion-content-sep sep-double sep-solid\" style=\"border-color:#e2e2e2;\"><\/div><div class=\"fusion-post-content\"><p>Por Micaela Parici<\/p><\/div><\/div><\/div><\/article><\/div><\/div><\/div><\/div><\/div><\/div>\n","protected":false},"excerpt":{"rendered":"","protected":false},"author":3,"featured_media":0,"parent":6051,"menu_order":2,"comment_status":"closed","ping_status":"closed","template":"","meta":{"_monsterinsights_skip_tracking":false,"_monsterinsights_sitenote_active":false,"_monsterinsights_sitenote_note":"","_monsterinsights_sitenote_category":0,"footnotes":""},"class_list":["post-6054","page","type-page","status-publish","hentry"],"_links":{"self":[{"href":"https:\/\/fapol.org\/pt-br\/wp-json\/wp\/v2\/pages\/6054","targetHints":{"allow":["GET"]}}],"collection":[{"href":"https:\/\/fapol.org\/pt-br\/wp-json\/wp\/v2\/pages"}],"about":[{"href":"https:\/\/fapol.org\/pt-br\/wp-json\/wp\/v2\/types\/page"}],"author":[{"embeddable":true,"href":"https:\/\/fapol.org\/pt-br\/wp-json\/wp\/v2\/users\/3"}],"replies":[{"embeddable":true,"href":"https:\/\/fapol.org\/pt-br\/wp-json\/wp\/v2\/comments?post=6054"}],"version-history":[{"count":1,"href":"https:\/\/fapol.org\/pt-br\/wp-json\/wp\/v2\/pages\/6054\/revisions"}],"predecessor-version":[{"id":6060,"href":"https:\/\/fapol.org\/pt-br\/wp-json\/wp\/v2\/pages\/6054\/revisions\/6060"}],"up":[{"embeddable":true,"href":"https:\/\/fapol.org\/pt-br\/wp-json\/wp\/v2\/pages\/6051"}],"wp:attachment":[{"href":"https:\/\/fapol.org\/pt-br\/wp-json\/wp\/v2\/media?parent=6054"}],"curies":[{"name":"wp","href":"https:\/\/api.w.org\/{rel}","templated":true}]}}