{"id":6065,"date":"2021-03-07T23:17:58","date_gmt":"2021-03-08T02:17:58","guid":{"rendered":"https:\/\/fapol.org\/observatorios\/infancias\/"},"modified":"2024-12-14T08:59:08","modified_gmt":"2024-12-14T11:59:08","slug":"infancias","status":"publish","type":"page","link":"https:\/\/fapol.org\/pt-br\/observatorios\/infancias\/","title":{"rendered":"Inf\u00e2ncias"},"content":{"rendered":"<p><div class=\"fusion-fullwidth fullwidth-box fusion-builder-row-1 fusion-flex-container nonhundred-percent-fullwidth non-hundred-percent-height-scrolling\" style=\"--awb-border-radius-top-left:0px;--awb-border-radius-top-right:0px;--awb-border-radius-bottom-right:0px;--awb-border-radius-bottom-left:0px;--awb-flex-wrap:wrap;\" ><div class=\"fusion-builder-row fusion-row fusion-flex-align-items-flex-start fusion-flex-content-wrap\" style=\"max-width:1248px;margin-left: calc(-4% \/ 2 );margin-right: calc(-4% \/ 2 );\"><div class=\"fusion-layout-column fusion_builder_column fusion-builder-column-0 fusion_builder_column_1_1 1_1 fusion-flex-column\" style=\"--awb-bg-size:cover;--awb-width-large:100%;--awb-margin-top-large:0px;--awb-spacing-right-large:1.92%;--awb-margin-bottom-large:20px;--awb-spacing-left-large:1.92%;--awb-width-medium:100%;--awb-order-medium:0;--awb-spacing-right-medium:1.92%;--awb-spacing-left-medium:1.92%;--awb-width-small:100%;--awb-order-small:0;--awb-spacing-right-small:1.92%;--awb-spacing-left-small:1.92%;\"><div class=\"fusion-column-wrapper fusion-column-has-shadow fusion-flex-justify-content-flex-start fusion-content-layout-column\"><div class=\"fusion-video fusion-youtube\" style=\"--awb-max-width:800px;--awb-max-height:450px;--awb-align-self:center;--awb-width:100%;\"><div class=\"video-shortcode\"><div class=\"fluid-width-video-wrapper\" style=\"padding-top:56.25%;\" ><iframe title=\"YouTube video player 1\" src=\"https:\/\/www.youtube.com\/embed\/cNFxnt4nNbo?wmode=transparent&autoplay=0\" width=\"800\" height=\"450\" allowfullscreen allow=\"autoplay; fullscreen\"><\/iframe><\/div><\/div><\/div><\/div><\/div><\/div><\/div><div class=\"fusion-fullwidth fullwidth-box fusion-builder-row-2 fusion-flex-container nonhundred-percent-fullwidth non-hundred-percent-height-scrolling\" style=\"--awb-border-radius-top-left:0px;--awb-border-radius-top-right:0px;--awb-border-radius-bottom-right:0px;--awb-border-radius-bottom-left:0px;--awb-flex-wrap:wrap;\" ><div class=\"fusion-builder-row fusion-row fusion-flex-align-items-flex-start fusion-flex-content-wrap\" style=\"max-width:1248px;margin-left: calc(-4% \/ 2 );margin-right: calc(-4% \/ 2 );\"><div class=\"fusion-layout-column fusion_builder_column fusion-builder-column-1 fusion_builder_column_1_1 1_1 fusion-flex-column\" style=\"--awb-bg-size:cover;--awb-width-large:100%;--awb-margin-top-large:0px;--awb-spacing-right-large:1.92%;--awb-margin-bottom-large:20px;--awb-spacing-left-large:1.92%;--awb-width-medium:100%;--awb-order-medium:0;--awb-spacing-right-medium:1.92%;--awb-spacing-left-medium:1.92%;--awb-width-small:100%;--awb-order-small:0;--awb-spacing-right-small:1.92%;--awb-spacing-left-small:1.92%;\"><div class=\"fusion-column-wrapper fusion-column-has-shadow fusion-flex-justify-content-flex-start fusion-content-layout-column\"><div class=\"fusion-text fusion-text-1\"><p style=\"text-align: justify;\">O Observat\u00f3rio de Inf\u00e2ncias insere-se em cada lugar onde, desde os discursos jur\u00eddico, educativo e m\u00e9dico, a crian\u00e7a \u00e9 colocada numa posi\u00e7\u00e3o de objeto, exclu\u00edda sua palavra, de sua responsabilidade subjetiva e de seu sofrimento. Discursos que, em geral, abordam a crian\u00e7a cuja exist\u00eancia est\u00e1 sob o manto da invisibilidade , tornando-a invis\u00edvel tamb\u00e9m como sujeito do inconsciente.<\/p>\n<\/div><\/div><\/div><\/div><\/div><div class=\"fusion-fullwidth fullwidth-box fusion-builder-row-3 fusion-flex-container nonhundred-percent-fullwidth non-hundred-percent-height-scrolling\" style=\"--awb-border-radius-top-left:0px;--awb-border-radius-top-right:0px;--awb-border-radius-bottom-right:0px;--awb-border-radius-bottom-left:0px;--awb-flex-wrap:wrap;\" ><div class=\"fusion-builder-row fusion-row fusion-flex-align-items-stretch fusion-flex-content-wrap\" style=\"max-width:1248px;margin-left: calc(-4% \/ 2 );margin-right: calc(-4% \/ 2 );\"><div class=\"fusion-layout-column fusion_builder_column fusion-builder-column-2 fusion_builder_column_1_1 1_1 fusion-flex-column\" style=\"--awb-bg-size:cover;--awb-width-large:100%;--awb-margin-top-large:0px;--awb-spacing-right-large:1.92%;--awb-margin-bottom-large:20px;--awb-spacing-left-large:1.92%;--awb-width-medium:100%;--awb-order-medium:0;--awb-spacing-right-medium:1.92%;--awb-spacing-left-medium:1.92%;--awb-width-small:100%;--awb-order-small:0;--awb-spacing-right-small:1.92%;--awb-spacing-left-small:1.92%;\"><div class=\"fusion-column-wrapper fusion-column-has-shadow fusion-flex-justify-content-flex-start fusion-content-layout-column\"><div class=\"fusion-content-boxes content-boxes columns row fusion-columns-1 fusion-columns-total-3 fusion-content-boxes-1 content-boxes-icon-on-side content-left cbobservatorio1EBP\" style=\"--awb-hover-accent-color:#fc5079;--awb-circle-hover-accent-color:#fc5079;--awb-item-margin-bottom:40px;\" id=\"cbobservatorio1EBP\" data-animationOffset=\"top-into-view\"><div style=\"--awb-backgroundcolor:#ffffff;--awb-content-padding-left:68px;\" class=\"fusion-column content-box-column content-box-column content-box-column-1 col-lg-12 col-md-12 col-sm-12 fusion-content-box-hover content-box-column-last-in-row\"><div class=\"col content-box-wrapper content-wrapper-background link-area-link-icon content-icon-wrapper-yes icon-wrapper-hover-animation-pulsate fusion-animated\" data-animationType=\"fadeInDown\" data-animationDuration=\"1.0\" data-animationOffset=\"top-into-view\"><div class=\"heading heading-with-icon icon-left\"><div class=\"icon\"><span style=\"height:46px;width:46px;line-height:24px;border-color:rgba(255,255,255,0);border-width:1px;border-style:solid;background-color:#fc5079;margin-right:20px;box-sizing:content-box;border-radius:50%;\"><i style=\"border-color:#fc5079;border-width:1px;background-color:#fc5079;box-sizing:content-box;height:44px;width:44px;line-height:44px;border-radius:50%;position:relative;top:auto;left:auto;margin:0;border-radius:50%;font-size:22px;\" aria-hidden=\"true\" class=\"fontawesome-icon fa-users fas circle-yes\"><\/i><\/span><\/div><h2 class=\"content-box-heading\" style=\"--h2_typography-font-size:20px;line-height:25px;padding-left:68px;\">EBP<\/h2><\/div><div class=\"fusion-clearfix\"><\/div><div class=\"content-container\">\n<p style=\"text-align: justify;\"><strong>Coordenador<\/strong>: M\u00f4nica Campo<\/p>\n<p style=\"text-align: justify;\"><strong>Equipe de Trabalho<\/strong>: Ana Martha Maia &#8211;\u00a0Carolina Maia &#8211;\u00a0Soraya Pereira &#8211;\u00a0Cristiane Sarmento &#8211;\u00a0Monica Hage &#8211;\u00a0Daniela Araujo &#8211;\u00a0Karinna N\u00f3brega &#8211;\u00a0Maria Rita Guimar\u00e3es &#8211; Tereza Facur<\/p>\n<\/div><\/div><\/div><div style=\"--awb-backgroundcolor:#ffffff;--awb-content-padding-left:68px;\" class=\"fusion-column content-box-column content-box-column content-box-column-2 col-lg-12 col-md-12 col-sm-12 fusion-content-box-hover content-box-column-last-in-row\"><div class=\"col content-box-wrapper content-wrapper-background link-area-link-icon content-icon-wrapper-yes icon-wrapper-hover-animation-pulsate fusion-animated\" data-animationType=\"fadeInDown\" data-animationDuration=\"1.0\" data-animationOffset=\"top-into-view\"><div class=\"heading heading-with-icon icon-left\"><div class=\"icon\"><span style=\"height:46px;width:46px;line-height:24px;border-color:rgba(255,255,255,0);border-width:1px;border-style:solid;background-color:#fc5079;margin-right:20px;box-sizing:content-box;border-radius:50%;\"><i style=\"border-color:#fc5079;border-width:1px;background-color:#fc5079;box-sizing:content-box;height:44px;width:44px;line-height:44px;border-radius:50%;position:relative;top:auto;left:auto;margin:0;border-radius:50%;font-size:22px;\" aria-hidden=\"true\" class=\"fontawesome-icon fa-users fas circle-yes\"><\/i><\/span><\/div><h2 class=\"content-box-heading\" style=\"--h2_typography-font-size:20px;line-height:25px;padding-left:68px;\">EOL<\/h2><\/div><div class=\"fusion-clearfix\"><\/div><div class=\"content-container\">\n<p style=\"text-align: justify;\"><strong>Coordenador<\/strong>: Diana Campolongo<\/p>\n<p style=\"text-align: justify;\"><strong>Equipe de Trabalho<\/strong>: Gustavo Stiglitz, Mario Goldenberg, Claudia Castillo, Claudia L\u00e1zaro, Andrea Martin, Mora Torregiani, Gabriela Albornoz, Gaston Cottino, Camila Candioti, Norma Sierra, Marcela Errecondo, Candela Mendez, Silvia Savareza , Claudia Maya<\/p>\n<\/div><\/div><\/div><div style=\"--awb-backgroundcolor:#ffffff;--awb-content-padding-left:68px;\" class=\"fusion-column content-box-column content-box-column content-box-column-3 col-lg-12 col-md-12 col-sm-12 fusion-content-box-hover content-box-column-last content-box-column-last-in-row\"><div class=\"col content-box-wrapper content-wrapper-background link-area-link-icon content-icon-wrapper-yes icon-wrapper-hover-animation-pulsate fusion-animated\" data-animationType=\"fadeInDown\" data-animationDuration=\"1.0\" data-animationOffset=\"top-into-view\"><div class=\"heading heading-with-icon icon-left\"><div class=\"icon\"><span style=\"height:46px;width:46px;line-height:24px;border-color:rgba(255,255,255,0);border-width:1px;border-style:solid;background-color:#fc5079;margin-right:20px;box-sizing:content-box;border-radius:50%;\"><i style=\"border-color:#fc5079;border-width:1px;background-color:#fc5079;box-sizing:content-box;height:44px;width:44px;line-height:44px;border-radius:50%;position:relative;top:auto;left:auto;margin:0;border-radius:50%;font-size:22px;\" aria-hidden=\"true\" class=\"fontawesome-icon fa-users fas circle-yes\"><\/i><\/span><\/div><h2 class=\"content-box-heading\" style=\"--h2_typography-font-size:20px;line-height:25px;padding-left:68px;\">NEL<\/h2><\/div><div class=\"fusion-clearfix\"><\/div><div class=\"content-container\">\n<p style=\"text-align: justify;\"><strong>Coordenador<\/strong>: Gabriela Urriolagoit\u00eda<\/p>\n<p style=\"text-align: justify;\"><strong>Equipe de Trabalho<\/strong>: Mar\u00eda Olga Herreros, Susana Schaer, Paulina Salinas, Francisco Pisani, Ximena Rojas, Erick Fern\u00e1ndez, Miguel Vedia, Alexandra L\u00f3pez, Ivonne Espinoza, Adriana Chacin, Patricia Alegria<\/p>\n<\/div><\/div><\/div><div class=\"fusion-clearfix\"><\/div><\/div><\/div><\/div><\/div><\/div><\/p>\n","protected":false},"excerpt":{"rendered":"","protected":false},"author":3,"featured_media":0,"parent":6031,"menu_order":3,"comment_status":"closed","ping_status":"closed","template":"","meta":{"_monsterinsights_skip_tracking":false,"_monsterinsights_sitenote_active":false,"_monsterinsights_sitenote_note":"","_monsterinsights_sitenote_category":0,"footnotes":""},"class_list":["post-6065","page","type-page","status-publish","hentry"],"_links":{"self":[{"href":"https:\/\/fapol.org\/pt-br\/wp-json\/wp\/v2\/pages\/6065","targetHints":{"allow":["GET"]}}],"collection":[{"href":"https:\/\/fapol.org\/pt-br\/wp-json\/wp\/v2\/pages"}],"about":[{"href":"https:\/\/fapol.org\/pt-br\/wp-json\/wp\/v2\/types\/page"}],"author":[{"embeddable":true,"href":"https:\/\/fapol.org\/pt-br\/wp-json\/wp\/v2\/users\/3"}],"replies":[{"embeddable":true,"href":"https:\/\/fapol.org\/pt-br\/wp-json\/wp\/v2\/comments?post=6065"}],"version-history":[{"count":2,"href":"https:\/\/fapol.org\/pt-br\/wp-json\/wp\/v2\/pages\/6065\/revisions"}],"predecessor-version":[{"id":6071,"href":"https:\/\/fapol.org\/pt-br\/wp-json\/wp\/v2\/pages\/6065\/revisions\/6071"}],"up":[{"embeddable":true,"href":"https:\/\/fapol.org\/pt-br\/wp-json\/wp\/v2\/pages\/6031"}],"wp:attachment":[{"href":"https:\/\/fapol.org\/pt-br\/wp-json\/wp\/v2\/media?parent=6065"}],"curies":[{"name":"wp","href":"https:\/\/api.w.org\/{rel}","templated":true}]}}