{"id":6102,"date":"2021-03-07T23:39:17","date_gmt":"2021-03-08T02:39:17","guid":{"rendered":"https:\/\/fapol.org\/observatorios\/genero-biopolitica-y-transexualidad\/"},"modified":"2024-12-14T09:12:05","modified_gmt":"2024-12-14T12:12:05","slug":"genero-biopolitica-e-transexualidade","status":"publish","type":"page","link":"https:\/\/fapol.org\/pt-br\/observatorios\/genero-biopolitica-e-transexualidade\/","title":{"rendered":"G\u00eanero, Biopol\u00edtica e Transexualidade"},"content":{"rendered":"<p><div class=\"fusion-fullwidth fullwidth-box fusion-builder-row-1 fusion-flex-container nonhundred-percent-fullwidth non-hundred-percent-height-scrolling\" style=\"--awb-border-radius-top-left:0px;--awb-border-radius-top-right:0px;--awb-border-radius-bottom-right:0px;--awb-border-radius-bottom-left:0px;--awb-flex-wrap:wrap;\" ><div class=\"fusion-builder-row fusion-row fusion-flex-align-items-flex-start fusion-flex-content-wrap\" style=\"max-width:1248px;margin-left: calc(-4% \/ 2 );margin-right: calc(-4% \/ 2 );\"><div class=\"fusion-layout-column fusion_builder_column fusion-builder-column-0 fusion_builder_column_1_1 1_1 fusion-flex-column\" style=\"--awb-bg-size:cover;--awb-width-large:100%;--awb-margin-top-large:0px;--awb-spacing-right-large:1.92%;--awb-margin-bottom-large:20px;--awb-spacing-left-large:1.92%;--awb-width-medium:100%;--awb-order-medium:0;--awb-spacing-right-medium:1.92%;--awb-spacing-left-medium:1.92%;--awb-width-small:100%;--awb-order-small:0;--awb-spacing-right-small:1.92%;--awb-spacing-left-small:1.92%;\"><div class=\"fusion-column-wrapper fusion-column-has-shadow fusion-flex-justify-content-flex-start fusion-content-layout-column\"><div class=\"fusion-video fusion-youtube\" style=\"--awb-max-width:800px;--awb-max-height:450px;--awb-align-self:center;--awb-width:100%;\"><div class=\"video-shortcode\"><div class=\"fluid-width-video-wrapper\" style=\"padding-top:56.25%;\" ><iframe title=\"YouTube video player 1\" src=\"https:\/\/www.youtube.com\/embed\/UoQ9Osw66Pc?wmode=transparent&autoplay=0\" width=\"800\" height=\"450\" allowfullscreen allow=\"autoplay; fullscreen\"><\/iframe><\/div><\/div><\/div><\/div><\/div><\/div><\/div><div class=\"fusion-fullwidth fullwidth-box fusion-builder-row-2 fusion-flex-container nonhundred-percent-fullwidth non-hundred-percent-height-scrolling\" style=\"--awb-border-radius-top-left:0px;--awb-border-radius-top-right:0px;--awb-border-radius-bottom-right:0px;--awb-border-radius-bottom-left:0px;--awb-flex-wrap:wrap;\" ><div class=\"fusion-builder-row fusion-row fusion-flex-align-items-flex-start fusion-flex-content-wrap\" style=\"max-width:1248px;margin-left: calc(-4% \/ 2 );margin-right: calc(-4% \/ 2 );\"><div class=\"fusion-layout-column fusion_builder_column fusion-builder-column-1 fusion_builder_column_1_1 1_1 fusion-flex-column\" style=\"--awb-bg-size:cover;--awb-width-large:100%;--awb-margin-top-large:0px;--awb-spacing-right-large:1.92%;--awb-margin-bottom-large:20px;--awb-spacing-left-large:1.92%;--awb-width-medium:100%;--awb-order-medium:0;--awb-spacing-right-medium:1.92%;--awb-spacing-left-medium:1.92%;--awb-width-small:100%;--awb-order-small:0;--awb-spacing-right-small:1.92%;--awb-spacing-left-small:1.92%;\"><div class=\"fusion-column-wrapper fusion-column-has-shadow fusion-flex-justify-content-flex-start fusion-content-layout-column\"><div class=\"fusion-text fusion-text-1\"><p class=\"x_MsoNormal\" style=\"text-align: justify;\"><span lang=\"PT-BR\">A multiplicidade com que proliferam novas propostas de identidades e formas de vivenciar o corpo e a sexualidade \u00e9 uma marca da \u00e9poca atual, cujos efeitos nos chegam na pr\u00e1tica cl\u00ednica e nos movimentos que agitam a cultura e o la\u00e7o social.\u00a0<\/span><\/p>\n<p class=\"x_MsoNormal\" style=\"text-align: justify;\"><span lang=\"PT-BR\">O trabalho deste Observat\u00f3rio, orientado a partir de tr\u00eas significantes &#8211; g\u00eanero, biopol\u00edtica e transexualidade &#8211; \u00e9 desenvolvido em tr\u00eas eixos: epist\u00eamico, cl\u00ednico e pol\u00edtico.\u00a0<\/span><\/p>\n<p class=\"x_MsoNormal\" style=\"text-align: justify;\"><span lang=\"PT-BR\">Abordamos, por um lado, a crescente expans\u00e3o de discursos de g\u00e9nero que, devido \u00e0 sua estrutura, deixam de fora a pr\u00f3pria no\u00e7\u00e3o do inconsciente que a psican\u00e1lise sustenta. Ao mesmo tempo, somos confrontados com o problema da viol\u00eancia\/segrega\u00e7\u00e3o que\u00a0\u00a0acompanha a popula\u00e7\u00e3o\u00a0\u00a0LGTBIQA+ na Am\u00e9rica Latina.\u00a0<\/span><\/p>\n<\/div><\/div><\/div><\/div><\/div><div class=\"fusion-fullwidth fullwidth-box fusion-builder-row-3 fusion-flex-container nonhundred-percent-fullwidth non-hundred-percent-height-scrolling\" style=\"--awb-border-radius-top-left:0px;--awb-border-radius-top-right:0px;--awb-border-radius-bottom-right:0px;--awb-border-radius-bottom-left:0px;--awb-flex-wrap:wrap;\" ><div class=\"fusion-builder-row fusion-row fusion-flex-align-items-stretch fusion-flex-content-wrap\" style=\"max-width:1248px;margin-left: calc(-4% \/ 2 );margin-right: calc(-4% \/ 2 );\"><div class=\"fusion-layout-column fusion_builder_column fusion-builder-column-2 fusion_builder_column_1_1 1_1 fusion-flex-column\" style=\"--awb-bg-size:cover;--awb-width-large:100%;--awb-margin-top-large:0px;--awb-spacing-right-large:1.92%;--awb-margin-bottom-large:20px;--awb-spacing-left-large:1.92%;--awb-width-medium:100%;--awb-order-medium:0;--awb-spacing-right-medium:1.92%;--awb-spacing-left-medium:1.92%;--awb-width-small:100%;--awb-order-small:0;--awb-spacing-right-small:1.92%;--awb-spacing-left-small:1.92%;\"><div class=\"fusion-column-wrapper fusion-column-has-shadow fusion-flex-justify-content-flex-start fusion-content-layout-column\"><div class=\"fusion-content-boxes content-boxes columns row fusion-columns-1 fusion-columns-total-3 fusion-content-boxes-1 content-boxes-icon-on-side content-left cbobservatorio1EBP\" style=\"--awb-hover-accent-color:#fc5079;--awb-circle-hover-accent-color:#fc5079;--awb-item-margin-bottom:40px;\" id=\"cbobservatorio1EBP\" data-animationOffset=\"top-into-view\"><div style=\"--awb-backgroundcolor:#ffffff;--awb-content-padding-left:68px;\" class=\"fusion-column content-box-column content-box-column content-box-column-1 col-lg-12 col-md-12 col-sm-12 fusion-content-box-hover content-box-column-last-in-row\"><div class=\"col content-box-wrapper content-wrapper-background link-area-link-icon content-icon-wrapper-yes icon-wrapper-hover-animation-pulsate fusion-animated\" data-animationType=\"fadeInDown\" data-animationDuration=\"1.0\" data-animationOffset=\"top-into-view\"><div class=\"heading heading-with-icon icon-left\"><div class=\"icon\"><span style=\"height:46px;width:46px;line-height:24px;border-color:rgba(255,255,255,0);border-width:1px;border-style:solid;background-color:#fc5079;margin-right:20px;box-sizing:content-box;border-radius:50%;\"><i style=\"border-color:#fc5079;border-width:1px;background-color:#fc5079;box-sizing:content-box;height:44px;width:44px;line-height:44px;border-radius:50%;position:relative;top:auto;left:auto;margin:0;border-radius:50%;font-size:22px;\" aria-hidden=\"true\" class=\"fontawesome-icon fa-users fas circle-yes\"><\/i><\/span><\/div><h2 class=\"content-box-heading\" style=\"--h2_typography-font-size:20px;line-height:25px;padding-left:68px;\">EBP<\/h2><\/div><div class=\"fusion-clearfix\"><\/div><div class=\"content-container\">\n<p><strong>Coordenador<\/strong>: Cristiane Grillo<\/p>\n<p><strong>Equipe de Trabalho<\/strong>: Alexandre Costa Val &#8211;\u00a0Anna Rog\u00e9ria Oliveira &#8211;\u00a0Blanca Musachi &#8211;\u00a0Eliane Costa Dias &#8211;\u00a0Eliane Kogut &#8211;\u00a0Fernanda Pougy &#8211;\u00a0Gabriela Malvezzi &#8211;\u00a0Juliana Motta &#8211;\u00a0Karina Giusti &#8211;\u00a0Leny Magalhaes Mrech &#8211;\u00a0Leonardo Mendon\u00e7a &#8211;\u00a0Oscar Raymundo &#8211;\u00a0Paola Salinas &#8211;\u00a0Perp\u00e9tua Machado Gon\u00e7alves<\/p>\n<\/div><\/div><\/div><div style=\"--awb-backgroundcolor:#ffffff;--awb-content-padding-left:68px;\" class=\"fusion-column content-box-column content-box-column content-box-column-2 col-lg-12 col-md-12 col-sm-12 fusion-content-box-hover content-box-column-last-in-row\"><div class=\"col content-box-wrapper content-wrapper-background link-area-link-icon content-icon-wrapper-yes icon-wrapper-hover-animation-pulsate fusion-animated\" data-animationType=\"fadeInDown\" data-animationDuration=\"1.0\" data-animationOffset=\"top-into-view\"><div class=\"heading heading-with-icon icon-left\"><div class=\"icon\"><span style=\"height:46px;width:46px;line-height:24px;border-color:rgba(255,255,255,0);border-width:1px;border-style:solid;background-color:#fc5079;margin-right:20px;box-sizing:content-box;border-radius:50%;\"><i style=\"border-color:#fc5079;border-width:1px;background-color:#fc5079;box-sizing:content-box;height:44px;width:44px;line-height:44px;border-radius:50%;position:relative;top:auto;left:auto;margin:0;border-radius:50%;font-size:22px;\" aria-hidden=\"true\" class=\"fontawesome-icon fa-users fas circle-yes\"><\/i><\/span><\/div><h2 class=\"content-box-heading\" style=\"--h2_typography-font-size:20px;line-height:25px;padding-left:68px;\">EOL<\/h2><\/div><div class=\"fusion-clearfix\"><\/div><div class=\"content-container\">\n<p><strong>Coordenador<\/strong>: Paula Husni<\/p>\n<p><strong>Comiss\u00e3o executiva<\/strong>: Patricio Alvarez &#8211; Eliana Amor &#8211; Alejandra Antu\u00f1a &#8211; Paula Ferder &#8211; Esteban Klainer &#8211; Viviana Mozzi &#8211; Graciela Schnitzer &#8211; Liliana Zaremzky<br \/>\n<strong>Colaboradores<\/strong>: Valeria Casali &#8211; Alex Crivelli &#8211; Gabriela L\u00f3pez &#8211; Andrea Pineda &#8211; Graciela Gonzalez &#8211; Jos\u00e9 Recalde &#8211; Gimena Sozzi &#8211; Santiago Hormanstorfer<\/p>\n<\/div><\/div><\/div><div style=\"--awb-backgroundcolor:#ffffff;--awb-content-padding-left:68px;\" class=\"fusion-column content-box-column content-box-column content-box-column-3 col-lg-12 col-md-12 col-sm-12 fusion-content-box-hover content-box-column-last content-box-column-last-in-row\"><div class=\"col content-box-wrapper content-wrapper-background link-area-link-icon content-icon-wrapper-yes icon-wrapper-hover-animation-pulsate fusion-animated\" data-animationType=\"fadeInDown\" data-animationDuration=\"1.0\" data-animationOffset=\"top-into-view\"><div class=\"heading heading-with-icon icon-left\"><div class=\"icon\"><span style=\"height:46px;width:46px;line-height:24px;border-color:rgba(255,255,255,0);border-width:1px;border-style:solid;background-color:#fc5079;margin-right:20px;box-sizing:content-box;border-radius:50%;\"><i style=\"border-color:#fc5079;border-width:1px;background-color:#fc5079;box-sizing:content-box;height:44px;width:44px;line-height:44px;border-radius:50%;position:relative;top:auto;left:auto;margin:0;border-radius:50%;font-size:22px;\" aria-hidden=\"true\" class=\"fontawesome-icon fa-users fas circle-yes\"><\/i><\/span><\/div><h2 class=\"content-box-heading\" style=\"--h2_typography-font-size:20px;line-height:25px;padding-left:68px;\">NEL<\/h2><\/div><div class=\"fusion-clearfix\"><\/div><div class=\"content-container\">\n<p><strong>Coordenador<\/strong>: Mar\u00eda Auxiliadora Rodriguez<\/p>\n<p><strong>Equipe de Trabalho<\/strong>: Areli Leeworio &#8211; Eduardo Barboza Alvarez &#8211; Zindy Valencia Sotomayor &#8211; Juan Pablo Bitar &#8211; Alvaro Rendon Chasi &#8211; Gabriela J\u00e1tiva Moyano &#8211; Julia Benavides &#8211; Nurys Morim<\/p>\n<\/div><\/div><\/div><div class=\"fusion-clearfix\"><\/div><\/div><\/div><\/div><\/div><\/div><\/p>\n","protected":false},"excerpt":{"rendered":"","protected":false},"author":3,"featured_media":0,"parent":6031,"menu_order":6,"comment_status":"closed","ping_status":"closed","template":"","meta":{"_monsterinsights_skip_tracking":false,"_monsterinsights_sitenote_active":false,"_monsterinsights_sitenote_note":"","_monsterinsights_sitenote_category":0,"footnotes":""},"class_list":["post-6102","page","type-page","status-publish","hentry"],"_links":{"self":[{"href":"https:\/\/fapol.org\/pt-br\/wp-json\/wp\/v2\/pages\/6102","targetHints":{"allow":["GET"]}}],"collection":[{"href":"https:\/\/fapol.org\/pt-br\/wp-json\/wp\/v2\/pages"}],"about":[{"href":"https:\/\/fapol.org\/pt-br\/wp-json\/wp\/v2\/types\/page"}],"author":[{"embeddable":true,"href":"https:\/\/fapol.org\/pt-br\/wp-json\/wp\/v2\/users\/3"}],"replies":[{"embeddable":true,"href":"https:\/\/fapol.org\/pt-br\/wp-json\/wp\/v2\/comments?post=6102"}],"version-history":[{"count":3,"href":"https:\/\/fapol.org\/pt-br\/wp-json\/wp\/v2\/pages\/6102\/revisions"}],"predecessor-version":[{"id":6111,"href":"https:\/\/fapol.org\/pt-br\/wp-json\/wp\/v2\/pages\/6102\/revisions\/6111"}],"up":[{"embeddable":true,"href":"https:\/\/fapol.org\/pt-br\/wp-json\/wp\/v2\/pages\/6031"}],"wp:attachment":[{"href":"https:\/\/fapol.org\/pt-br\/wp-json\/wp\/v2\/media?parent=6102"}],"curies":[{"name":"wp","href":"https:\/\/api.w.org\/{rel}","templated":true}]}}