{"id":6105,"date":"2021-03-22T10:18:54","date_gmt":"2021-03-22T13:18:54","guid":{"rendered":"https:\/\/fapol.org\/observatorios\/genero-biopolitica-y-transexualidad\/articulos\/"},"modified":"2024-12-14T09:12:43","modified_gmt":"2024-12-14T12:12:43","slug":"artigos","status":"publish","type":"page","link":"https:\/\/fapol.org\/pt-br\/observatorios\/genero-biopolitica-e-transexualidade\/artigos\/","title":{"rendered":"Artigos"},"content":{"rendered":"<div class=\"fusion-fullwidth fullwidth-box fusion-builder-row-1 fusion-flex-container nonhundred-percent-fullwidth non-hundred-percent-height-scrolling\" style=\"--awb-border-radius-top-left:0px;--awb-border-radius-top-right:0px;--awb-border-radius-bottom-right:0px;--awb-border-radius-bottom-left:0px;--awb-flex-wrap:wrap;\" ><div class=\"fusion-builder-row fusion-row fusion-flex-align-items-flex-start fusion-flex-content-wrap\" style=\"max-width:1248px;margin-left: calc(-4% \/ 2 );margin-right: calc(-4% \/ 2 );\"><div class=\"fusion-layout-column fusion_builder_column fusion-builder-column-0 fusion_builder_column_1_1 1_1 fusion-flex-column\" style=\"--awb-bg-size:cover;--awb-width-large:100%;--awb-margin-top-large:0px;--awb-spacing-right-large:1.92%;--awb-margin-bottom-large:20px;--awb-spacing-left-large:1.92%;--awb-width-medium:100%;--awb-order-medium:0;--awb-spacing-right-medium:1.92%;--awb-spacing-left-medium:1.92%;--awb-width-small:100%;--awb-order-small:0;--awb-spacing-right-small:1.92%;--awb-spacing-left-small:1.92%;\"><div class=\"fusion-column-wrapper fusion-column-has-shadow fusion-flex-justify-content-flex-start fusion-content-layout-column\"><style type=\"text\/css\">.fusion-portfolio-wrapper#fusion-portfolio-1 .fusion-portfolio-content{ padding: 25px 25px 25px 25px; text-align: left; }<\/style><div class=\"fusion-recent-works fusion-portfolio-element fusion-portfolio fusion-portfolio-1 fusion-portfolio-grid fusion-portfolio-paging-load-more-button fusion-portfolio-two fusion-portfolio-boxed fusion-portfolio-text fusion-portfolio-equal-heights fusion-portfolio-rollover fusion-animated\" data-id=\"-rw-1\" data-columns=\"two\" data-animationType=\"slideInUp\" data-animationDuration=\"1.2\" data-animationOffset=\"top-into-view\"><style type=\"text\/css\">.fusion-portfolio-1 .fusion-portfolio-wrapper .fusion-col-spacing{padding:10px;}<\/style><div class=\"fusion-portfolio-wrapper\" id=\"fusion-portfolio-1\" data-picturesize=\"fixed\" data-pages=\"1\" style=\"margin:-10px;\"><article id=\"portfolio-1-post-6379\" class=\"fusion-portfolio-post articulos-genero-pt-br genero-pt-br observatorios-pt-br fusion-col-spacing post-6379\"><div class=\"fusion-portfolio-content-wrapper\" style=\"border:1px solid #ffffff;border-bottom-width:3px;background-color:rgba(255,255,255,1);\"><span class=\"vcard rich-snippet-hidden\"><span class=\"fn\"><a href=\"https:\/\/fapol.org\/pt-br\/blog\/author\/gonzalozabala\/\" title=\"Posts de gonzalozabala\" rel=\"author\">gonzalozabala<\/a><\/span><\/span><span class=\"updated rich-snippet-hidden\">2021-09-21T15:33:41-03:00<\/span><div  class=\"fusion-image-wrapper fusion-image-size-fixed\" aria-haspopup=\"true\">\n\t\t\t\t<img decoding=\"async\" width=\"460\" height=\"295\" src=\"https:\/\/fapol.org\/wp-content\/uploads\/2021\/09\/COSTA-DIAS-A-diferenca-entre-transexual-e-transgenero-460x295.jpg\" class=\"attachment-portfolio-two size-portfolio-two wp-post-image\" alt=\"\" \/><div class=\"fusion-rollover\">\n\t<div class=\"fusion-rollover-content\">\n\n\t\t\t\t\t\t\t\t\t\t\t\t\t\t<a class=\"fusion-rollover-link\" href=\"https:\/\/fapol.org\/pt-br\/blog\/portfolio-items\/a-diferenca-entre-transexual-e-transgenero-de-que-se-trata-para-a-psicanalise\/?portfolioCats=112\">A diferen\u00e7a entre transexual e transg\u00eanero: de que se trata para a psican\u00e1lise?<\/a>\n\t\t\t\n\t\t\t\t\t\t\t\t\n\t\t\n\t\t\t\t\t\t\t\t\n\t\t\t\t\t\t\t\t\n\t\t\n\t\t\t\t\t\t<a class=\"fusion-link-wrapper\" href=\"https:\/\/fapol.org\/pt-br\/blog\/portfolio-items\/a-diferenca-entre-transexual-e-transgenero-de-que-se-trata-para-a-psicanalise\/?portfolioCats=112\" aria-label=\"A diferen\u00e7a entre transexual e transg\u00eanero: de que se trata para a psican\u00e1lise?\"><\/a>\n\t<\/div>\n<\/div>\n<\/div>\n<div class=\"fusion-portfolio-content\" style=\"background-color:rgba(255,255,255,1);\"><h2 class=\"entry-title fusion-post-title\"><a href=\"https:\/\/fapol.org\/pt-br\/blog\/portfolio-items\/a-diferenca-entre-transexual-e-transgenero-de-que-se-trata-para-a-psicanalise\/?portfolioCats=112\">A diferen\u00e7a entre transexual e transg\u00eanero: de que se trata para a psican\u00e1lise?<\/a><\/h2><div class=\"fusion-content-sep sep-double sep-solid\" style=\"border-color:#e2e2e2;\"><\/div><div class=\"fusion-post-content\"><p>Eliane Costa Dias<\/p><\/div><\/div><\/div><\/article><article id=\"portfolio-1-post-6482\" class=\"fusion-portfolio-post articulos-genero-pt-br genero-pt-br observatorios-pt-br fusion-col-spacing post-6482\"><div class=\"fusion-portfolio-content-wrapper\" style=\"border:1px solid #ffffff;border-bottom-width:3px;background-color:rgba(255,255,255,1);\"><span class=\"vcard rich-snippet-hidden\"><span class=\"fn\"><a href=\"https:\/\/fapol.org\/pt-br\/blog\/author\/gonzalozabala\/\" title=\"Posts de gonzalozabala\" rel=\"author\">gonzalozabala<\/a><\/span><\/span><span class=\"updated rich-snippet-hidden\">2021-05-27T06:16:57-03:00<\/span><div  class=\"fusion-image-wrapper fusion-image-size-fixed\" aria-haspopup=\"true\">\n\t\t\t\t<img decoding=\"async\" width=\"460\" height=\"295\" src=\"https:\/\/fapol.org\/wp-content\/uploads\/2021\/05\/HUSNI-El-psicoanalisis-fuera-de-genero-460x295.jpg\" class=\"attachment-portfolio-two size-portfolio-two wp-post-image\" alt=\"\" \/><div class=\"fusion-rollover\">\n\t<div class=\"fusion-rollover-content\">\n\n\t\t\t\t\t\t\t\t\t\t\t\t\t\t<a class=\"fusion-rollover-link\" href=\"https:\/\/fapol.org\/pt-br\/blog\/portfolio-items\/el-psicoanalisis-fuera-de-genero\/?portfolioCats=112\">El psicoan\u00e1lisis, fuera de g\u00e9nero<\/a>\n\t\t\t\n\t\t\t\t\t\t\t\t\n\t\t\n\t\t\t\t\t\t\t\t\n\t\t\t\t\t\t\t\t\n\t\t\n\t\t\t\t\t\t<a class=\"fusion-link-wrapper\" href=\"https:\/\/fapol.org\/pt-br\/blog\/portfolio-items\/el-psicoanalisis-fuera-de-genero\/?portfolioCats=112\" aria-label=\"El psicoan\u00e1lisis, fuera de g\u00e9nero\"><\/a>\n\t<\/div>\n<\/div>\n<\/div>\n<div class=\"fusion-portfolio-content\" style=\"background-color:rgba(255,255,255,1);\"><h2 class=\"entry-title fusion-post-title\"><a href=\"https:\/\/fapol.org\/pt-br\/blog\/portfolio-items\/el-psicoanalisis-fuera-de-genero\/?portfolioCats=112\">El psicoan\u00e1lisis, fuera de g\u00e9nero<\/a><\/h2><div class=\"fusion-content-sep sep-double sep-solid\" style=\"border-color:#e2e2e2;\"><\/div><div class=\"fusion-post-content\"><p>Por Paula Husni<\/p><\/div><\/div><\/div><\/article><article id=\"portfolio-1-post-6512\" class=\"fusion-portfolio-post articulos-genero-pt-br genero-pt-br observatorios-pt-br fusion-col-spacing post-6512\"><div class=\"fusion-portfolio-content-wrapper\" style=\"border:1px solid #ffffff;border-bottom-width:3px;background-color:rgba(255,255,255,1);\"><span class=\"vcard rich-snippet-hidden\"><span class=\"fn\"><a href=\"https:\/\/fapol.org\/pt-br\/blog\/author\/gonzalozabala\/\" title=\"Posts de gonzalozabala\" rel=\"author\">gonzalozabala<\/a><\/span><\/span><span class=\"updated rich-snippet-hidden\">2021-04-10T05:24:18-03:00<\/span><div  class=\"fusion-image-wrapper fusion-image-size-fixed\" aria-haspopup=\"true\">\n\t\t\t\t<img decoding=\"async\" width=\"460\" height=\"295\" src=\"https:\/\/fapol.org\/wp-content\/uploads\/2021\/04\/HUSNI-La-cuestion-trans-460x295.jpg\" class=\"attachment-portfolio-two size-portfolio-two wp-post-image\" alt=\"\" \/><div class=\"fusion-rollover\">\n\t<div class=\"fusion-rollover-content\">\n\n\t\t\t\t\t\t\t\t\t\t\t\t\t\t<a class=\"fusion-rollover-link\" href=\"https:\/\/fapol.org\/pt-br\/blog\/portfolio-items\/la-cuestion-trans\/?portfolioCats=112\">La cuesti\u00f3n trans<\/a>\n\t\t\t\n\t\t\t\t\t\t\t\t\n\t\t\n\t\t\t\t\t\t\t\t\n\t\t\t\t\t\t\t\t\n\t\t\n\t\t\t\t\t\t<a class=\"fusion-link-wrapper\" href=\"https:\/\/fapol.org\/pt-br\/blog\/portfolio-items\/la-cuestion-trans\/?portfolioCats=112\" aria-label=\"La cuesti\u00f3n trans\"><\/a>\n\t<\/div>\n<\/div>\n<\/div>\n<div class=\"fusion-portfolio-content\" style=\"background-color:rgba(255,255,255,1);\"><h2 class=\"entry-title fusion-post-title\"><a href=\"https:\/\/fapol.org\/pt-br\/blog\/portfolio-items\/la-cuestion-trans\/?portfolioCats=112\">La cuesti\u00f3n trans<\/a><\/h2><div class=\"fusion-content-sep sep-double sep-solid\" style=\"border-color:#e2e2e2;\"><\/div><div class=\"fusion-post-content\"><p>Por Paula Husni<\/p><\/div><\/div><\/div><\/article><article id=\"portfolio-1-post-6518\" class=\"fusion-portfolio-post articulos-genero-pt-br genero-pt-br observatorios-pt-br fusion-col-spacing post-6518\"><div class=\"fusion-portfolio-content-wrapper\" style=\"border:1px solid #ffffff;border-bottom-width:3px;background-color:rgba(255,255,255,1);\"><span class=\"vcard rich-snippet-hidden\"><span class=\"fn\"><a href=\"https:\/\/fapol.org\/pt-br\/blog\/author\/gonzalozabala\/\" title=\"Posts de gonzalozabala\" rel=\"author\">gonzalozabala<\/a><\/span><\/span><span class=\"updated rich-snippet-hidden\">2024-12-16T18:00:10-03:00<\/span><div  class=\"fusion-image-wrapper fusion-image-size-fixed\" aria-haspopup=\"true\">\n\t\t\t\t<img decoding=\"async\" width=\"460\" height=\"295\" src=\"https:\/\/fapol.org\/wp-content\/uploads\/2021\/04\/COSTA-DIAS-Por-uma-clinica-da-dignidade-da-diferenca-460x295.jpg\" class=\"attachment-portfolio-two size-portfolio-two wp-post-image\" alt=\"\" \/><div class=\"fusion-rollover\">\n\t<div class=\"fusion-rollover-content\">\n\n\t\t\t\t\t\t\t\t\t\t\t\t\t\t<a class=\"fusion-rollover-link\" href=\"https:\/\/fapol.org\/pt-br\/blog\/portfolio-items\/por-uma-clinica-da-dignidade-da-diferenca\/?portfolioCats=112\">Por uma cl\u00ednica da dignidade da diferen\u00e7a<\/a>\n\t\t\t\n\t\t\t\t\t\t\t\t\n\t\t\n\t\t\t\t\t\t\t\t\n\t\t\t\t\t\t\t\t\n\t\t\n\t\t\t\t\t\t<a class=\"fusion-link-wrapper\" href=\"https:\/\/fapol.org\/pt-br\/blog\/portfolio-items\/por-uma-clinica-da-dignidade-da-diferenca\/?portfolioCats=112\" aria-label=\"Por uma cl\u00ednica da dignidade da diferen\u00e7a\"><\/a>\n\t<\/div>\n<\/div>\n<\/div>\n<div class=\"fusion-portfolio-content\" style=\"background-color:rgba(255,255,255,1);\"><h2 class=\"entry-title fusion-post-title\"><a href=\"https:\/\/fapol.org\/pt-br\/blog\/portfolio-items\/por-uma-clinica-da-dignidade-da-diferenca\/?portfolioCats=112\">Por uma cl\u00ednica da dignidade da diferen\u00e7a<\/a><\/h2><div class=\"fusion-content-sep sep-double sep-solid\" style=\"border-color:#e2e2e2;\"><\/div><div class=\"fusion-post-content\"><p>Por Eliane Costa Dias<\/p><\/div><\/div><\/div><\/article><article id=\"portfolio-1-post-6520\" class=\"fusion-portfolio-post articulos-genero-pt-br genero-pt-br observatorios-pt-br fusion-col-spacing post-6520\"><div class=\"fusion-portfolio-content-wrapper\" style=\"border:1px solid #ffffff;border-bottom-width:3px;background-color:rgba(255,255,255,1);\"><span class=\"vcard rich-snippet-hidden\"><span class=\"fn\"><a href=\"https:\/\/fapol.org\/pt-br\/blog\/author\/gonzalozabala\/\" title=\"Posts de gonzalozabala\" rel=\"author\">gonzalozabala<\/a><\/span><\/span><span class=\"updated rich-snippet-hidden\">2024-12-16T18:04:37-03:00<\/span><div  class=\"fusion-image-wrapper fusion-image-size-fixed\" aria-haspopup=\"true\">\n\t\t\t\t<img decoding=\"async\" width=\"460\" height=\"295\" src=\"https:\/\/fapol.org\/wp-content\/uploads\/2018\/03\/COSTA-DIAS-Pela-afirmacao-do-inclassificavel-800x800-1-460x295.jpg\" class=\"attachment-portfolio-two size-portfolio-two wp-post-image\" alt=\"\" \/><div class=\"fusion-rollover\">\n\t<div class=\"fusion-rollover-content\">\n\n\t\t\t\t\t\t\t\t\t\t\t\t\t\t<a class=\"fusion-rollover-link\" href=\"https:\/\/fapol.org\/pt-br\/blog\/portfolio-items\/pela-afirmacao-do-inclassificavel-uma-questao-etica\/?portfolioCats=112\">Pela afirma\u00e7\u00e3o do inclassific\u00e1vel: uma quest\u00e3o \u00e9tica<\/a>\n\t\t\t\n\t\t\t\t\t\t\t\t\n\t\t\n\t\t\t\t\t\t\t\t\n\t\t\t\t\t\t\t\t\n\t\t\n\t\t\t\t\t\t<a class=\"fusion-link-wrapper\" href=\"https:\/\/fapol.org\/pt-br\/blog\/portfolio-items\/pela-afirmacao-do-inclassificavel-uma-questao-etica\/?portfolioCats=112\" aria-label=\"Pela afirma\u00e7\u00e3o do inclassific\u00e1vel: uma quest\u00e3o \u00e9tica\"><\/a>\n\t<\/div>\n<\/div>\n<\/div>\n<div class=\"fusion-portfolio-content\" style=\"background-color:rgba(255,255,255,1);\"><h2 class=\"entry-title fusion-post-title\"><a href=\"https:\/\/fapol.org\/pt-br\/blog\/portfolio-items\/pela-afirmacao-do-inclassificavel-uma-questao-etica\/?portfolioCats=112\">Pela afirma\u00e7\u00e3o do inclassific\u00e1vel: uma quest\u00e3o \u00e9tica<\/a><\/h2><div class=\"fusion-content-sep sep-double sep-solid\" style=\"border-color:#e2e2e2;\"><\/div><div class=\"fusion-post-content\"><p>Por Eliane Costa Dias<\/p><\/div><\/div><\/div><\/article><article id=\"portfolio-1-post-6540\" class=\"fusion-portfolio-post articulos-genero-pt-br genero-pt-br observatorios-pt-br fusion-col-spacing post-6540\"><div class=\"fusion-portfolio-content-wrapper\" style=\"border:1px solid #ffffff;border-bottom-width:3px;background-color:rgba(255,255,255,1);\"><span class=\"vcard rich-snippet-hidden\"><span class=\"fn\"><a href=\"https:\/\/fapol.org\/pt-br\/blog\/author\/gonzalozabala\/\" title=\"Posts de gonzalozabala\" rel=\"author\">gonzalozabala<\/a><\/span><\/span><span class=\"updated rich-snippet-hidden\">2020-09-03T09:45:13-03:00<\/span><div  class=\"fusion-image-wrapper fusion-image-size-fixed\" aria-haspopup=\"true\">\n\t\t\t\t<img decoding=\"async\" width=\"460\" height=\"295\" src=\"https:\/\/fapol.org\/wp-content\/uploads\/2020\/09\/MUSACHI-COSTA-DIAS-Solucoes-ao-odio-460x295.jpg\" class=\"attachment-portfolio-two size-portfolio-two wp-post-image\" alt=\"\" \/><div class=\"fusion-rollover\">\n\t<div class=\"fusion-rollover-content\">\n\n\t\t\t\t\t\t\t\t\t\t\t\t\t\t<a class=\"fusion-rollover-link\" href=\"https:\/\/fapol.org\/pt-br\/blog\/portfolio-items\/solucoes-ao-odio\/?portfolioCats=112\">Solu\u00e7\u00f5es ao \u00f3dio?<\/a>\n\t\t\t\n\t\t\t\t\t\t\t\t\n\t\t\n\t\t\t\t\t\t\t\t\n\t\t\t\t\t\t\t\t\n\t\t\n\t\t\t\t\t\t<a class=\"fusion-link-wrapper\" href=\"https:\/\/fapol.org\/pt-br\/blog\/portfolio-items\/solucoes-ao-odio\/?portfolioCats=112\" aria-label=\"Solu\u00e7\u00f5es ao \u00f3dio?\"><\/a>\n\t<\/div>\n<\/div>\n<\/div>\n<div class=\"fusion-portfolio-content\" style=\"background-color:rgba(255,255,255,1);\"><h2 class=\"entry-title fusion-post-title\"><a href=\"https:\/\/fapol.org\/pt-br\/blog\/portfolio-items\/solucoes-ao-odio\/?portfolioCats=112\">Solu\u00e7\u00f5es ao \u00f3dio?<\/a><\/h2><div class=\"fusion-content-sep sep-double sep-solid\" style=\"border-color:#e2e2e2;\"><\/div><div class=\"fusion-post-content\"><p>Por Blanca Musachi &amp; Eliane Costa Dias<\/p><\/div><\/div><\/div><\/article><article id=\"portfolio-1-post-6541\" class=\"fusion-portfolio-post articulos-genero-pt-br genero-pt-br observatorios-pt-br fusion-col-spacing post-6541\"><div class=\"fusion-portfolio-content-wrapper\" style=\"border:1px solid #ffffff;border-bottom-width:3px;background-color:rgba(255,255,255,1);\"><span class=\"vcard rich-snippet-hidden\"><span class=\"fn\"><a href=\"https:\/\/fapol.org\/pt-br\/blog\/author\/gonzalozabala\/\" title=\"Posts de gonzalozabala\" rel=\"author\">gonzalozabala<\/a><\/span><\/span><span class=\"updated rich-snippet-hidden\">2020-09-03T09:24:44-03:00<\/span><div  class=\"fusion-image-wrapper fusion-image-size-fixed\" aria-haspopup=\"true\">\n\t\t\t\t<img decoding=\"async\" width=\"460\" height=\"295\" src=\"https:\/\/fapol.org\/wp-content\/uploads\/2020\/09\/MUSACHI-OLIVEIRA-Escolhas-invencoes-trans-formacoes-460x295.jpg\" class=\"attachment-portfolio-two size-portfolio-two wp-post-image\" alt=\"\" \/><div class=\"fusion-rollover\">\n\t<div class=\"fusion-rollover-content\">\n\n\t\t\t\t\t\t\t\t\t\t\t\t\t\t<a class=\"fusion-rollover-link\" href=\"https:\/\/fapol.org\/pt-br\/blog\/portfolio-items\/escolhas-invencoes-trans-formacoes-solucoes-para-o-real-do-sexo\/?portfolioCats=112\">Escolhas, inven\u00e7\u00f5es, trans-forma\u00e7\u00f5es: solu\u00e7\u00f5es para o real do sexo<\/a>\n\t\t\t\n\t\t\t\t\t\t\t\t\n\t\t\n\t\t\t\t\t\t\t\t\n\t\t\t\t\t\t\t\t\n\t\t\n\t\t\t\t\t\t<a class=\"fusion-link-wrapper\" href=\"https:\/\/fapol.org\/pt-br\/blog\/portfolio-items\/escolhas-invencoes-trans-formacoes-solucoes-para-o-real-do-sexo\/?portfolioCats=112\" aria-label=\"Escolhas, inven\u00e7\u00f5es, trans-forma\u00e7\u00f5es: solu\u00e7\u00f5es para o real do sexo\"><\/a>\n\t<\/div>\n<\/div>\n<\/div>\n<div class=\"fusion-portfolio-content\" style=\"background-color:rgba(255,255,255,1);\"><h2 class=\"entry-title fusion-post-title\"><a href=\"https:\/\/fapol.org\/pt-br\/blog\/portfolio-items\/escolhas-invencoes-trans-formacoes-solucoes-para-o-real-do-sexo\/?portfolioCats=112\">Escolhas, inven\u00e7\u00f5es, trans-forma\u00e7\u00f5es: solu\u00e7\u00f5es para o real do sexo<\/a><\/h2><div class=\"fusion-content-sep sep-double sep-solid\" style=\"border-color:#e2e2e2;\"><\/div><div class=\"fusion-post-content\"><p>Por Blanca Musachi &amp; Niraldo de Oliveira Santos<\/p><\/div><\/div><\/div><\/article><article id=\"portfolio-1-post-6542\" class=\"fusion-portfolio-post articulos-genero-pt-br genero-pt-br observatorios-pt-br fusion-col-spacing post-6542\"><div class=\"fusion-portfolio-content-wrapper\" style=\"border:1px solid #ffffff;border-bottom-width:3px;background-color:rgba(255,255,255,1);\"><span class=\"vcard rich-snippet-hidden\"><span class=\"fn\"><a href=\"https:\/\/fapol.org\/pt-br\/blog\/author\/gonzalozabala\/\" title=\"Posts de gonzalozabala\" rel=\"author\">gonzalozabala<\/a><\/span><\/span><span class=\"updated rich-snippet-hidden\">2020-09-03T09:18:42-03:00<\/span><div  class=\"fusion-image-wrapper fusion-image-size-fixed\" aria-haspopup=\"true\">\n\t\t\t\t<img decoding=\"async\" width=\"460\" height=\"295\" src=\"https:\/\/fapol.org\/wp-content\/uploads\/2020\/09\/MUSACHI-Ser-sexuado-no-seculo-XXI-460x295.jpg\" class=\"attachment-portfolio-two size-portfolio-two wp-post-image\" alt=\"\" \/><div class=\"fusion-rollover\">\n\t<div class=\"fusion-rollover-content\">\n\n\t\t\t\t\t\t\t\t\t\t\t\t\t\t<a class=\"fusion-rollover-link\" href=\"https:\/\/fapol.org\/pt-br\/blog\/portfolio-items\/ser-sexuado-no-seculo-xxi-o-que-ha-de-novo\/?portfolioCats=112\">Ser sexuado no s\u00e9culo XXI: O que h\u00e1 de novo?<\/a>\n\t\t\t\n\t\t\t\t\t\t\t\t\n\t\t\n\t\t\t\t\t\t\t\t\n\t\t\t\t\t\t\t\t\n\t\t\n\t\t\t\t\t\t<a class=\"fusion-link-wrapper\" href=\"https:\/\/fapol.org\/pt-br\/blog\/portfolio-items\/ser-sexuado-no-seculo-xxi-o-que-ha-de-novo\/?portfolioCats=112\" aria-label=\"Ser sexuado no s\u00e9culo XXI: O que h\u00e1 de novo?\"><\/a>\n\t<\/div>\n<\/div>\n<\/div>\n<div class=\"fusion-portfolio-content\" style=\"background-color:rgba(255,255,255,1);\"><h2 class=\"entry-title fusion-post-title\"><a href=\"https:\/\/fapol.org\/pt-br\/blog\/portfolio-items\/ser-sexuado-no-seculo-xxi-o-que-ha-de-novo\/?portfolioCats=112\">Ser sexuado no s\u00e9culo XXI: O que h\u00e1 de novo?<\/a><\/h2><div class=\"fusion-content-sep sep-double sep-solid\" style=\"border-color:#e2e2e2;\"><\/div><div class=\"fusion-post-content\"><p>Por Blanca Musachi<\/p><\/div><\/div><\/div><\/article><article id=\"portfolio-1-post-6569\" class=\"fusion-portfolio-post articulos-genero-pt-br genero-pt-br observatorios-pt-br fusion-col-spacing post-6569\"><div class=\"fusion-portfolio-content-wrapper\" style=\"border:1px solid #ffffff;border-bottom-width:3px;background-color:rgba(255,255,255,1);\"><span class=\"vcard rich-snippet-hidden\"><span class=\"fn\"><a href=\"https:\/\/fapol.org\/pt-br\/blog\/author\/gonzalozabala\/\" title=\"Posts de gonzalozabala\" rel=\"author\">gonzalozabala<\/a><\/span><\/span><span class=\"updated rich-snippet-hidden\">2018-03-19T03:34:03-03:00<\/span><div  class=\"fusion-image-wrapper fusion-image-size-fixed\" aria-haspopup=\"true\">\n\t\t\t\t<img decoding=\"async\" width=\"460\" height=\"295\" src=\"https:\/\/fapol.org\/wp-content\/uploads\/2018\/03\/OLIVEIRA-Doctor-Transformacion-460x295.jpg\" class=\"attachment-portfolio-two size-portfolio-two wp-post-image\" alt=\"\" \/><div class=\"fusion-rollover\">\n\t<div class=\"fusion-rollover-content\">\n\n\t\t\t\t\t\t\t\t\t\t\t\t\t\t<a class=\"fusion-rollover-link\" href=\"https:\/\/fapol.org\/pt-br\/blog\/portfolio-items\/doctor-transformacion-la-cirugia-de-transgenitalizacion-para-todos-los-que-pueden-pagar-ebp\/?portfolioCats=112\">Doctor Transformaci\u00f3n: la cirug\u00eda de transgenitalizaci\u00f3n para todos&#8230; \u00a1los que pueden pagar! &#8211; EBP<\/a>\n\t\t\t\n\t\t\t\t\t\t\t\t\n\t\t\n\t\t\t\t\t\t\t\t\n\t\t\t\t\t\t\t\t\n\t\t\n\t\t\t\t\t\t<a class=\"fusion-link-wrapper\" href=\"https:\/\/fapol.org\/pt-br\/blog\/portfolio-items\/doctor-transformacion-la-cirugia-de-transgenitalizacion-para-todos-los-que-pueden-pagar-ebp\/?portfolioCats=112\" aria-label=\"Doctor Transformaci\u00f3n: la cirug\u00eda de transgenitalizaci\u00f3n para todos&#8230; \u00a1los que pueden pagar! &#8211; EBP\"><\/a>\n\t<\/div>\n<\/div>\n<\/div>\n<div class=\"fusion-portfolio-content\" style=\"background-color:rgba(255,255,255,1);\"><h2 class=\"entry-title fusion-post-title\"><a href=\"https:\/\/fapol.org\/pt-br\/blog\/portfolio-items\/doctor-transformacion-la-cirugia-de-transgenitalizacion-para-todos-los-que-pueden-pagar-ebp\/?portfolioCats=112\">Doctor Transformaci\u00f3n: la cirug\u00eda de transgenitalizaci\u00f3n para todos&#8230; \u00a1los que pueden pagar! &#8211; EBP<\/a><\/h2><div class=\"fusion-content-sep sep-double sep-solid\" style=\"border-color:#e2e2e2;\"><\/div><div class=\"fusion-post-content\"><p>Por Niraldo de Oliveira Santos<\/p><\/div><\/div><\/div><\/article><\/div><\/div><\/div><\/div><\/div><\/div>\n","protected":false},"excerpt":{"rendered":"","protected":false},"author":3,"featured_media":0,"parent":6102,"menu_order":2,"comment_status":"closed","ping_status":"closed","template":"","meta":{"_monsterinsights_skip_tracking":false,"_monsterinsights_sitenote_active":false,"_monsterinsights_sitenote_note":"","_monsterinsights_sitenote_category":0,"footnotes":""},"class_list":["post-6105","page","type-page","status-publish","hentry"],"_links":{"self":[{"href":"https:\/\/fapol.org\/pt-br\/wp-json\/wp\/v2\/pages\/6105","targetHints":{"allow":["GET"]}}],"collection":[{"href":"https:\/\/fapol.org\/pt-br\/wp-json\/wp\/v2\/pages"}],"about":[{"href":"https:\/\/fapol.org\/pt-br\/wp-json\/wp\/v2\/types\/page"}],"author":[{"embeddable":true,"href":"https:\/\/fapol.org\/pt-br\/wp-json\/wp\/v2\/users\/3"}],"replies":[{"embeddable":true,"href":"https:\/\/fapol.org\/pt-br\/wp-json\/wp\/v2\/comments?post=6105"}],"version-history":[{"count":1,"href":"https:\/\/fapol.org\/pt-br\/wp-json\/wp\/v2\/pages\/6105\/revisions"}],"predecessor-version":[{"id":6113,"href":"https:\/\/fapol.org\/pt-br\/wp-json\/wp\/v2\/pages\/6105\/revisions\/6113"}],"up":[{"embeddable":true,"href":"https:\/\/fapol.org\/pt-br\/wp-json\/wp\/v2\/pages\/6102"}],"wp:attachment":[{"href":"https:\/\/fapol.org\/pt-br\/wp-json\/wp\/v2\/media?parent=6105"}],"curies":[{"name":"wp","href":"https:\/\/api.w.org\/{rel}","templated":true}]}}