{"id":6122,"date":"2021-03-05T19:17:58","date_gmt":"2021-03-05T22:17:58","guid":{"rendered":"https:\/\/fapol.org\/redes\/"},"modified":"2025-03-22T19:03:01","modified_gmt":"2025-03-22T22:03:01","slug":"redes","status":"publish","type":"page","link":"https:\/\/fapol.org\/pt-br\/redes\/","title":{"rendered":"REDES"},"content":{"rendered":"<div class=\"fusion-fullwidth fullwidth-box fusion-builder-row-1 fusion-flex-container nonhundred-percent-fullwidth non-hundred-percent-height-scrolling\" style=\"--awb-border-radius-top-left:0px;--awb-border-radius-top-right:0px;--awb-border-radius-bottom-right:0px;--awb-border-radius-bottom-left:0px;--awb-flex-wrap:wrap;\" ><div class=\"fusion-builder-row fusion-row fusion-flex-align-items-flex-start fusion-flex-content-wrap\" style=\"max-width:1248px;margin-left: calc(-4% \/ 2 );margin-right: calc(-4% \/ 2 );\"><div class=\"fusion-layout-column fusion_builder_column fusion-builder-column-0 fusion_builder_column_1_1 1_1 fusion-flex-column\" style=\"--awb-bg-size:cover;--awb-width-large:100%;--awb-margin-top-large:0px;--awb-spacing-right-large:1.92%;--awb-margin-bottom-large:20px;--awb-spacing-left-large:1.92%;--awb-width-medium:100%;--awb-order-medium:0;--awb-spacing-right-medium:1.92%;--awb-spacing-left-medium:1.92%;--awb-width-small:100%;--awb-order-small:0;--awb-spacing-right-small:1.92%;--awb-spacing-left-small:1.92%;\"><div class=\"fusion-column-wrapper fusion-column-has-shadow fusion-flex-justify-content-flex-start fusion-content-layout-column\"><div class=\"fusion-text fusion-text-1\"><p>As Redes da FAPOL trabalham para conectar o extenso campo onde praticantes da psican\u00e1lise da orienta\u00e7\u00e3o lacaniana instalam sua pr\u00e1tica e sua transmiss\u00e3o. Atrav\u00e9s de seus programas de trabalho, as redes articulam encontros, investiga\u00e7\u00f5es, interc\u00e2mbios e conversa\u00e7\u00f5es para manter vivo o ensino de Lacan nos diferentes contextos de sua oferta para garantir, no \u00e2mbito epist\u00eamico, cl\u00ednico e pol\u00edtico, a presen\u00e7a da psican\u00e1lise e sua a\u00e7\u00e3o lacaniana na Am\u00e9rica Latina.<\/p>\n<\/div><\/div><\/div><\/div><\/div>\n","protected":false},"excerpt":{"rendered":"","protected":false},"author":3,"featured_media":0,"parent":0,"menu_order":3,"comment_status":"closed","ping_status":"closed","template":"","meta":{"_monsterinsights_skip_tracking":false,"_monsterinsights_sitenote_active":false,"_monsterinsights_sitenote_note":"","_monsterinsights_sitenote_category":0,"footnotes":""},"class_list":["post-6122","page","type-page","status-publish","hentry"],"_links":{"self":[{"href":"https:\/\/fapol.org\/pt-br\/wp-json\/wp\/v2\/pages\/6122","targetHints":{"allow":["GET"]}}],"collection":[{"href":"https:\/\/fapol.org\/pt-br\/wp-json\/wp\/v2\/pages"}],"about":[{"href":"https:\/\/fapol.org\/pt-br\/wp-json\/wp\/v2\/types\/page"}],"author":[{"embeddable":true,"href":"https:\/\/fapol.org\/pt-br\/wp-json\/wp\/v2\/users\/3"}],"replies":[{"embeddable":true,"href":"https:\/\/fapol.org\/pt-br\/wp-json\/wp\/v2\/comments?post=6122"}],"version-history":[{"count":3,"href":"https:\/\/fapol.org\/pt-br\/wp-json\/wp\/v2\/pages\/6122\/revisions"}],"predecessor-version":[{"id":7125,"href":"https:\/\/fapol.org\/pt-br\/wp-json\/wp\/v2\/pages\/6122\/revisions\/7125"}],"wp:attachment":[{"href":"https:\/\/fapol.org\/pt-br\/wp-json\/wp\/v2\/media?parent=6122"}],"curies":[{"name":"wp","href":"https:\/\/api.w.org\/{rel}","templated":true}]}}