{"id":6127,"date":"2021-05-12T22:12:07","date_gmt":"2021-05-13T01:12:07","guid":{"rendered":"https:\/\/fapol.org\/redes\/red-universitaria-americana\/actividades\/"},"modified":"2024-12-14T09:17:20","modified_gmt":"2024-12-14T12:17:20","slug":"atividades","status":"publish","type":"page","link":"https:\/\/fapol.org\/pt-br\/redes\/rede-universitaria-americana\/atividades\/","title":{"rendered":"Atividades"},"content":{"rendered":"<p><div class=\"fusion-fullwidth fullwidth-box fusion-builder-row-1 fusion-flex-container nonhundred-percent-fullwidth non-hundred-percent-height-scrolling\" style=\"--awb-border-radius-top-left:0px;--awb-border-radius-top-right:0px;--awb-border-radius-bottom-right:0px;--awb-border-radius-bottom-left:0px;--awb-flex-wrap:wrap;\" ><div class=\"fusion-builder-row fusion-row fusion-flex-align-items-flex-start fusion-flex-content-wrap\" style=\"max-width:1248px;margin-left: calc(-4% \/ 2 );margin-right: calc(-4% \/ 2 );\"><div class=\"fusion-layout-column fusion_builder_column fusion-builder-column-0 fusion_builder_column_1_1 1_1 fusion-flex-column\" style=\"--awb-bg-size:cover;--awb-width-large:100%;--awb-margin-top-large:0px;--awb-spacing-right-large:1.92%;--awb-margin-bottom-large:20px;--awb-spacing-left-large:1.92%;--awb-width-medium:100%;--awb-order-medium:0;--awb-spacing-right-medium:1.92%;--awb-spacing-left-medium:1.92%;--awb-width-small:100%;--awb-order-small:0;--awb-spacing-right-small:1.92%;--awb-spacing-left-small:1.92%;\"><div class=\"fusion-column-wrapper fusion-column-has-shadow fusion-flex-justify-content-flex-start fusion-content-layout-column\"><div class=\"fusion-title title fusion-title-1 fusion-sep-none fusion-title-center fusion-title-text fusion-title-size-one\" style=\"--awb-text-color:#c4c4c4;\"><h1 class=\"fusion-title-heading title-heading-center\" style=\"margin:0;\">EM BREVE<\/h1><\/div><\/div><\/div><\/div><\/div><div class=\"fusion-fullwidth fullwidth-box fusion-builder-row-2 fusion-flex-container nonhundred-percent-fullwidth non-hundred-percent-height-scrolling\" style=\"--awb-border-radius-top-left:0px;--awb-border-radius-top-right:0px;--awb-border-radius-bottom-right:0px;--awb-border-radius-bottom-left:0px;--awb-flex-wrap:wrap;\" ><div class=\"fusion-builder-row fusion-row fusion-flex-align-items-flex-start fusion-flex-content-wrap\" style=\"max-width:1248px;margin-left: calc(-4% \/ 2 );margin-right: calc(-4% \/ 2 );\"><div class=\"fusion-layout-column fusion_builder_column fusion-builder-column-1 fusion_builder_column_1_1 1_1 fusion-flex-column\" style=\"--awb-bg-size:cover;--awb-width-large:100%;--awb-margin-top-large:0px;--awb-spacing-right-large:1.92%;--awb-margin-bottom-large:20px;--awb-spacing-left-large:1.92%;--awb-width-medium:100%;--awb-order-medium:0;--awb-spacing-right-medium:1.92%;--awb-spacing-left-medium:1.92%;--awb-width-small:100%;--awb-order-small:0;--awb-spacing-right-small:1.92%;--awb-spacing-left-small:1.92%;\"><div class=\"fusion-column-wrapper fusion-column-has-shadow fusion-flex-justify-content-flex-start fusion-content-layout-column\"><style type=\"text\/css\">.fusion-portfolio-wrapper#fusion-portfolio-1 .fusion-portfolio-content{ padding: 25px 25px 25px 25px; text-align: left; }<\/style><div class=\"fusion-recent-works fusion-portfolio-element fusion-portfolio fusion-portfolio-1 fusion-portfolio-grid fusion-portfolio-paging-load-more-button fusion-portfolio-two fusion-portfolio-boxed fusion-portfolio-text fusion-portfolio-equal-heights fusion-portfolio-rollover fusion-animated\" data-id=\"-rw-1\" data-columns=\"two\" data-animationType=\"slideInUp\" data-animationDuration=\"1.2\" data-animationOffset=\"top-into-view\"><style type=\"text\/css\">.fusion-portfolio-1 .fusion-portfolio-wrapper .fusion-col-spacing{padding:10px;}<\/style><div class=\"fusion-portfolio-wrapper\" id=\"fusion-portfolio-1\" data-picturesize=\"fixed\" data-pages=\"1\" style=\"margin:-10px;\"><article id=\"portfolio-1-post-6276\" class=\"fusion-portfolio-post actividades-rua-pt-br inicio-pt-br redes-pt-br rua-pt-br fusion-col-spacing post-6276\"><div class=\"fusion-portfolio-content-wrapper\" style=\"border:1px solid #ffffff;border-bottom-width:3px;background-color:rgba(255,255,255,1);\"><span class=\"vcard rich-snippet-hidden\"><span class=\"fn\"><a href=\"https:\/\/fapol.org\/pt-br\/blog\/author\/gonzalozabala\/\" title=\"Posts de gonzalozabala\" rel=\"author\">gonzalozabala<\/a><\/span><\/span><span class=\"updated rich-snippet-hidden\">2024-12-16T15:48:22-03:00<\/span><div  class=\"fusion-image-wrapper fusion-image-size-fixed\" aria-haspopup=\"true\">\n\t\t\t\t<img decoding=\"async\" width=\"460\" height=\"295\" src=\"https:\/\/fapol.org\/wp-content\/uploads\/2023\/12\/Imagen-de-WhatsApp-2023-12-27-a-las-21.19.50_0bf2f486-460x295.jpg\" class=\"attachment-portfolio-two size-portfolio-two wp-post-image\" alt=\"\" \/><div class=\"fusion-rollover\">\n\t<div class=\"fusion-rollover-content\">\n\n\t\t\t\t\t\t\t\t\t\t\t\t\t\t<a class=\"fusion-rollover-link\" href=\"https:\/\/fapol.org\/pt-br\/blog\/portfolio-items\/diplomatura-de-posgrado-en-estudios-avanzados-en-intervenciones-en-la-clinica-psicoanalitica-actual\/?portfolioCats=91\">Diplomatura de posgrado en estudios avanzados en INTERVENCIONES EN LA CL\u00cdNICA PSICOANAL\u00cdTICA ACTUAL<\/a>\n\t\t\t\n\t\t\t\t\t\t\t\t\n\t\t\n\t\t\t\t\t\t\t\t\n\t\t\t\t\t\t\t\t\n\t\t\n\t\t\t\t\t\t<a class=\"fusion-link-wrapper\" href=\"https:\/\/fapol.org\/pt-br\/blog\/portfolio-items\/diplomatura-de-posgrado-en-estudios-avanzados-en-intervenciones-en-la-clinica-psicoanalitica-actual\/?portfolioCats=91\" aria-label=\"Diplomatura de posgrado en estudios avanzados en INTERVENCIONES EN LA CL\u00cdNICA PSICOANAL\u00cdTICA ACTUAL\"><\/a>\n\t<\/div>\n<\/div>\n<\/div>\n<div class=\"fusion-portfolio-content\" style=\"background-color:rgba(255,255,255,1);\"><h2 class=\"entry-title fusion-post-title\"><a href=\"https:\/\/fapol.org\/pt-br\/blog\/portfolio-items\/diplomatura-de-posgrado-en-estudios-avanzados-en-intervenciones-en-la-clinica-psicoanalitica-actual\/?portfolioCats=91\">Diplomatura de posgrado en estudios avanzados en INTERVENCIONES EN LA CL\u00cdNICA PSICOANAL\u00cdTICA ACTUAL<\/a><\/h2><div class=\"fusion-content-sep sep-double sep-solid\" style=\"border-color:#e2e2e2;\"><\/div><div class=\"fusion-post-content\"><p>    Este a\u00f1o se concret\u00f3 la firma del Convenio EOL Secci\u00f3n Rosario-UNR,  [...]<\/p><\/div><\/div><\/div><\/article><article id=\"portfolio-1-post-6280\" class=\"fusion-portfolio-post actividades-rua-pt-br inicio-pt-br redes-pt-br rua-pt-br fusion-col-spacing post-6280\"><div class=\"fusion-portfolio-content-wrapper\" style=\"border:1px solid #ffffff;border-bottom-width:3px;background-color:rgba(255,255,255,1);\"><span class=\"vcard rich-snippet-hidden\"><span class=\"fn\"><a href=\"https:\/\/fapol.org\/pt-br\/blog\/author\/gonzalozabala\/\" title=\"Posts de gonzalozabala\" rel=\"author\">gonzalozabala<\/a><\/span><\/span><span class=\"updated rich-snippet-hidden\">2023-11-16T13:37:11-03:00<\/span><div  class=\"fusion-image-wrapper fusion-image-size-fixed\" aria-haspopup=\"true\">\n\t\t\t\t<img decoding=\"async\" width=\"460\" height=\"295\" src=\"https:\/\/fapol.org\/wp-content\/uploads\/2023\/11\/CYTHERE-6-Presentacion-460x295.jpg\" class=\"attachment-portfolio-two size-portfolio-two wp-post-image\" alt=\"\" \/><div class=\"fusion-rollover\">\n\t<div class=\"fusion-rollover-content\">\n\n\t\t\t\t\t\t\t\t\t\t\t\t\t\t<a class=\"fusion-rollover-link\" href=\"https:\/\/fapol.org\/pt-br\/blog\/portfolio-items\/presentacion-revista-cythere-6-el-porvenir-del-psicoanalisis-en-la-uba\/?portfolioCats=91\">Presentaci\u00f3n Revista Cyth\u00e8re? #6 &#8220;El porvenir del psicoan\u00e1lisis&#8221; en la UBA<\/a>\n\t\t\t\n\t\t\t\t\t\t\t\t\n\t\t\n\t\t\t\t\t\t\t\t\n\t\t\t\t\t\t\t\t\n\t\t\n\t\t\t\t\t\t<a class=\"fusion-link-wrapper\" href=\"https:\/\/fapol.org\/pt-br\/blog\/portfolio-items\/presentacion-revista-cythere-6-el-porvenir-del-psicoanalisis-en-la-uba\/?portfolioCats=91\" aria-label=\"Presentaci\u00f3n Revista Cyth\u00e8re? #6 &#8220;El porvenir del psicoan\u00e1lisis&#8221; en la UBA\"><\/a>\n\t<\/div>\n<\/div>\n<\/div>\n<div class=\"fusion-portfolio-content\" style=\"background-color:rgba(255,255,255,1);\"><h2 class=\"entry-title fusion-post-title\"><a href=\"https:\/\/fapol.org\/pt-br\/blog\/portfolio-items\/presentacion-revista-cythere-6-el-porvenir-del-psicoanalisis-en-la-uba\/?portfolioCats=91\">Presentaci\u00f3n Revista Cyth\u00e8re? #6 &#8220;El porvenir del psicoan\u00e1lisis&#8221; en la UBA<\/a><\/h2><div class=\"fusion-content-sep sep-double sep-solid\" style=\"border-color:#e2e2e2;\"><\/div><div class=\"fusion-post-content\"><p><\/p><\/div><\/div><\/div><\/article><article id=\"portfolio-1-post-6281\" class=\"fusion-portfolio-post actividades-rua-pt-br inicio-pt-br redes-pt-br rua-pt-br fusion-col-spacing post-6281\"><div class=\"fusion-portfolio-content-wrapper\" style=\"border:1px solid #ffffff;border-bottom-width:3px;background-color:rgba(255,255,255,1);\"><span class=\"vcard rich-snippet-hidden\"><span class=\"fn\"><a href=\"https:\/\/fapol.org\/pt-br\/blog\/author\/gonzalozabala\/\" title=\"Posts de gonzalozabala\" rel=\"author\">gonzalozabala<\/a><\/span><\/span><span class=\"updated rich-snippet-hidden\">2023-10-06T16:26:33-03:00<\/span><div  class=\"fusion-image-wrapper fusion-image-size-fixed\" aria-haspopup=\"true\">\n\t\t\t\t<img decoding=\"async\" width=\"460\" height=\"295\" src=\"https:\/\/fapol.org\/wp-content\/uploads\/2023\/10\/Imagen-de-WhatsApp-2023-10-06-a-las-15.54.07_a092b767-460x295.jpg\" class=\"attachment-portfolio-two size-portfolio-two wp-post-image\" alt=\"\" \/><div class=\"fusion-rollover\">\n\t<div class=\"fusion-rollover-content\">\n\n\t\t\t\t\t\t\t\t\t\t\t\t\t\t<a class=\"fusion-rollover-link\" href=\"https:\/\/fapol.org\/pt-br\/blog\/portfolio-items\/psicoanalisis-genero-y-formacion-del-medico\/?portfolioCats=91\">Psicoan\u00e1lisis, g\u00e9nero y formaci\u00f3n del m\u00e9dico<\/a>\n\t\t\t\n\t\t\t\t\t\t\t\t\n\t\t\n\t\t\t\t\t\t\t\t\n\t\t\t\t\t\t\t\t\n\t\t\n\t\t\t\t\t\t<a class=\"fusion-link-wrapper\" href=\"https:\/\/fapol.org\/pt-br\/blog\/portfolio-items\/psicoanalisis-genero-y-formacion-del-medico\/?portfolioCats=91\" aria-label=\"Psicoan\u00e1lisis, g\u00e9nero y formaci\u00f3n del m\u00e9dico\"><\/a>\n\t<\/div>\n<\/div>\n<\/div>\n<div class=\"fusion-portfolio-content\" style=\"background-color:rgba(255,255,255,1);\"><h2 class=\"entry-title fusion-post-title\"><a href=\"https:\/\/fapol.org\/pt-br\/blog\/portfolio-items\/psicoanalisis-genero-y-formacion-del-medico\/?portfolioCats=91\">Psicoan\u00e1lisis, g\u00e9nero y formaci\u00f3n del m\u00e9dico<\/a><\/h2><div class=\"fusion-content-sep sep-double sep-solid\" style=\"border-color:#e2e2e2;\"><\/div><div class=\"fusion-post-content\"><p><\/p><\/div><\/div><\/div><\/article><article id=\"portfolio-1-post-6283\" class=\"fusion-portfolio-post actividades-rua-pt-br inicio-pt-br redes-pt-br rua-pt-br fusion-col-spacing post-6283\"><div class=\"fusion-portfolio-content-wrapper\" style=\"border:1px solid #ffffff;border-bottom-width:3px;background-color:rgba(255,255,255,1);\"><span class=\"vcard rich-snippet-hidden\"><span class=\"fn\"><a href=\"https:\/\/fapol.org\/pt-br\/blog\/author\/gonzalozabala\/\" title=\"Posts de gonzalozabala\" rel=\"author\">gonzalozabala<\/a><\/span><\/span><span class=\"updated rich-snippet-hidden\">2024-12-16T16:10:33-03:00<\/span><div  class=\"fusion-image-wrapper fusion-image-size-fixed\" aria-haspopup=\"true\">\n\t\t\t\t<img decoding=\"async\" width=\"460\" height=\"295\" src=\"https:\/\/fapol.org\/wp-content\/uploads\/2024\/12\/RUA_Conv_PT-800x1422-1-460x295.jpg\" class=\"attachment-portfolio-two size-portfolio-two wp-post-image\" alt=\"\" \/><div class=\"fusion-rollover\">\n\t<div class=\"fusion-rollover-content\">\n\n\t\t\t\t\t\t\t\t\t\t\t\t\t\t<a class=\"fusion-rollover-link\" href=\"https:\/\/fapol.org\/pt-br\/blog\/portfolio-items\/conversacao-federativa-da-rua-ciencia-e-verdade-no-seculo-xxi-o-imperio-neuro-e-as-tcc\/?portfolioCats=91\">Conversa\u00e7\u00e3o Federativa da RUA &#8211; Ci\u00eancia e verdade no s\u00e9culo XXI: o imp\u00e9rio neuro e as TCC<\/a>\n\t\t\t\n\t\t\t\t\t\t\t\t\n\t\t\n\t\t\t\t\t\t\t\t\n\t\t\t\t\t\t\t\t\n\t\t\n\t\t\t\t\t\t<a class=\"fusion-link-wrapper\" href=\"https:\/\/fapol.org\/pt-br\/blog\/portfolio-items\/conversacao-federativa-da-rua-ciencia-e-verdade-no-seculo-xxi-o-imperio-neuro-e-as-tcc\/?portfolioCats=91\" aria-label=\"Conversa\u00e7\u00e3o Federativa da RUA &#8211; Ci\u00eancia e verdade no s\u00e9culo XXI: o imp\u00e9rio neuro e as TCC\"><\/a>\n\t<\/div>\n<\/div>\n<\/div>\n<div class=\"fusion-portfolio-content\" style=\"background-color:rgba(255,255,255,1);\"><h2 class=\"entry-title fusion-post-title\"><a href=\"https:\/\/fapol.org\/pt-br\/blog\/portfolio-items\/conversacao-federativa-da-rua-ciencia-e-verdade-no-seculo-xxi-o-imperio-neuro-e-as-tcc\/?portfolioCats=91\">Conversa\u00e7\u00e3o Federativa da RUA &#8211; Ci\u00eancia e verdade no s\u00e9culo XXI: o imp\u00e9rio neuro e as TCC<\/a><\/h2><div class=\"fusion-content-sep sep-double sep-solid\" style=\"border-color:#e2e2e2;\"><\/div><div class=\"fusion-post-content\"><p> Queridos colegas: Temos o prazer de anunciar que no dia 30 de setembro, s\u00e1bado,  [...]<\/p><\/div><\/div><\/div><\/article><article id=\"portfolio-1-post-6287\" class=\"fusion-portfolio-post actividades-rua-pt-br inicio-pt-br redes-pt-br rua-pt-br fusion-col-spacing post-6287\"><div class=\"fusion-portfolio-content-wrapper\" style=\"border:1px solid #ffffff;border-bottom-width:3px;background-color:rgba(255,255,255,1);\"><span class=\"vcard rich-snippet-hidden\"><span class=\"fn\"><a href=\"https:\/\/fapol.org\/pt-br\/blog\/author\/gonzalozabala\/\" title=\"Posts de gonzalozabala\" rel=\"author\">gonzalozabala<\/a><\/span><\/span><span class=\"updated rich-snippet-hidden\">2024-12-16T16:18:43-03:00<\/span><div  class=\"fusion-image-wrapper fusion-image-size-fixed\" aria-haspopup=\"true\">\n\t\t\t\t<img decoding=\"async\" width=\"460\" height=\"295\" src=\"https:\/\/fapol.org\/wp-content\/uploads\/2023\/01\/RUA_PT-800x1131-1-460x295.jpg\" class=\"attachment-portfolio-two size-portfolio-two wp-post-image\" alt=\"\" \/><div class=\"fusion-rollover\">\n\t<div class=\"fusion-rollover-content\">\n\n\t\t\t\t\t\t\t\t\t\t\t\t\t\t<a class=\"fusion-rollover-link\" href=\"https:\/\/fapol.org\/pt-br\/blog\/portfolio-items\/3o-encuentro-de-rua-la-transmision-de-la-eficacia-del-psicoanalisis-de-orientacion-lacaniana-en-la-universidad\/?portfolioCats=91\">3\u00ba Encuentro de RUA &#8220;La transmisi\u00f3n de la eficacia del psicoan\u00e1lisis de orientaci\u00f3n lacaniana en la universidad\u201d<\/a>\n\t\t\t\n\t\t\t\t\t\t\t\t\n\t\t\n\t\t\t\t\t\t\t\t\n\t\t\t\t\t\t\t\t\n\t\t\n\t\t\t\t\t\t<a class=\"fusion-link-wrapper\" href=\"https:\/\/fapol.org\/pt-br\/blog\/portfolio-items\/3o-encuentro-de-rua-la-transmision-de-la-eficacia-del-psicoanalisis-de-orientacion-lacaniana-en-la-universidad\/?portfolioCats=91\" aria-label=\"3\u00ba Encuentro de RUA &#8220;La transmisi\u00f3n de la eficacia del psicoan\u00e1lisis de orientaci\u00f3n lacaniana en la universidad\u201d\"><\/a>\n\t<\/div>\n<\/div>\n<\/div>\n<div class=\"fusion-portfolio-content\" style=\"background-color:rgba(255,255,255,1);\"><h2 class=\"entry-title fusion-post-title\"><a href=\"https:\/\/fapol.org\/pt-br\/blog\/portfolio-items\/3o-encuentro-de-rua-la-transmision-de-la-eficacia-del-psicoanalisis-de-orientacion-lacaniana-en-la-universidad\/?portfolioCats=91\">3\u00ba Encuentro de RUA &#8220;La transmisi\u00f3n de la eficacia del psicoan\u00e1lisis de orientaci\u00f3n lacaniana en la universidad\u201d<\/a><\/h2><div class=\"fusion-content-sep sep-double sep-solid\" style=\"border-color:#e2e2e2;\"><\/div><div class=\"fusion-post-content\"><p> Caras\/os colegasFazemos chegar at\u00e9 voc\u00eas o convite para participar do 3\u00ba encontro da RUA  [...]<\/p><\/div><\/div><\/div><\/article><article id=\"portfolio-1-post-6338\" class=\"fusion-portfolio-post actividades-rua-pt-br redes-pt-br rua-pt-br fusion-col-spacing post-6338\"><div class=\"fusion-portfolio-content-wrapper\" style=\"border:1px solid #ffffff;border-bottom-width:3px;background-color:rgba(255,255,255,1);\"><span class=\"vcard rich-snippet-hidden\"><span class=\"fn\"><a href=\"https:\/\/fapol.org\/pt-br\/blog\/author\/gonzalozabala\/\" title=\"Posts de gonzalozabala\" rel=\"author\">gonzalozabala<\/a><\/span><\/span><span class=\"updated rich-snippet-hidden\">2024-12-16T16:35:04-03:00<\/span><div  class=\"fusion-image-wrapper fusion-image-size-fixed\" aria-haspopup=\"true\">\n\t\t\t\t<img decoding=\"async\" width=\"460\" height=\"295\" src=\"https:\/\/fapol.org\/wp-content\/uploads\/2022\/05\/RUA-portugues-final-800x1236-1-460x295.png\" class=\"attachment-portfolio-two size-portfolio-two wp-post-image\" alt=\"\" \/><div class=\"fusion-rollover\">\n\t<div class=\"fusion-rollover-content\">\n\n\t\t\t\t\t\t\t\t\t\t\t\t\t\t<a class=\"fusion-rollover-link\" href=\"https:\/\/fapol.org\/pt-br\/blog\/portfolio-items\/falo-binarismo-e-diferenca-sexual\/?portfolioCats=91\">Falo, binarismo e diferen\u00e7a sexual<\/a>\n\t\t\t\n\t\t\t\t\t\t\t\t\n\t\t\n\t\t\t\t\t\t\t\t\n\t\t\t\t\t\t\t\t\n\t\t\n\t\t\t\t\t\t<a class=\"fusion-link-wrapper\" href=\"https:\/\/fapol.org\/pt-br\/blog\/portfolio-items\/falo-binarismo-e-diferenca-sexual\/?portfolioCats=91\" aria-label=\"Falo, binarismo e diferen\u00e7a sexual\"><\/a>\n\t<\/div>\n<\/div>\n<\/div>\n<div class=\"fusion-portfolio-content\" style=\"background-color:rgba(255,255,255,1);\"><h2 class=\"entry-title fusion-post-title\"><a href=\"https:\/\/fapol.org\/pt-br\/blog\/portfolio-items\/falo-binarismo-e-diferenca-sexual\/?portfolioCats=91\">Falo, binarismo e diferen\u00e7a sexual<\/a><\/h2><div class=\"fusion-content-sep sep-double sep-solid\" style=\"border-color:#e2e2e2;\"><\/div><div class=\"fusion-post-content\"><p> Reuni\u00e3o RUA 4 de junho 17hs BRASIL-ARGENTINA, 16hs CHILE. Abren conversaci\u00f3n: * Jorge Assef.  [...]<\/p><\/div><\/div><\/div><\/article><article id=\"portfolio-1-post-6355\" class=\"fusion-portfolio-post actividades-rua-pt-br redes-pt-br rua-pt-br fusion-col-spacing post-6355\"><div class=\"fusion-portfolio-content-wrapper\" style=\"border:1px solid #ffffff;border-bottom-width:3px;background-color:rgba(255,255,255,1);\"><span class=\"vcard rich-snippet-hidden\"><span class=\"fn\"><a href=\"https:\/\/fapol.org\/pt-br\/blog\/author\/gonzalozabala\/\" title=\"Posts de gonzalozabala\" rel=\"author\">gonzalozabala<\/a><\/span><\/span><span class=\"updated rich-snippet-hidden\">2021-10-14T09:51:27-03:00<\/span><div  class=\"fusion-image-wrapper fusion-image-size-fixed\" aria-haspopup=\"true\">\n\t\t\t\t<img decoding=\"async\" width=\"460\" height=\"295\" src=\"https:\/\/fapol.org\/wp-content\/uploads\/2021\/10\/SAVE_20211022_105952-460x295.jpg\" class=\"attachment-portfolio-two size-portfolio-two wp-post-image\" alt=\"\" \/><div class=\"fusion-rollover\">\n\t<div class=\"fusion-rollover-content\">\n\n\t\t\t\t\t\t\t\t\t\t\t\t\t\t<a class=\"fusion-rollover-link\" href=\"https:\/\/fapol.org\/pt-br\/blog\/portfolio-items\/patriarcado-y-funcion-paterna\/?portfolioCats=91\">Patriarcado y funci\u00f3n paterna<\/a>\n\t\t\t\n\t\t\t\t\t\t\t\t\n\t\t\n\t\t\t\t\t\t\t\t\n\t\t\t\t\t\t\t\t\n\t\t\n\t\t\t\t\t\t<a class=\"fusion-link-wrapper\" href=\"https:\/\/fapol.org\/pt-br\/blog\/portfolio-items\/patriarcado-y-funcion-paterna\/?portfolioCats=91\" aria-label=\"Patriarcado y funci\u00f3n paterna\"><\/a>\n\t<\/div>\n<\/div>\n<\/div>\n<div class=\"fusion-portfolio-content\" style=\"background-color:rgba(255,255,255,1);\"><h2 class=\"entry-title fusion-post-title\"><a href=\"https:\/\/fapol.org\/pt-br\/blog\/portfolio-items\/patriarcado-y-funcion-paterna\/?portfolioCats=91\">Patriarcado y funci\u00f3n paterna<\/a><\/h2><div class=\"fusion-content-sep sep-double sep-solid\" style=\"border-color:#e2e2e2;\"><\/div><div class=\"fusion-post-content\"><p> Fecha: 13 de noviembre. Hora: 17 hrs Chile - Argentina - Brasil. Invitados: Antonio  [...]<\/p><\/div><\/div><\/div><\/article><article id=\"portfolio-1-post-6358\" class=\"fusion-portfolio-post actividades-rua-pt-br redes-pt-br rua-pt-br fusion-col-spacing post-6358\"><div class=\"fusion-portfolio-content-wrapper\" style=\"border:1px solid #ffffff;border-bottom-width:3px;background-color:rgba(255,255,255,1);\"><span class=\"vcard rich-snippet-hidden\"><span class=\"fn\"><a href=\"https:\/\/fapol.org\/pt-br\/blog\/author\/gonzalozabala\/\" title=\"Posts de gonzalozabala\" rel=\"author\">gonzalozabala<\/a><\/span><\/span><span class=\"updated rich-snippet-hidden\">2021-09-28T18:25:25-03:00<\/span><div  class=\"fusion-image-wrapper fusion-image-size-fixed\" aria-haspopup=\"true\">\n\t\t\t\t<img decoding=\"async\" width=\"460\" height=\"295\" src=\"https:\/\/fapol.org\/wp-content\/uploads\/2021\/09\/1632793174717-460x295.jpg\" class=\"attachment-portfolio-two size-portfolio-two wp-post-image\" alt=\"\" \/><div class=\"fusion-rollover\">\n\t<div class=\"fusion-rollover-content\">\n\n\t\t\t\t\t\t\t\t\t\t\t\t\t\t<a class=\"fusion-rollover-link\" href=\"https:\/\/fapol.org\/pt-br\/blog\/portfolio-items\/conversatorio-progresos-fracasos-reinvenciones\/?portfolioCats=91\">Conversatorio: progresos, fracasos, reinvenciones<\/a>\n\t\t\t\n\t\t\t\t\t\t\t\t\n\t\t\n\t\t\t\t\t\t\t\t\n\t\t\t\t\t\t\t\t\n\t\t\n\t\t\t\t\t\t<a class=\"fusion-link-wrapper\" href=\"https:\/\/fapol.org\/pt-br\/blog\/portfolio-items\/conversatorio-progresos-fracasos-reinvenciones\/?portfolioCats=91\" aria-label=\"Conversatorio: progresos, fracasos, reinvenciones\"><\/a>\n\t<\/div>\n<\/div>\n<\/div>\n<div class=\"fusion-portfolio-content\" style=\"background-color:rgba(255,255,255,1);\"><h2 class=\"entry-title fusion-post-title\"><a href=\"https:\/\/fapol.org\/pt-br\/blog\/portfolio-items\/conversatorio-progresos-fracasos-reinvenciones\/?portfolioCats=91\">Conversatorio: progresos, fracasos, reinvenciones<\/a><\/h2><div class=\"fusion-content-sep sep-double sep-solid\" style=\"border-color:#e2e2e2;\"><\/div><div class=\"fusion-post-content\"><p> La Revista El escabel de La Plata con Revista Psicolog\u00eda de la UNLP, Revista  [...]<\/p><\/div><\/div><\/div><\/article><article id=\"portfolio-1-post-6403\" class=\"fusion-portfolio-post actividades-rua-pt-br redes-pt-br rua-pt-br fusion-col-spacing post-6403\"><div class=\"fusion-portfolio-content-wrapper\" style=\"border:1px solid #ffffff;border-bottom-width:3px;background-color:rgba(255,255,255,1);\"><span class=\"vcard rich-snippet-hidden\"><span class=\"fn\"><a href=\"https:\/\/fapol.org\/pt-br\/blog\/author\/gonzalozabala\/\" title=\"Posts de gonzalozabala\" rel=\"author\">gonzalozabala<\/a><\/span><\/span><span class=\"updated rich-snippet-hidden\">2021-07-08T11:27:23-03:00<\/span><div  class=\"fusion-image-wrapper fusion-image-size-fixed\" aria-haspopup=\"true\">\n\t\t\t\t<img decoding=\"async\" width=\"460\" height=\"295\" src=\"https:\/\/fapol.org\/wp-content\/uploads\/2021\/07\/RUA-460x295.jpeg\" class=\"attachment-portfolio-two size-portfolio-two wp-post-image\" alt=\"\" \/><div class=\"fusion-rollover\">\n\t<div class=\"fusion-rollover-content\">\n\n\t\t\t\t\t\t\t\t\t\t\t\t\t\t<a class=\"fusion-rollover-link\" href=\"https:\/\/fapol.org\/pt-br\/blog\/portfolio-items\/en-la-universidad-no-se-puede-hablar-de-polemizaran-incitaran-cosquillearan\/?portfolioCats=91\">En la universidad no se puede hablar de&#8230; Polemizar\u00e1n, incitar\u00e1n, cosquillear\u00e1n.<\/a>\n\t\t\t\n\t\t\t\t\t\t\t\t\n\t\t\n\t\t\t\t\t\t\t\t\n\t\t\t\t\t\t\t\t\n\t\t\n\t\t\t\t\t\t<a class=\"fusion-link-wrapper\" href=\"https:\/\/fapol.org\/pt-br\/blog\/portfolio-items\/en-la-universidad-no-se-puede-hablar-de-polemizaran-incitaran-cosquillearan\/?portfolioCats=91\" aria-label=\"En la universidad no se puede hablar de&#8230; Polemizar\u00e1n, incitar\u00e1n, cosquillear\u00e1n.\"><\/a>\n\t<\/div>\n<\/div>\n<\/div>\n<div class=\"fusion-portfolio-content\" style=\"background-color:rgba(255,255,255,1);\"><h2 class=\"entry-title fusion-post-title\"><a href=\"https:\/\/fapol.org\/pt-br\/blog\/portfolio-items\/en-la-universidad-no-se-puede-hablar-de-polemizaran-incitaran-cosquillearan\/?portfolioCats=91\">En la universidad no se puede hablar de&#8230; Polemizar\u00e1n, incitar\u00e1n, cosquillear\u00e1n.<\/a><\/h2><div class=\"fusion-content-sep sep-double sep-solid\" style=\"border-color:#e2e2e2;\"><\/div><div class=\"fusion-post-content\"><p>Fecha: 10 de julio 2021.Hora: 16:00 hrs. Chile.Invitados:Andrea Berger y Roberto Bertholet. (EOL).Cleide Pereira Monteiro  [...]<\/p><\/div><\/div><\/div><\/article><\/div><\/div><\/div><\/div><\/div><\/div><\/p>\n","protected":false},"excerpt":{"rendered":"","protected":false},"author":3,"featured_media":0,"parent":6124,"menu_order":1,"comment_status":"closed","ping_status":"closed","template":"","meta":{"_monsterinsights_skip_tracking":false,"_monsterinsights_sitenote_active":false,"_monsterinsights_sitenote_note":"","_monsterinsights_sitenote_category":0,"footnotes":""},"class_list":["post-6127","page","type-page","status-publish","hentry"],"_links":{"self":[{"href":"https:\/\/fapol.org\/pt-br\/wp-json\/wp\/v2\/pages\/6127","targetHints":{"allow":["GET"]}}],"collection":[{"href":"https:\/\/fapol.org\/pt-br\/wp-json\/wp\/v2\/pages"}],"about":[{"href":"https:\/\/fapol.org\/pt-br\/wp-json\/wp\/v2\/types\/page"}],"author":[{"embeddable":true,"href":"https:\/\/fapol.org\/pt-br\/wp-json\/wp\/v2\/users\/3"}],"replies":[{"embeddable":true,"href":"https:\/\/fapol.org\/pt-br\/wp-json\/wp\/v2\/comments?post=6127"}],"version-history":[{"count":1,"href":"https:\/\/fapol.org\/pt-br\/wp-json\/wp\/v2\/pages\/6127\/revisions"}],"predecessor-version":[{"id":6134,"href":"https:\/\/fapol.org\/pt-br\/wp-json\/wp\/v2\/pages\/6127\/revisions\/6134"}],"up":[{"embeddable":true,"href":"https:\/\/fapol.org\/pt-br\/wp-json\/wp\/v2\/pages\/6124"}],"wp:attachment":[{"href":"https:\/\/fapol.org\/pt-br\/wp-json\/wp\/v2\/media?parent=6127"}],"curies":[{"name":"wp","href":"https:\/\/api.w.org\/{rel}","templated":true}]}}