{"id":6129,"date":"2021-03-22T14:05:35","date_gmt":"2021-03-22T17:05:35","guid":{"rendered":"https:\/\/fapol.org\/redes\/red-universitaria-americana\/informes-y-resenas\/"},"modified":"2024-12-14T09:17:54","modified_gmt":"2024-12-14T12:17:54","slug":"informes-e-resenhas","status":"publish","type":"page","link":"https:\/\/fapol.org\/pt-br\/redes\/rede-universitaria-americana\/informes-e-resenhas\/","title":{"rendered":"Informes e Resenhas"},"content":{"rendered":"<div class=\"fusion-fullwidth fullwidth-box fusion-builder-row-1 fusion-flex-container nonhundred-percent-fullwidth non-hundred-percent-height-scrolling fusion-animated\" style=\"--awb-border-radius-top-left:0px;--awb-border-radius-top-right:0px;--awb-border-radius-bottom-right:0px;--awb-border-radius-bottom-left:0px;--awb-flex-wrap:wrap;\" data-animationType=\"slideInUp\" data-animationDuration=\"1.0\" data-animationOffset=\"top-into-view\" ><div class=\"fusion-builder-row fusion-row fusion-flex-align-items-flex-start fusion-flex-content-wrap\" style=\"max-width:1248px;margin-left: calc(-4% \/ 2 );margin-right: calc(-4% \/ 2 );\"><div class=\"fusion-layout-column fusion_builder_column fusion-builder-column-0 fusion_builder_column_1_1 1_1 fusion-flex-column\" style=\"--awb-bg-size:cover;--awb-width-large:100%;--awb-margin-top-large:0px;--awb-spacing-right-large:1.92%;--awb-margin-bottom-large:20px;--awb-spacing-left-large:1.92%;--awb-width-medium:100%;--awb-order-medium:0;--awb-spacing-right-medium:1.92%;--awb-spacing-left-medium:1.92%;--awb-width-small:100%;--awb-order-small:0;--awb-spacing-right-small:1.92%;--awb-spacing-left-small:1.92%;\"><div class=\"fusion-column-wrapper fusion-column-has-shadow fusion-flex-justify-content-flex-start fusion-content-layout-column\"><div class=\"fusion-blog-shortcode fusion-blog-shortcode-1 fusion-blog-archive fusion-blog-layout-medium-alternate fusion-blog-no fusion-blog-no-images\"><div class=\"fusion-posts-container fusion-posts-container-no\" data-pages=\"0\"><article id=\"blog-1-post-6676\" class=\"fusion-post-medium-alternate post-6676 post type-post status-publish format-standard hentry category-informes-rua-pt-br category-redes-pt-br\">\n<div class=\"fusion-date-and-formats\"><div class=\"fusion-date-box updated\"><span class=\"fusion-date\">28<\/span><span class=\"fusion-month-year\">11, 2023<\/span><\/div><div class=\"fusion-format-box\"><i class=\"awb-icon-pen\" aria-hidden=\"true\"><\/i><\/div><\/div><div class=\"fusion-post-content post-content\"><h2 class=\"blog-shortcode-post-title entry-title\"><a href=\"https:\/\/fapol.org\/pt-br\/blog\/el-psicoanalisis-en-la-universidad\/\">El psicoan\u00e1lisis en la universidad<\/a><\/h2><div class=\"fusion-post-content-container\"><p> El s\u00e1bado 7 de octubre tuvieron lugar las Jornadas de la C\u00e1tedra Cl\u00ednica del autismo y de la psicosis [...]<\/p><\/div><\/div><div class=\"fusion-clearfix\"><\/div><div class=\"fusion-meta-info\"><div class=\"fusion-alignright\"><a class=\"fusion-read-more\" href=\"https:\/\/fapol.org\/pt-br\/blog\/el-psicoanalisis-en-la-universidad\/\" aria-label=\"More on El psicoan\u00e1lisis en la universidad\">Read More<\/a><\/div><\/div><\/article>\n<article id=\"blog-1-post-6677\" class=\"fusion-post-medium-alternate post-6677 post type-post status-publish format-standard hentry category-informes-rua-pt-br category-redes-pt-br\">\n<div class=\"fusion-date-and-formats\"><div class=\"fusion-date-box updated\"><span class=\"fusion-date\">11<\/span><span class=\"fusion-month-year\">11, 2023<\/span><\/div><div class=\"fusion-format-box\"><i class=\"awb-icon-pen\" aria-hidden=\"true\"><\/i><\/div><\/div><div class=\"fusion-post-content post-content\"><h2 class=\"blog-shortcode-post-title entry-title\"><a href=\"https:\/\/fapol.org\/pt-br\/blog\/ciencia-e-verdade-no-seculo-xxi-o-imperio-neuro-e-as-tcc\/\">Ci\u00eancia e verdade no s\u00e9culo XXI: o imp\u00e9rio neuro e as TCC<\/a><\/h2><div class=\"fusion-post-content-container\"><p>      <\/p><\/div><\/div><div class=\"fusion-clearfix\"><\/div><div class=\"fusion-meta-info\"><div class=\"fusion-alignright\"><a class=\"fusion-read-more\" href=\"https:\/\/fapol.org\/pt-br\/blog\/ciencia-e-verdade-no-seculo-xxi-o-imperio-neuro-e-as-tcc\/\" aria-label=\"More on Ci\u00eancia e verdade no s\u00e9culo XXI: o imp\u00e9rio neuro e as TCC\">Read More<\/a><\/div><\/div><\/article>\n<article id=\"blog-1-post-6701\" class=\"fusion-post-medium-alternate post-6701 post type-post status-publish format-standard hentry category-informes-rua-pt-br category-redes-pt-br\">\n<div class=\"fusion-date-and-formats\"><div class=\"fusion-date-box updated\"><span class=\"fusion-date\">14<\/span><span class=\"fusion-month-year\">05, 2021<\/span><\/div><div class=\"fusion-format-box\"><i class=\"awb-icon-pen\" aria-hidden=\"true\"><\/i><\/div><\/div><div class=\"fusion-post-content post-content\"><h2 class=\"blog-shortcode-post-title entry-title\"><a href=\"https:\/\/fapol.org\/pt-br\/blog\/cythere-revista-universitaria-da-orientacao-lacaniana\/\">Cyth\u00e8re? Revista Universit\u00e1ria da Orienta\u00e7\u00e3o Lacaniana<\/a><\/h2><div class=\"fusion-post-content-container\"><p> Lanzamiento de la primera revista universitaria de la FAPOL. Desde hace unos meses, como fuera informado por S\u00e9rgio Laia [...]<\/p><\/div><\/div><div class=\"fusion-clearfix\"><\/div><div class=\"fusion-meta-info\"><div class=\"fusion-alignright\"><a class=\"fusion-read-more\" href=\"https:\/\/fapol.org\/pt-br\/blog\/cythere-revista-universitaria-da-orientacao-lacaniana\/\" aria-label=\"More on Cyth\u00e8re? Revista Universit\u00e1ria da Orienta\u00e7\u00e3o Lacaniana\">Read More<\/a><\/div><\/div><\/article>\n<article id=\"blog-1-post-6719\" class=\"fusion-post-medium-alternate post-6719 post type-post status-publish format-standard hentry category-informes-rua-pt-br category-redes-pt-br\">\n<div class=\"fusion-date-and-formats\"><div class=\"fusion-date-box updated\"><span class=\"fusion-date\">2<\/span><span class=\"fusion-month-year\">03, 2019<\/span><\/div><div class=\"fusion-format-box\"><i class=\"awb-icon-pen\" aria-hidden=\"true\"><\/i><\/div><\/div><div class=\"fusion-post-content post-content\"><h2 class=\"blog-shortcode-post-title entry-title\"><a href=\"https:\/\/fapol.org\/pt-br\/blog\/cythere-revista-de-la-red-universitaria-americana-ingreso-al-catalogo-latindex\/\">Cyth\u00e8re? Revista de la Red Universitaria Americana: ingreso al cat\u00e1logo LATINDEX<\/a><\/h2><div class=\"fusion-post-content-container\"><p>Por Mariana G\u00f3mezQueridos colegas,Con alegr\u00eda les hacemos saber que\u00a0Cyth\u00e8re? Revista de la Red Universitaria Americana \u2013 RUA\u00a0\u2013 de la FAPOL, [...]<\/p><\/div><\/div><div class=\"fusion-clearfix\"><\/div><div class=\"fusion-meta-info\"><div class=\"fusion-alignright\"><a class=\"fusion-read-more\" href=\"https:\/\/fapol.org\/pt-br\/blog\/cythere-revista-de-la-red-universitaria-americana-ingreso-al-catalogo-latindex\/\" aria-label=\"More on Cyth\u00e8re? Revista de la Red Universitaria Americana: ingreso al cat\u00e1logo LATINDEX\">Read More<\/a><\/div><\/div><\/article>\n<article id=\"blog-1-post-6726\" class=\"fusion-post-medium-alternate post-6726 post type-post status-publish format-standard hentry category-informes-rua-pt-br category-redes-pt-br\">\n<div class=\"fusion-date-and-formats\"><div class=\"fusion-date-box updated\"><span class=\"fusion-date\">29<\/span><span class=\"fusion-month-year\">10, 2018<\/span><\/div><div class=\"fusion-format-box\"><i class=\"awb-icon-pen\" aria-hidden=\"true\"><\/i><\/div><\/div><div class=\"fusion-post-content post-content\"><h2 class=\"blog-shortcode-post-title entry-title\"><a href=\"https:\/\/fapol.org\/pt-br\/blog\/proyectos-de-investigacion-acreditados-y-radicados-en-universidades\/\">Proyectos de investigaci\u00f3n acreditados y radicados en universidades<\/a><\/h2><div class=\"fusion-post-content-container\"><p>    <\/p><\/div><\/div><div class=\"fusion-clearfix\"><\/div><div class=\"fusion-meta-info\"><div class=\"fusion-alignright\"><a class=\"fusion-read-more\" href=\"https:\/\/fapol.org\/pt-br\/blog\/proyectos-de-investigacion-acreditados-y-radicados-en-universidades\/\" aria-label=\"More on Proyectos de investigaci\u00f3n acreditados y radicados en universidades\">Read More<\/a><\/div><\/div><\/article>\n<article id=\"blog-1-post-6727\" class=\"fusion-post-medium-alternate post-6727 post type-post status-publish format-standard hentry category-informes-rua-pt-br category-redes-pt-br\">\n<div class=\"fusion-date-and-formats\"><div class=\"fusion-date-box updated\"><span class=\"fusion-date\">20<\/span><span class=\"fusion-month-year\">08, 2018<\/span><\/div><div class=\"fusion-format-box\"><i class=\"awb-icon-pen\" aria-hidden=\"true\"><\/i><\/div><\/div><div class=\"fusion-post-content post-content\"><h2 class=\"blog-shortcode-post-title entry-title\"><a href=\"https:\/\/fapol.org\/pt-br\/blog\/programa-de-actualizacion-de-posgrado-clinica-psicoanalitica-la-direccion-de-la-cura-con-opcion-psicoanalisis-con-ninos-y-adolescentes-en-la-facultad-de-ciencias-politicas-y-soc\/\">Programa de actualizaci\u00f3n de posgrado: \u201cCl\u00ednica psicoanal\u00edtica. La direcci\u00f3n de la cura. Con opci\u00f3n: psicoan\u00e1lisis con ni\u00f1os y adolescentes\u201d. En la facultad de ciencias pol\u00edticas y sociales. Universidad nacional de cuyo. Mendoza. Argentina.<\/a><\/h2><div class=\"fusion-post-content-container\"><p> Direcci\u00f3n: Mariana Santoni, Psicoanalista miembro de EOL y AMP Docentes: In\u00e9s Sotelo, Psicoanalista AME de EOL y AMP Mariana [...]<\/p><\/div><\/div><div class=\"fusion-clearfix\"><\/div><div class=\"fusion-meta-info\"><div class=\"fusion-alignright\"><a class=\"fusion-read-more\" href=\"https:\/\/fapol.org\/pt-br\/blog\/programa-de-actualizacion-de-posgrado-clinica-psicoanalitica-la-direccion-de-la-cura-con-opcion-psicoanalisis-con-ninos-y-adolescentes-en-la-facultad-de-ciencias-politicas-y-soc\/\" aria-label=\"More on Programa de actualizaci\u00f3n de posgrado: \u201cCl\u00ednica psicoanal\u00edtica. La direcci\u00f3n de la cura. Con opci\u00f3n: psicoan\u00e1lisis con ni\u00f1os y adolescentes\u201d. En la facultad de ciencias pol\u00edticas y sociales. Universidad nacional de cuyo. Mendoza. Argentina.\">Read More<\/a><\/div><\/div><\/article>\n<article id=\"blog-1-post-6731\" class=\"fusion-post-medium-alternate post-6731 post type-post status-publish format-standard hentry category-informes-rua-pt-br category-redes-pt-br\">\n<div class=\"fusion-date-and-formats\"><div class=\"fusion-date-box updated\"><span class=\"fusion-date\">2<\/span><span class=\"fusion-month-year\">05, 2018<\/span><\/div><div class=\"fusion-format-box\"><i class=\"awb-icon-pen\" aria-hidden=\"true\"><\/i><\/div><\/div><div class=\"fusion-post-content post-content\"><h2 class=\"blog-shortcode-post-title entry-title\"><a href=\"https:\/\/fapol.org\/pt-br\/blog\/reunion-rua-barcelona-abril-2018\/\">Reuni\u00f3n RUA &#8211; Barcelona, Abril 2018<\/a><\/h2><div class=\"fusion-post-content-container\"><p> Por Olga Molina Resumen de la reuni\u00f3n del Congreso de la AMP \u2013 Barcelona \u2013 3 de abril de [...]<\/p><\/div><\/div><div class=\"fusion-clearfix\"><\/div><div class=\"fusion-meta-info\"><div class=\"fusion-alignright\"><a class=\"fusion-read-more\" href=\"https:\/\/fapol.org\/pt-br\/blog\/reunion-rua-barcelona-abril-2018\/\" aria-label=\"More on Reuni\u00f3n RUA &#8211; Barcelona, Abril 2018\">Read More<\/a><\/div><\/div><\/article>\n<article id=\"blog-1-post-6738\" class=\"fusion-post-medium-alternate post-6738 post type-post status-publish format-standard hentry category-informes-rua-pt-br category-redes-pt-br\">\n<div class=\"fusion-date-and-formats\"><div class=\"fusion-date-box updated\"><span class=\"fusion-date\">15<\/span><span class=\"fusion-month-year\">01, 2018<\/span><\/div><div class=\"fusion-format-box\"><i class=\"awb-icon-pen\" aria-hidden=\"true\"><\/i><\/div><\/div><div class=\"fusion-post-content post-content\"><h2 class=\"blog-shortcode-post-title entry-title\"><a href=\"https:\/\/fapol.org\/pt-br\/blog\/red-universitaria-americana-trabajos-de-investigacion\/\">Red Universitaria Americana: trabajos de investigaci\u00f3n<\/a><\/h2><div class=\"fusion-post-content-container\"><p> Pero la Universidad no ha dicho a\u00fan su \u00faltima palabra y har\u00e1 de esto un tema de tesis: influencia [...]<\/p><\/div><\/div><div class=\"fusion-clearfix\"><\/div><div class=\"fusion-meta-info\"><div class=\"fusion-alignright\"><a class=\"fusion-read-more\" href=\"https:\/\/fapol.org\/pt-br\/blog\/red-universitaria-americana-trabajos-de-investigacion\/\" aria-label=\"More on Red Universitaria Americana: trabajos de investigaci\u00f3n\">Read More<\/a><\/div><\/div><\/article>\n<article id=\"blog-1-post-6763\" class=\"fusion-post-medium-alternate post-6763 post type-post status-publish format-standard hentry category-informes-rua-pt-br category-redes-pt-br\">\n<div class=\"fusion-date-and-formats\"><div class=\"fusion-date-box updated\"><span class=\"fusion-date\">22<\/span><span class=\"fusion-month-year\">12, 2016<\/span><\/div><div class=\"fusion-format-box\"><i class=\"awb-icon-pen\" aria-hidden=\"true\"><\/i><\/div><\/div><div class=\"fusion-post-content post-content\"><h2 class=\"blog-shortcode-post-title entry-title\"><a href=\"https:\/\/fapol.org\/pt-br\/blog\/convenio-recente-entre-a-universidade-fumec-e-a-universidade-nacional-de-cordoba-dezembro-2016\/\">Conv\u00eanio recente entre a Universidade FUMEC e a Universidade Nacional de C\u00f3rdoba. Dezembro 2016<\/a><\/h2><div class=\"fusion-post-content-container\"><p> Orientados pela pol\u00edtica da RUA e interessados em conseguir interc\u00e2mbios entre os colegas da Am\u00e9rica em seus espa\u00e7os de [...]<\/p><\/div><\/div><div class=\"fusion-clearfix\"><\/div><div class=\"fusion-meta-info\"><div class=\"fusion-alignright\"><a class=\"fusion-read-more\" href=\"https:\/\/fapol.org\/pt-br\/blog\/convenio-recente-entre-a-universidade-fumec-e-a-universidade-nacional-de-cordoba-dezembro-2016\/\" aria-label=\"More on Conv\u00eanio recente entre a Universidade FUMEC e a Universidade Nacional de C\u00f3rdoba. Dezembro 2016\">Read More<\/a><\/div><\/div><\/article>\n<article id=\"blog-1-post-6773\" class=\"fusion-post-medium-alternate post-6773 post type-post status-publish format-standard hentry category-informes-rua-pt-br category-redes-pt-br\">\n<div class=\"fusion-date-and-formats\"><div class=\"fusion-date-box updated\"><span class=\"fusion-date\">22<\/span><span class=\"fusion-month-year\">06, 2016<\/span><\/div><div class=\"fusion-format-box\"><i class=\"awb-icon-pen\" aria-hidden=\"true\"><\/i><\/div><\/div><div class=\"fusion-post-content post-content\"><h2 class=\"blog-shortcode-post-title entry-title\"><a href=\"https:\/\/fapol.org\/pt-br\/blog\/segunda-conversacao-rua-relatorio-da-nel-26-de-abril-de-2016\/\">Segunda Conversa\u00e7\u00e3o RUA &#8211; Relat\u00f3rio da NEL- 26 de abril de 2016<\/a><\/h2><div class=\"fusion-post-content-container\"><p> O graduado, a extens\u00e3o universidade e lacaniana orienta\u00e7\u00e3o Dentro da P\u00f3s-Gradua\u00e7\u00e3o Sistema da Universidade Cat\u00f3lica de Santiago de Guayaquil [...]<\/p><\/div><\/div><div class=\"fusion-clearfix\"><\/div><div class=\"fusion-meta-info\"><div class=\"fusion-alignright\"><a class=\"fusion-read-more\" href=\"https:\/\/fapol.org\/pt-br\/blog\/segunda-conversacao-rua-relatorio-da-nel-26-de-abril-de-2016\/\" aria-label=\"More on Segunda Conversa\u00e7\u00e3o RUA &#8211; Relat\u00f3rio da NEL- 26 de abril de 2016\">Read More<\/a><\/div><\/div><\/article>\n<article id=\"blog-1-post-6774\" class=\"fusion-post-medium-alternate post-6774 post type-post status-publish format-standard hentry category-informes-rua-pt-br category-redes-pt-br\">\n<div class=\"fusion-date-and-formats\"><div class=\"fusion-date-box updated\"><span class=\"fusion-date\">22<\/span><span class=\"fusion-month-year\">06, 2016<\/span><\/div><div class=\"fusion-format-box\"><i class=\"awb-icon-pen\" aria-hidden=\"true\"><\/i><\/div><\/div><div class=\"fusion-post-content post-content\"><h2 class=\"blog-shortcode-post-title entry-title\"><a href=\"https:\/\/fapol.org\/pt-br\/blog\/segunda-conversacao-rua-relatorio-da-ebp-26-de-abril-de-2016\/\">Segunda Conversa\u00e7\u00e3o RUA &#8211; Relat\u00f3rio da EBP 26 de abril de 2016<\/a><\/h2><div class=\"fusion-post-content-container\"><p> Por Ana Lydia Santiago Conversa\u00e7\u00e3o RUA X Congresso da AMP, em 26\/04\/2016 As P\u00f3s-Gradua\u00e7\u00f5es, a extens\u00e3o universit\u00e1ria e a [...]<\/p><\/div><\/div><div class=\"fusion-clearfix\"><\/div><div class=\"fusion-meta-info\"><div class=\"fusion-alignright\"><a class=\"fusion-read-more\" href=\"https:\/\/fapol.org\/pt-br\/blog\/segunda-conversacao-rua-relatorio-da-ebp-26-de-abril-de-2016\/\" aria-label=\"More on Segunda Conversa\u00e7\u00e3o RUA &#8211; Relat\u00f3rio da EBP 26 de abril de 2016\">Read More<\/a><\/div><\/div><\/article>\n<article id=\"blog-1-post-6778\" class=\"fusion-post-medium-alternate post-6778 post type-post status-publish format-standard hentry category-informes-rua-pt-br category-redes-pt-br\">\n<div class=\"fusion-date-and-formats\"><div class=\"fusion-date-box updated\"><span class=\"fusion-date\">1<\/span><span class=\"fusion-month-year\">06, 2016<\/span><\/div><div class=\"fusion-format-box\"><i class=\"awb-icon-pen\" aria-hidden=\"true\"><\/i><\/div><\/div><div class=\"fusion-post-content post-content\"><h2 class=\"blog-shortcode-post-title entry-title\"><a href=\"https:\/\/fapol.org\/pt-br\/blog\/levantamento-da-rede-american-university-rua\/\">Levantamento da Rede American University &#8211; RUA<\/a><\/h2><div class=\"fusion-post-content-container\"><p> Estimados colegas: Depois da Segunda Conversa\u00e7\u00e3o da RUA, no Rio de Janeiro, o Bureau da FAPOL decidiu criar uma [...]<\/p><\/div><\/div><div class=\"fusion-clearfix\"><\/div><div class=\"fusion-meta-info\"><div class=\"fusion-alignright\"><a class=\"fusion-read-more\" href=\"https:\/\/fapol.org\/pt-br\/blog\/levantamento-da-rede-american-university-rua\/\" aria-label=\"More on Levantamento da Rede American University &#8211; RUA\">Read More<\/a><\/div><\/div><\/article>\n<article id=\"blog-1-post-6786\" class=\"fusion-post-medium-alternate post-6786 post type-post status-publish format-standard hentry category-informes-rua-pt-br category-redes-pt-br\">\n<div class=\"fusion-date-and-formats\"><div class=\"fusion-date-box updated\"><span class=\"fusion-date\">26<\/span><span class=\"fusion-month-year\">08, 2015<\/span><\/div><div class=\"fusion-format-box\"><i class=\"awb-icon-pen\" aria-hidden=\"true\"><\/i><\/div><\/div><div class=\"fusion-post-content post-content\"><h2 class=\"blog-shortcode-post-title entry-title\"><a href=\"https:\/\/fapol.org\/pt-br\/blog\/participantes\/\">Participantes<\/a><\/h2><div class=\"fusion-post-content-container\"><p> Accarini Irene Leonor - EOL Buenos Aires Titular en las C\u00e1tedras de Psicolog\u00eda General y Psicolog\u00eda Evolutiva 1, de [...]<\/p><\/div><\/div><div class=\"fusion-clearfix\"><\/div><div class=\"fusion-meta-info\"><div class=\"fusion-alignright\"><a class=\"fusion-read-more\" href=\"https:\/\/fapol.org\/pt-br\/blog\/participantes\/\" aria-label=\"More on Participantes\">Read More<\/a><\/div><\/div><\/article>\n<article id=\"blog-1-post-6787\" class=\"fusion-post-medium-alternate post-6787 post type-post status-publish format-standard hentry category-informes-rua-pt-br category-redes-pt-br\">\n<div class=\"fusion-date-and-formats\"><div class=\"fusion-date-box updated\"><span class=\"fusion-date\">26<\/span><span class=\"fusion-month-year\">08, 2015<\/span><\/div><div class=\"fusion-format-box\"><i class=\"awb-icon-pen\" aria-hidden=\"true\"><\/i><\/div><\/div><div class=\"fusion-post-content post-content\"><h2 class=\"blog-shortcode-post-title entry-title\"><a href=\"https:\/\/fapol.org\/pt-br\/blog\/creacion-de-la-red-universitaria-americana-de-fapol-rua\/\">Creaci\u00f3n de la Red Universitaria Americana de FAPOL (RUA)<\/a><\/h2><div class=\"fusion-post-content-container\"><p>\"\u2026 sostener los principios, a\u00fan los m\u00e1s radicales,pero tener en cuenta las realidades en la aplicaci\u00f3n [\u2026]la pol\u00edtica lacaniana no [...]<\/p><\/div><\/div><div class=\"fusion-clearfix\"><\/div><div class=\"fusion-meta-info\"><div class=\"fusion-alignright\"><a class=\"fusion-read-more\" href=\"https:\/\/fapol.org\/pt-br\/blog\/creacion-de-la-red-universitaria-americana-de-fapol-rua\/\" aria-label=\"More on Creaci\u00f3n de la Red Universitaria Americana de FAPOL (RUA)\">Read More<\/a><\/div><\/div><\/article>\n<\/div><\/div><\/div><\/div><\/div><\/div>\n","protected":false},"excerpt":{"rendered":"","protected":false},"author":3,"featured_media":0,"parent":6124,"menu_order":4,"comment_status":"closed","ping_status":"closed","template":"","meta":{"_monsterinsights_skip_tracking":false,"_monsterinsights_sitenote_active":false,"_monsterinsights_sitenote_note":"","_monsterinsights_sitenote_category":0,"footnotes":""},"class_list":["post-6129","page","type-page","status-publish","hentry"],"_links":{"self":[{"href":"https:\/\/fapol.org\/pt-br\/wp-json\/wp\/v2\/pages\/6129","targetHints":{"allow":["GET"]}}],"collection":[{"href":"https:\/\/fapol.org\/pt-br\/wp-json\/wp\/v2\/pages"}],"about":[{"href":"https:\/\/fapol.org\/pt-br\/wp-json\/wp\/v2\/types\/page"}],"author":[{"embeddable":true,"href":"https:\/\/fapol.org\/pt-br\/wp-json\/wp\/v2\/users\/3"}],"replies":[{"embeddable":true,"href":"https:\/\/fapol.org\/pt-br\/wp-json\/wp\/v2\/comments?post=6129"}],"version-history":[{"count":1,"href":"https:\/\/fapol.org\/pt-br\/wp-json\/wp\/v2\/pages\/6129\/revisions"}],"predecessor-version":[{"id":6136,"href":"https:\/\/fapol.org\/pt-br\/wp-json\/wp\/v2\/pages\/6129\/revisions\/6136"}],"up":[{"embeddable":true,"href":"https:\/\/fapol.org\/pt-br\/wp-json\/wp\/v2\/pages\/6124"}],"wp:attachment":[{"href":"https:\/\/fapol.org\/pt-br\/wp-json\/wp\/v2\/media?parent=6129"}],"curies":[{"name":"wp","href":"https:\/\/api.w.org\/{rel}","templated":true}]}}