{"id":6150,"date":"2021-03-08T00:30:48","date_gmt":"2021-03-08T03:30:48","guid":{"rendered":"https:\/\/fapol.org\/redes\/red-de-psicoanalisis-aplicado\/"},"modified":"2026-03-30T10:25:16","modified_gmt":"2026-03-30T13:25:16","slug":"rpa-rede-de-psicanalise-aplicada","status":"publish","type":"page","link":"https:\/\/fapol.org\/pt-br\/redes\/rpa-rede-de-psicanalise-aplicada\/","title":{"rendered":"RPA \u2013 Rede de Psican\u00e1lise Aplicada"},"content":{"rendered":"<p><div class=\"fusion-fullwidth fullwidth-box fusion-builder-row-1 fusion-flex-container nonhundred-percent-fullwidth non-hundred-percent-height-scrolling\" style=\"--awb-border-radius-top-left:0px;--awb-border-radius-top-right:0px;--awb-border-radius-bottom-right:0px;--awb-border-radius-bottom-left:0px;--awb-flex-wrap:wrap;\" ><div class=\"fusion-builder-row fusion-row fusion-flex-align-items-flex-start fusion-flex-content-wrap\" style=\"max-width:1248px;margin-left: calc(-4% \/ 2 );margin-right: calc(-4% \/ 2 );\"><div class=\"fusion-layout-column fusion_builder_column fusion-builder-column-0 fusion_builder_column_1_1 1_1 fusion-flex-column\" style=\"--awb-bg-size:cover;--awb-width-large:100%;--awb-margin-top-large:0px;--awb-spacing-right-large:1.92%;--awb-margin-bottom-large:20px;--awb-spacing-left-large:1.92%;--awb-width-medium:100%;--awb-order-medium:0;--awb-spacing-right-medium:1.92%;--awb-spacing-left-medium:1.92%;--awb-width-small:100%;--awb-order-small:0;--awb-spacing-right-small:1.92%;--awb-spacing-left-small:1.92%;\"><div class=\"fusion-column-wrapper fusion-column-has-shadow fusion-flex-justify-content-flex-start fusion-content-layout-column\"><div class=\"fusion-text fusion-text-1\"><p style=\"text-align: justify;\">A Rede de Psican\u00e1lise Aplicada foi criada pela Diretoria da FAPOL em 2016, com o apoio de J.-A. Miller e Miquel Bassols, ent\u00e3o presidente da WAP. Ela re\u00fane psicanalistas das tr\u00eas escolas da Am\u00e9rica \u2013 EOL, EBP e NEL \u2013, com um coordenador de cada uma delas.<\/p>\n<p style=\"text-align: justify;\">O objetivo desta Rede \u00e9 registrar e documentar as experi\u00eancias, os desafios e os efeitos da Psican\u00e1lise de orienta\u00e7\u00e3o lacaniana nos diversos contextos em que colegas das tr\u00eas escolas atuam, guiados pelos princ\u00edpios, doutrina e \u00e9tica da psican\u00e1lise. Para tanto, busca estabelecer um di\u00e1logo cont\u00ednuo sobre a experi\u00eancia anal\u00edtica com aqueles que a praticam em institui\u00e7\u00f5es.<\/p>\n<p style=\"text-align: justify;\">Partindo da observa\u00e7\u00e3o de que a quest\u00e3o de &#8220;o que constitui o trauma&#8221; \u00e9 central n\u00e3o apenas para a doutrina psicanal\u00edtica, mas tamb\u00e9m para o cerne de sua dimens\u00e3o cl\u00ednica e perspectiva pol\u00edtica, a nova coordena\u00e7\u00e3o da RPA escolheu <strong>FALAR O TRAUM\u00c1TICO <\/strong>como tema de pesquisa para o per\u00edodo 2025\/2026, convidando praticantes vinculados \u00e0s tr\u00eas escolas latino-americanas (EBP, EOL e NEL) a explorar esse paradoxo da psican\u00e1lise: falar do indiz\u00edvel. As quest\u00f5es propostas para incentivar a apresenta\u00e7\u00e3o de trabalhos cl\u00ednicos para os conversa\u00e7\u00f5es que se realizaram foram:<\/p>\n<p style=\"text-align: justify;\">&#8211; Como aqueles que procuram institui\u00e7\u00f5es da rede de psican\u00e1lise aplicada com sua dor existencial falam do traum\u00e1tico?<\/p>\n<p style=\"text-align: justify;\">&#8211; Como os profissionais que recebem esas demandas falam do traum\u00e1tico?<\/p>\n<p style=\"text-align: justify;\">&#8211; Como se aborda atualmente o traum\u00e1tico nos dispositivos de aten\u00e7\u00e3o orientados pela psican\u00e1lise lacaniana?<\/p>\n<p style=\"text-align: justify;\">&#8211; Como nos deixarmos ensinar pelo saber novo que encontramos em cada caso cl\u00ednico?<\/p>\n<p style=\"text-align: justify;\">Entendemos, com a psican\u00e1lise, que uma rede se forma pela circula\u00e7\u00e3o de casos cl\u00ednicos. Nossa aposta tem sido a de nos deixarmos ensinar pelos casos cl\u00ednicos, em um espa\u00e7o de conversa\u00e7\u00e3o permanente, orientados pela quest\u00e3o <strong>FALAR O TRAUM\u00c1TICO <\/strong>\u00a0ao longo de um per\u00edodo, com o desejo de fazer e consolidar um trabalho em rede. Privilegiar o caso e o que ele nos ensina nos permitiu investigar e refletir sobre o que fazemos e como fazemos, a fim de <em>infiltrar<\/em> e estabelecer algo do discurso anal\u00edtico nos mais variados e singulares contextos institucionais, dando lugar ao dizer do sujeito e \u00e0 sua singularidade. Isso n\u00e3o ocorre sem o desejo do analista, que permite ao praticante se orientar e saber manobrar com o discurso do mestre (seus ideais de fazer o bem, adaptar-se, curar, avaliar, diagnosticar\u2026), inclusive de servir-se dele para abrir um espa\u00e7o, identificando a abertura por onde a entrada se torna poss\u00edvel.<\/p>\n<p style=\"text-align: justify;\">Para tanto, fazemos uma aposta no dispositivo da conversa\u00e7\u00e3o. Nosso convite nessas conversa\u00e7\u00f5es \u00e9 identificar onde um caso cl\u00ednico nos surpreende, aqueles pontos de lacuna, de descontinuidade, que por vezes implicam um efeito formativo para o analista.<\/p>\n<\/div><\/div><\/div><\/div><\/div><div class=\"fusion-fullwidth fullwidth-box fusion-builder-row-2 fusion-flex-container nonhundred-percent-fullwidth non-hundred-percent-height-scrolling\" style=\"--awb-border-radius-top-left:0px;--awb-border-radius-top-right:0px;--awb-border-radius-bottom-right:0px;--awb-border-radius-bottom-left:0px;--awb-flex-wrap:wrap;\" ><div class=\"fusion-builder-row fusion-row fusion-flex-align-items-stretch fusion-flex-content-wrap\" style=\"max-width:1248px;margin-left: calc(-4% \/ 2 );margin-right: calc(-4% \/ 2 );\"><div class=\"fusion-layout-column fusion_builder_column fusion-builder-column-1 fusion_builder_column_1_1 1_1 fusion-flex-column\" style=\"--awb-bg-size:cover;--awb-width-large:100%;--awb-margin-top-large:0px;--awb-spacing-right-large:1.92%;--awb-margin-bottom-large:20px;--awb-spacing-left-large:1.92%;--awb-width-medium:100%;--awb-order-medium:0;--awb-spacing-right-medium:1.92%;--awb-spacing-left-medium:1.92%;--awb-width-small:100%;--awb-order-small:0;--awb-spacing-right-small:1.92%;--awb-spacing-left-small:1.92%;\"><div class=\"fusion-column-wrapper fusion-column-has-shadow fusion-flex-justify-content-flex-start fusion-content-layout-column\"><div class=\"fusion-content-boxes content-boxes columns row fusion-columns-1 fusion-columns-total-1 fusion-content-boxes-1 content-boxes-icon-on-side content-left cbobservatorio1EBP\" style=\"--awb-hover-accent-color:#fc5079;--awb-circle-hover-accent-color:#fc5079;--awb-item-margin-bottom:40px;\" id=\"cbobservatorio1EBP\" data-animationOffset=\"top-into-view\"><div style=\"--awb-backgroundcolor:#ffffff;--awb-content-padding-left:68px;\" class=\"fusion-column content-box-column content-box-column content-box-column-1 col-lg-12 col-md-12 col-sm-12 fusion-content-box-hover content-box-column-last content-box-column-last-in-row\"><div class=\"col content-box-wrapper content-wrapper-background link-area-link-icon content-icon-wrapper-yes icon-wrapper-hover-animation-pulsate fusion-animated\" data-animationType=\"fadeInDown\" data-animationDuration=\"1.0\" data-animationOffset=\"top-into-view\"><div class=\"heading heading-with-icon icon-left\"><div class=\"icon\"><span style=\"height:46px;width:46px;line-height:24px;border-color:rgba(255,255,255,0);border-width:1px;border-style:solid;background-color:#fc5079;margin-right:20px;box-sizing:content-box;border-radius:50%;\"><i style=\"border-color:#fc5079;border-width:1px;background-color:#fc5079;box-sizing:content-box;height:44px;width:44px;line-height:44px;border-radius:50%;position:relative;top:auto;left:auto;margin:0;border-radius:50%;font-size:22px;\" aria-hidden=\"true\" class=\"fontawesome-icon fa-users fas circle-yes\"><\/i><\/span><\/div><h2 class=\"content-box-heading\" style=\"--h2_typography-font-size:20px;line-height:25px;padding-left:68px;\">RPA 2024 - 2026<\/h2><\/div><div class=\"fusion-clearfix\"><\/div><div class=\"content-container\">\n<p><b>Coordenadoras<\/b>:\u00a0Eug\u00eania Serrano (EOL), Isabel Rego Duarte (EBP), Laura Arciniegas (NEL),\u00a0Maria Laura Errecarte (EOL), Musso Greco (EBP), Viviana Berger (NEL).<\/p>\n<\/div><\/div><\/div><div class=\"fusion-clearfix\"><\/div><\/div><\/div><\/div><\/div><\/div><div class=\"fusion-fullwidth fullwidth-box fusion-builder-row-3 fusion-flex-container nonhundred-percent-fullwidth non-hundred-percent-height-scrolling\" style=\"--awb-border-radius-top-left:0px;--awb-border-radius-top-right:0px;--awb-border-radius-bottom-right:0px;--awb-border-radius-bottom-left:0px;--awb-flex-wrap:wrap;\" ><div class=\"fusion-builder-row fusion-row fusion-flex-align-items-stretch fusion-flex-content-wrap\" style=\"max-width:1248px;margin-left: calc(-4% \/ 2 );margin-right: calc(-4% \/ 2 );\"><div class=\"fusion-layout-column fusion_builder_column fusion-builder-column-2 fusion_builder_column_1_1 1_1 fusion-flex-column\" style=\"--awb-bg-size:cover;--awb-width-large:100%;--awb-margin-top-large:0px;--awb-spacing-right-large:1.92%;--awb-margin-bottom-large:20px;--awb-spacing-left-large:1.92%;--awb-width-medium:100%;--awb-order-medium:0;--awb-spacing-right-medium:1.92%;--awb-spacing-left-medium:1.92%;--awb-width-small:100%;--awb-order-small:0;--awb-spacing-right-small:1.92%;--awb-spacing-left-small:1.92%;\"><div class=\"fusion-column-wrapper fusion-column-has-shadow fusion-flex-justify-content-flex-start fusion-content-layout-column\"><div class=\"fusion-content-boxes content-boxes columns row fusion-columns-1 fusion-columns-total-1 fusion-content-boxes-2 content-boxes-icon-on-side content-left cbobservatorio1EBP\" style=\"--awb-hover-accent-color:#fc5079;--awb-circle-hover-accent-color:#fc5079;--awb-item-margin-bottom:40px;\" id=\"cbobservatorio1EBP\" data-animationOffset=\"top-into-view\"><div style=\"--awb-backgroundcolor:#ffffff;--awb-content-padding-left:68px;\" class=\"fusion-column content-box-column content-box-column content-box-column-1 col-lg-12 col-md-12 col-sm-12 fusion-content-box-hover content-box-column-last content-box-column-last-in-row\"><div class=\"col content-box-wrapper content-wrapper-background link-area-link-icon content-icon-wrapper-yes icon-wrapper-hover-animation-pulsate fusion-animated\" data-animationType=\"fadeInDown\" data-animationDuration=\"1.0\" data-animationOffset=\"top-into-view\"><div class=\"heading heading-with-icon icon-left\"><div class=\"icon\"><span style=\"height:46px;width:46px;line-height:24px;border-color:rgba(255,255,255,0);border-width:1px;border-style:solid;background-color:#fc5079;margin-right:20px;box-sizing:content-box;border-radius:50%;\"><i style=\"border-color:#fc5079;border-width:1px;background-color:#fc5079;box-sizing:content-box;height:44px;width:44px;line-height:44px;border-radius:50%;position:relative;top:auto;left:auto;margin:0;border-radius:50%;font-size:22px;\" aria-hidden=\"true\" class=\"fontawesome-icon fa-users fas circle-yes\"><\/i><\/span><\/div><h2 class=\"content-box-heading\" style=\"--h2_typography-font-size:20px;line-height:25px;padding-left:68px;\"> RPA 2022 - 2024<\/h2><\/div><div class=\"fusion-clearfix\"><\/div><div class=\"content-container\">\n<p><b>Coordenadoras<\/b>: Paula Borsoi (EBP), Laura Arciniegas (NEL), Gabriela Salomon (EOL)<\/p>\n<p><strong>Colaboradora<\/strong>: Romina Marino<\/p>\n<\/div><\/div><\/div><div class=\"fusion-clearfix\"><\/div><\/div><div class=\"fusion-text fusion-text-2\"><h6><span style=\"color: #ff0000;\"><strong>FALAR DO TRAUM\u00c1TICO<\/strong><\/span><\/h6>\n<ul>\n<li><a href=\"https:\/\/fapol.org\/pt-br\/blog\/falar-do-traumatico-interlocucao-com-ricardo-seldes\/\">Interlocu\u00e7\u00e3o com Ricardo Seldes<\/a><\/li>\n<\/ul>\n<\/div><div class=\"fusion-text fusion-text-3\"><h6><span style=\"color: #ff0000;\">INSTALA\u00c7\u00d5ES ANAL\u00cdTICAS I<\/span><\/h6>\n<ul>\n<li class=\"entry-title fusion-post-title\"><a href=\"https:\/\/fapol.org\/pt-br\/blog\/o-trabalho-da-rpa-em-2023\/\">El trabajo de la RPA en 2023<\/a><\/li>\n<li class=\"entry-title fusion-post-title\"><a href=\"https:\/\/fapol.org\/pt-br\/blog\/ata-da-conversa-instalacoes-analiticas-em-instituicoes\/\">Acta de la Conversaci\u00f3n \u201cINSTALACIONES ANALITICAS EN LAS INSTITUCIONES\u201d<\/a><\/li>\n<\/ul>\n<\/div><div class=\"fusion-text fusion-text-4\"><h6><span style=\"color: #ff0000;\">INSTALA\u00c7\u00d5ES ANAL\u00cdTICAS II<\/span><\/h6>\n<ul>\n<li><a href=\"https:\/\/fapol.org\/wp-content\/uploads\/2025\/03\/Programa-Portugues.pdf\" target=\"_blank\" rel=\"noopener\">Programa \u201cINSTALA\u00c7\u00d5ES ANAL\u00cdTICAS II\u201d<\/a><\/li>\n<li><a href=\"https:\/\/fapol.org\/wp-content\/uploads\/2025\/03\/Ata-INSTALACOES-Analiticas-2-RPA-PT.pdf\" target=\"_blank\" rel=\"noopener\">Ata da Conversa\u00e7\u00e3o &#8211; \u201cINSTALA\u00c7\u00d5ES ANAL\u00cdTICAS II\u201d<\/a><\/li>\n<li><a href=\"https:\/\/fapol.org\/wp-content\/uploads\/2025\/03\/Entre-o-caso-clinico-e-o-administrativo-a-orientacao-pelo-sintoma-PORT.pdf\" target=\"_blank\" rel=\"noopener\">Entre o caso cl\u00ednico e o administrativo, a orienta\u00e7\u00e3o pelo sintoma &#8211; <em>Lilibeth Garc\u00eda, Roberto Galv\u00e1n e Mackling Limache.<\/em><\/a><\/li>\n<li><a href=\"https:\/\/fapol.org\/wp-content\/uploads\/2025\/03\/O-sintoma-como-orientador-do-caso-clinico-numa-instituicao-PORT.pdf\" target=\"_blank\" rel=\"noopener\">O sintoma como orientador do caso cl\u00ednico numa institui\u00e7\u00e3o &#8211; <em>Patr\u00edcia Guimar\u00e3es<\/em><\/a><\/li>\n<li><a href=\"https:\/\/fapol.org\/wp-content\/uploads\/2025\/03\/Red-de-Psicoanalisis-Aplicado-PORT.pdf\" target=\"_blank\" rel=\"noopener\">Rede de Psican\u00e1lise Aplicada &#8211; \u201cO sintoma e o Inconsciente hoje\u201d Que lugar para o sintoma na pr\u00e1tica cl\u00ednica que levamos hoje nas institui\u00e7\u00f5es? Como fazemos existir o inconsciente? E a transfer\u00eancia? &#8211; <em>Gustavo Moreno &#8211; CIPAU (Mendoza \u2013 Argentina)<\/em><\/a><\/li>\n<li><a href=\"https:\/\/fapol.org\/wp-content\/uploads\/2025\/03\/A-disciplina-da-psicanalise-e-uma-disciplina-do-real-PORT.pdf\" target=\"_blank\" rel=\"noopener\">\u201cA disciplina da psican\u00e1lise \u00e9 uma disciplina do real.\u201d &#8211; <em>Fernanda Otoni Brisset (EBP\/AMP)<\/em><\/a><\/li>\n<\/ul>\n<\/div><\/div><\/div><\/div><\/div><\/p>\n","protected":false},"excerpt":{"rendered":"","protected":false},"author":3,"featured_media":0,"parent":6122,"menu_order":3,"comment_status":"closed","ping_status":"closed","template":"","meta":{"_monsterinsights_skip_tracking":false,"_monsterinsights_sitenote_active":false,"_monsterinsights_sitenote_note":"","_monsterinsights_sitenote_category":0,"footnotes":""},"class_list":["post-6150","page","type-page","status-publish","hentry"],"_links":{"self":[{"href":"https:\/\/fapol.org\/pt-br\/wp-json\/wp\/v2\/pages\/6150","targetHints":{"allow":["GET"]}}],"collection":[{"href":"https:\/\/fapol.org\/pt-br\/wp-json\/wp\/v2\/pages"}],"about":[{"href":"https:\/\/fapol.org\/pt-br\/wp-json\/wp\/v2\/types\/page"}],"author":[{"embeddable":true,"href":"https:\/\/fapol.org\/pt-br\/wp-json\/wp\/v2\/users\/3"}],"replies":[{"embeddable":true,"href":"https:\/\/fapol.org\/pt-br\/wp-json\/wp\/v2\/comments?post=6150"}],"version-history":[{"count":17,"href":"https:\/\/fapol.org\/pt-br\/wp-json\/wp\/v2\/pages\/6150\/revisions"}],"predecessor-version":[{"id":7572,"href":"https:\/\/fapol.org\/pt-br\/wp-json\/wp\/v2\/pages\/6150\/revisions\/7572"}],"up":[{"embeddable":true,"href":"https:\/\/fapol.org\/pt-br\/wp-json\/wp\/v2\/pages\/6122"}],"wp:attachment":[{"href":"https:\/\/fapol.org\/pt-br\/wp-json\/wp\/v2\/media?parent=6150"}],"curies":[{"name":"wp","href":"https:\/\/api.w.org\/{rel}","templated":true}]}}