{"id":6154,"date":"2021-03-22T14:14:44","date_gmt":"2021-03-22T17:14:44","guid":{"rendered":"https:\/\/fapol.org\/redes\/red-de-psicoanalisis-aplicado\/informes-y-resenas\/"},"modified":"2024-12-14T09:26:41","modified_gmt":"2024-12-14T12:26:41","slug":"informes-e-resenhas","status":"publish","type":"page","link":"https:\/\/fapol.org\/pt-br\/redes\/rpa-rede-de-psicanalise-aplicada\/informes-e-resenhas\/","title":{"rendered":"Informes e Resenhas"},"content":{"rendered":"<div class=\"fusion-fullwidth fullwidth-box fusion-builder-row-1 fusion-flex-container nonhundred-percent-fullwidth non-hundred-percent-height-scrolling fusion-animated\" style=\"--awb-border-radius-top-left:0px;--awb-border-radius-top-right:0px;--awb-border-radius-bottom-right:0px;--awb-border-radius-bottom-left:0px;--awb-flex-wrap:wrap;\" data-animationType=\"slideInUp\" data-animationDuration=\"1.0\" data-animationOffset=\"top-into-view\" ><div class=\"fusion-builder-row fusion-row fusion-flex-align-items-flex-start fusion-flex-content-wrap\" style=\"max-width:1248px;margin-left: calc(-4% \/ 2 );margin-right: calc(-4% \/ 2 );\"><div class=\"fusion-layout-column fusion_builder_column fusion-builder-column-0 fusion_builder_column_1_1 1_1 fusion-flex-column\" style=\"--awb-bg-size:cover;--awb-width-large:100%;--awb-margin-top-large:0px;--awb-spacing-right-large:1.92%;--awb-margin-bottom-large:20px;--awb-spacing-left-large:1.92%;--awb-width-medium:100%;--awb-order-medium:0;--awb-spacing-right-medium:1.92%;--awb-spacing-left-medium:1.92%;--awb-width-small:100%;--awb-order-small:0;--awb-spacing-right-small:1.92%;--awb-spacing-left-small:1.92%;\"><div class=\"fusion-column-wrapper fusion-column-has-shadow fusion-flex-justify-content-flex-start fusion-content-layout-column\"><div class=\"fusion-blog-shortcode fusion-blog-shortcode-1 fusion-blog-archive fusion-blog-layout-medium-alternate fusion-blog-pagination fusion-blog-no-images\"><div class=\"fusion-posts-container fusion-posts-container-pagination\" data-pages=\"2\"><article id=\"blog-1-post-7564\" class=\"fusion-post-medium-alternate post-7564 post type-post status-publish format-standard hentry category-informes-rpa-pt-br\">\n<div class=\"fusion-date-and-formats\"><div class=\"fusion-date-box updated\"><span class=\"fusion-date\">30<\/span><span class=\"fusion-month-year\">03, 2026<\/span><\/div><div class=\"fusion-format-box\"><i class=\"awb-icon-pen\" aria-hidden=\"true\"><\/i><\/div><\/div><div class=\"fusion-post-content post-content\"><h2 class=\"blog-shortcode-post-title entry-title\"><a href=\"https:\/\/fapol.org\/pt-br\/blog\/falar-do-traumatico-interlocucao-com-ricardo-seldes\/\">FALAR DO TRAUM\u00c1TICO &#8211; Interlocu\u00e7\u00e3o com Ricardo Seldes<\/a><\/h2><div class=\"fusion-post-content-container\"><p>FALAR DO TRAUM\u00c1TICO Interlocu\u00e7\u00e3o com Ricardo Seldes Belo Horizonte, 4 de setembro de 2025 O tema Jacques-Alain Miller, na aula [...]<\/p><\/div><\/div><div class=\"fusion-clearfix\"><\/div><div class=\"fusion-meta-info\"><div class=\"fusion-alignright\"><a class=\"fusion-read-more\" href=\"https:\/\/fapol.org\/pt-br\/blog\/falar-do-traumatico-interlocucao-com-ricardo-seldes\/\" aria-label=\"More on FALAR DO TRAUM\u00c1TICO &#8211; Interlocu\u00e7\u00e3o com Ricardo Seldes\">Read More<\/a><\/div><\/div><\/article>\n<article id=\"blog-1-post-7406\" class=\"fusion-post-medium-alternate post-7406 post type-post status-publish format-standard hentry category-informes-rpa-pt-br\">\n<div class=\"fusion-date-and-formats\"><div class=\"fusion-date-box updated\"><span class=\"fusion-date\">3<\/span><span class=\"fusion-month-year\">12, 2025<\/span><\/div><div class=\"fusion-format-box\"><i class=\"awb-icon-pen\" aria-hidden=\"true\"><\/i><\/div><\/div><div class=\"fusion-post-content post-content\"><h2 class=\"blog-shortcode-post-title entry-title\"><a href=\"https:\/\/fapol.org\/pt-br\/blog\/1a-acta-del-bienio-2025-2026\/\">1\u00aa Ata do bi\u00eanio 2025\/2026<\/a><\/h2><div class=\"fusion-post-content-container\"><p>Partindo da observa\u00e7\u00e3o de que a quest\u00e3o \u201cdo que constitui o trauma\u201d est\u00e1 no centro n\u00e3o apenas da doutrina psicanal\u00edtica, [...]<\/p><\/div><\/div><div class=\"fusion-clearfix\"><\/div><div class=\"fusion-meta-info\"><div class=\"fusion-alignright\"><a class=\"fusion-read-more\" href=\"https:\/\/fapol.org\/pt-br\/blog\/1a-acta-del-bienio-2025-2026\/\" aria-label=\"More on 1\u00aa Ata do bi\u00eanio 2025\/2026\">Read More<\/a><\/div><\/div><\/article>\n<article id=\"blog-1-post-6678\" class=\"fusion-post-medium-alternate post-6678 post type-post status-publish format-standard hentry category-informes-rpa-pt-br category-redes-pt-br\">\n<div class=\"fusion-date-and-formats\"><div class=\"fusion-date-box updated\"><span class=\"fusion-date\">11<\/span><span class=\"fusion-month-year\">11, 2023<\/span><\/div><div class=\"fusion-format-box\"><i class=\"awb-icon-pen\" aria-hidden=\"true\"><\/i><\/div><\/div><div class=\"fusion-post-content post-content\"><h2 class=\"blog-shortcode-post-title entry-title\"><a href=\"https:\/\/fapol.org\/pt-br\/blog\/ata-da-conversa-instalacoes-analiticas-em-instituicoes\/\">Ata da conversa &#8220;INSTALA\u00c7\u00d5ES ANAL\u00cdTICAS EM INSTITUI\u00c7\u00d5ES&#8221;<\/a><\/h2><div class=\"fusion-post-content-container\"><p> 28 de setembro de 2023, sede da EOL, Buenos Aires. \u00a0 Com uma grande participa\u00e7\u00e3o (mais de 100 pessoas), [...]<\/p><\/div><\/div><div class=\"fusion-clearfix\"><\/div><div class=\"fusion-meta-info\"><div class=\"fusion-alignright\"><a class=\"fusion-read-more\" href=\"https:\/\/fapol.org\/pt-br\/blog\/ata-da-conversa-instalacoes-analiticas-em-instituicoes\/\" aria-label=\"More on Ata da conversa &#8220;INSTALA\u00c7\u00d5ES ANAL\u00cdTICAS EM INSTITUI\u00c7\u00d5ES&#8221;\">Read More<\/a><\/div><\/div><\/article>\n<article id=\"blog-1-post-6679\" class=\"fusion-post-medium-alternate post-6679 post type-post status-publish format-standard hentry category-informes-rpa-pt-br category-redes-pt-br\">\n<div class=\"fusion-date-and-formats\"><div class=\"fusion-date-box updated\"><span class=\"fusion-date\">11<\/span><span class=\"fusion-month-year\">11, 2023<\/span><\/div><div class=\"fusion-format-box\"><i class=\"awb-icon-pen\" aria-hidden=\"true\"><\/i><\/div><\/div><div class=\"fusion-post-content post-content\"><h2 class=\"blog-shortcode-post-title entry-title\"><a href=\"https:\/\/fapol.org\/pt-br\/blog\/o-trabalho-da-rpa-em-2023\/\">O trabalho da RPA em 2023<\/a><\/h2><div class=\"fusion-post-content-container\"><p> A Rede de Paican\u00e1lise Aplicada RPA da Fapol realizou na in\u00edcio deste ano uma nova Convocat\u00f3ria de Atualiza\u00e7\u00e3o dos [...]<\/p><\/div><\/div><div class=\"fusion-clearfix\"><\/div><div class=\"fusion-meta-info\"><div class=\"fusion-alignright\"><a class=\"fusion-read-more\" href=\"https:\/\/fapol.org\/pt-br\/blog\/o-trabalho-da-rpa-em-2023\/\" aria-label=\"More on O trabalho da RPA em 2023\">Read More<\/a><\/div><\/div><\/article>\n<article id=\"blog-1-post-6752\" class=\"fusion-post-medium-alternate post-6752 post type-post status-publish format-standard hentry category-informes-rpa-pt-br category-redes-pt-br\">\n<div class=\"fusion-date-and-formats\"><div class=\"fusion-date-box updated\"><span class=\"fusion-date\">3<\/span><span class=\"fusion-month-year\">10, 2019<\/span><\/div><div class=\"fusion-format-box\"><i class=\"awb-icon-pen\" aria-hidden=\"true\"><\/i><\/div><\/div><div class=\"fusion-post-content post-content\"><h2 class=\"blog-shortcode-post-title entry-title\"><a href=\"https:\/\/fapol.org\/pt-br\/blog\/digai-mare-um-projeto-de-atendimento-psicanalitico\/\">Diga\u00ed-Mar\u00e9: um projeto de atendimento psicanal\u00edtico<\/a><\/h2><div class=\"fusion-post-content-container\"><p> Editorial Projeto Diga\u00ed-Mar\u00e9 Nesta edi\u00e7\u00e3o de Territ\u00f3rios Lacanianos vamos apresentar a voc\u00eas o Diga\u00ed-Mar\u00e9: um projeto de atendimento psicanal\u00edtico [...]<\/p><\/div><\/div><div class=\"fusion-clearfix\"><\/div><div class=\"fusion-meta-info\"><div class=\"fusion-alignright\"><a class=\"fusion-read-more\" href=\"https:\/\/fapol.org\/pt-br\/blog\/digai-mare-um-projeto-de-atendimento-psicanalitico\/\" aria-label=\"More on Diga\u00ed-Mar\u00e9: um projeto de atendimento psicanal\u00edtico\">Read More<\/a><\/div><\/div><\/article>\n<article id=\"blog-1-post-6733\" class=\"fusion-post-medium-alternate post-6733 post type-post status-publish format-standard hentry category-informes-rpa-pt-br category-redes-pt-br\">\n<div class=\"fusion-date-and-formats\"><div class=\"fusion-date-box updated\"><span class=\"fusion-date\">2<\/span><span class=\"fusion-month-year\">05, 2018<\/span><\/div><div class=\"fusion-format-box\"><i class=\"awb-icon-pen\" aria-hidden=\"true\"><\/i><\/div><\/div><div class=\"fusion-post-content post-content\"><h2 class=\"blog-shortcode-post-title entry-title\"><a href=\"https:\/\/fapol.org\/pt-br\/blog\/reunion-red-de-psicoanalisis-aplicado-abril-2018-barcelona\/\">Reuni\u00f3n Red de Psicoan\u00e1lisis Aplicado &#8211; Abril 2018, Barcelona<\/a><\/h2><div class=\"fusion-post-content-container\"><p> Rese\u00f1a de la mesa redonda del d\u00eda 2 de abril de 2018, en la ciudad de Barcelona. \"El tiempo [...]<\/p><\/div><\/div><div class=\"fusion-clearfix\"><\/div><div class=\"fusion-meta-info\"><div class=\"fusion-alignright\"><a class=\"fusion-read-more\" href=\"https:\/\/fapol.org\/pt-br\/blog\/reunion-red-de-psicoanalisis-aplicado-abril-2018-barcelona\/\" aria-label=\"More on Reuni\u00f3n Red de Psicoan\u00e1lisis Aplicado &#8211; Abril 2018, Barcelona\">Read More<\/a><\/div><\/div><\/article>\n<article id=\"blog-1-post-6737\" class=\"fusion-post-medium-alternate post-6737 post type-post status-publish format-standard hentry category-informes-rpa-pt-br category-redes-pt-br\">\n<div class=\"fusion-date-and-formats\"><div class=\"fusion-date-box updated\"><span class=\"fusion-date\">19<\/span><span class=\"fusion-month-year\">03, 2018<\/span><\/div><div class=\"fusion-format-box\"><i class=\"awb-icon-pen\" aria-hidden=\"true\"><\/i><\/div><\/div><div class=\"fusion-post-content post-content\"><h2 class=\"blog-shortcode-post-title entry-title\"><a href=\"https:\/\/fapol.org\/pt-br\/blog\/red-de-psicoanalisis-aplicado\/\">Red de Psicoan\u00e1lisis Aplicado<\/a><\/h2><div class=\"fusion-post-content-container\"><p> Nuestra primera reuni\u00f3n realizada el d\u00eda 13 de septiembre de 2017, en ocasi\u00f3n del \u00faltimo ENAPOL, fue el momento [...]<\/p><\/div><\/div><div class=\"fusion-clearfix\"><\/div><div class=\"fusion-meta-info\"><div class=\"fusion-alignright\"><a class=\"fusion-read-more\" href=\"https:\/\/fapol.org\/pt-br\/blog\/red-de-psicoanalisis-aplicado\/\" aria-label=\"More on Red de Psicoan\u00e1lisis Aplicado\">Read More<\/a><\/div><\/div><\/article>\n<article id=\"blog-1-post-6742\" class=\"fusion-post-medium-alternate post-6742 post type-post status-publish format-standard hentry category-informes-rpa-pt-br category-redes-pt-br\">\n<div class=\"fusion-date-and-formats\"><div class=\"fusion-date-box updated\"><span class=\"fusion-date\">11<\/span><span class=\"fusion-month-year\">12, 2017<\/span><\/div><div class=\"fusion-format-box\"><i class=\"awb-icon-pen\" aria-hidden=\"true\"><\/i><\/div><\/div><div class=\"fusion-post-content post-content\"><h2 class=\"blog-shortcode-post-title entry-title\"><a href=\"https:\/\/fapol.org\/pt-br\/blog\/resena-de-la-i-conversacion-publica-de-psicoanalisis-aplicado-en-la-ucsg-abuso-sexual-infantil-trauma-fantasma-y-dispositivos-2017\/\">Rese\u00f1a de la I Conversaci\u00f3n P\u00fablica de Psicoan\u00e1lisis Aplicado en la UCSG &#8211; ABUSO SEXUAL INFANTIL: TRAUMA, FANTASMA Y DISPOSITIVOS- 2017<\/a><\/h2><div class=\"fusion-post-content-container\"><p> Jessica Jara, Coordinadora de la Conversaci\u00f3n. La I Conversaci\u00f3n P\u00fablica del Grupo \"Psicoan\u00e1lisis aplicado y dispositivos de control\"[1] del [...]<\/p><\/div><\/div><div class=\"fusion-clearfix\"><\/div><div class=\"fusion-meta-info\"><div class=\"fusion-alignright\"><a class=\"fusion-read-more\" href=\"https:\/\/fapol.org\/pt-br\/blog\/resena-de-la-i-conversacion-publica-de-psicoanalisis-aplicado-en-la-ucsg-abuso-sexual-infantil-trauma-fantasma-y-dispositivos-2017\/\" aria-label=\"More on Rese\u00f1a de la I Conversaci\u00f3n P\u00fablica de Psicoan\u00e1lisis Aplicado en la UCSG &#8211; ABUSO SEXUAL INFANTIL: TRAUMA, FANTASMA Y DISPOSITIVOS- 2017\">Read More<\/a><\/div><\/div><\/article>\n<article id=\"blog-1-post-6745\" class=\"fusion-post-medium-alternate post-6745 post type-post status-publish format-standard hentry category-informes-rpa-pt-br category-redes-pt-br\">\n<div class=\"fusion-date-and-formats\"><div class=\"fusion-date-box updated\"><span class=\"fusion-date\">12<\/span><span class=\"fusion-month-year\">10, 2017<\/span><\/div><div class=\"fusion-format-box\"><i class=\"awb-icon-pen\" aria-hidden=\"true\"><\/i><\/div><\/div><div class=\"fusion-post-content post-content\"><h2 class=\"blog-shortcode-post-title entry-title\"><a href=\"https:\/\/fapol.org\/pt-br\/blog\/acta-reunion-del-dia-13-9-2017\/\">Acta reuni\u00f3n del d\u00eda 13\/9\/2017<\/a><\/h2><div class=\"fusion-post-content-container\"><p> Por Ricardo Seldes ...hoy est\u00e1 a punto de enraizarse en el psicoan\u00e1lisis una rutina de uso, como expresaba Lacan, [...]<\/p><\/div><\/div><div class=\"fusion-clearfix\"><\/div><div class=\"fusion-meta-info\"><div class=\"fusion-alignright\"><a class=\"fusion-read-more\" href=\"https:\/\/fapol.org\/pt-br\/blog\/acta-reunion-del-dia-13-9-2017\/\" aria-label=\"More on Acta reuni\u00f3n del d\u00eda 13\/9\/2017\">Read More<\/a><\/div><\/div><\/article>\n<article id=\"blog-1-post-6760\" class=\"fusion-post-medium-alternate post-6760 post type-post status-publish format-standard hentry category-informes-rpa-pt-br category-redes-pt-br\">\n<div class=\"fusion-date-and-formats\"><div class=\"fusion-date-box updated\"><span class=\"fusion-date\">17<\/span><span class=\"fusion-month-year\">01, 2017<\/span><\/div><div class=\"fusion-format-box\"><i class=\"awb-icon-pen\" aria-hidden=\"true\"><\/i><\/div><\/div><div class=\"fusion-post-content post-content\"><h2 class=\"blog-shortcode-post-title entry-title\"><a href=\"https:\/\/fapol.org\/pt-br\/blog\/red-de-psicoanalisis-aplicado-enero-2017\/\">Red de Psicoan\u00e1lisis Aplicado &#8211; Enero 2017<\/a><\/h2><div class=\"fusion-post-content-container\"><p> La multiplicidad de ofertas terap\u00e9uticas con las que cuenta un sujeto en el siglo XXI, proponen un ideal de [...]<\/p><\/div><\/div><div class=\"fusion-clearfix\"><\/div><div class=\"fusion-meta-info\"><div class=\"fusion-alignright\"><a class=\"fusion-read-more\" href=\"https:\/\/fapol.org\/pt-br\/blog\/red-de-psicoanalisis-aplicado-enero-2017\/\" aria-label=\"More on Red de Psicoan\u00e1lisis Aplicado &#8211; Enero 2017\">Read More<\/a><\/div><\/div><\/article>\n<\/div><div class=\"pagination clearfix\"><span class=\"current\">1<\/span><a href=\"https:\/\/fapol.org\/pt-br\/wp-json\/wp\/v2\/pages\/6154\/page\/2\/\" class=\"inactive\">2<\/a><a class=\"pagination-next\" rel=\"next\" href=\"https:\/\/fapol.org\/pt-br\/wp-json\/wp\/v2\/pages\/6154\/page\/2\/\"><span class=\"page-text\">Next<\/span><span class=\"page-next\"><\/span><\/a><\/div><div class=\"fusion-clearfix\"><\/div><\/div><\/div><\/div><\/div><\/div>\n","protected":false},"excerpt":{"rendered":"","protected":false},"author":3,"featured_media":0,"parent":6150,"menu_order":4,"comment_status":"closed","ping_status":"closed","template":"","meta":{"_monsterinsights_skip_tracking":false,"_monsterinsights_sitenote_active":false,"_monsterinsights_sitenote_note":"","_monsterinsights_sitenote_category":0,"footnotes":""},"class_list":["post-6154","page","type-page","status-publish","hentry"],"_links":{"self":[{"href":"https:\/\/fapol.org\/pt-br\/wp-json\/wp\/v2\/pages\/6154","targetHints":{"allow":["GET"]}}],"collection":[{"href":"https:\/\/fapol.org\/pt-br\/wp-json\/wp\/v2\/pages"}],"about":[{"href":"https:\/\/fapol.org\/pt-br\/wp-json\/wp\/v2\/types\/page"}],"author":[{"embeddable":true,"href":"https:\/\/fapol.org\/pt-br\/wp-json\/wp\/v2\/users\/3"}],"replies":[{"embeddable":true,"href":"https:\/\/fapol.org\/pt-br\/wp-json\/wp\/v2\/comments?post=6154"}],"version-history":[{"count":1,"href":"https:\/\/fapol.org\/pt-br\/wp-json\/wp\/v2\/pages\/6154\/revisions"}],"predecessor-version":[{"id":6159,"href":"https:\/\/fapol.org\/pt-br\/wp-json\/wp\/v2\/pages\/6154\/revisions\/6159"}],"up":[{"embeddable":true,"href":"https:\/\/fapol.org\/pt-br\/wp-json\/wp\/v2\/pages\/6150"}],"wp:attachment":[{"href":"https:\/\/fapol.org\/pt-br\/wp-json\/wp\/v2\/media?parent=6154"}],"curies":[{"name":"wp","href":"https:\/\/api.w.org\/{rel}","templated":true}]}}