{"id":6167,"date":"2021-03-22T14:17:42","date_gmt":"2021-03-22T17:17:42","guid":{"rendered":"https:\/\/fapol.org\/redes\/red-de-cine-y-psicoanalisis\/articulos\/"},"modified":"2024-12-14T09:29:56","modified_gmt":"2024-12-14T12:29:56","slug":"artigos","status":"publish","type":"page","link":"https:\/\/fapol.org\/pt-br\/redes\/rede-de-cinema-e-psicanalise\/artigos\/","title":{"rendered":"Artigos"},"content":{"rendered":"<div class=\"fusion-fullwidth fullwidth-box fusion-builder-row-1 fusion-flex-container nonhundred-percent-fullwidth non-hundred-percent-height-scrolling\" style=\"--awb-border-radius-top-left:0px;--awb-border-radius-top-right:0px;--awb-border-radius-bottom-right:0px;--awb-border-radius-bottom-left:0px;--awb-flex-wrap:wrap;\" ><div class=\"fusion-builder-row fusion-row fusion-flex-align-items-flex-start fusion-flex-content-wrap\" style=\"max-width:1248px;margin-left: calc(-4% \/ 2 );margin-right: calc(-4% \/ 2 );\"><div class=\"fusion-layout-column fusion_builder_column fusion-builder-column-0 fusion_builder_column_1_1 1_1 fusion-flex-column\" style=\"--awb-bg-size:cover;--awb-width-large:100%;--awb-margin-top-large:0px;--awb-spacing-right-large:1.92%;--awb-margin-bottom-large:20px;--awb-spacing-left-large:1.92%;--awb-width-medium:100%;--awb-order-medium:0;--awb-spacing-right-medium:1.92%;--awb-spacing-left-medium:1.92%;--awb-width-small:100%;--awb-order-small:0;--awb-spacing-right-small:1.92%;--awb-spacing-left-small:1.92%;\"><div class=\"fusion-column-wrapper fusion-column-has-shadow fusion-flex-justify-content-flex-start fusion-content-layout-column\"><style type=\"text\/css\">.fusion-portfolio-wrapper#fusion-portfolio-1 .fusion-portfolio-content{ padding: 25px 25px 25px 25px; text-align: left; }<\/style><div class=\"fusion-recent-works fusion-portfolio-element fusion-portfolio fusion-portfolio-1 fusion-portfolio-grid fusion-portfolio-paging-load-more-button fusion-portfolio-two fusion-portfolio-boxed fusion-portfolio-text fusion-portfolio-equal-heights fusion-portfolio-rollover fusion-animated\" data-id=\"-rw-1\" data-columns=\"two\" data-animationType=\"slideInUp\" data-animationDuration=\"1.2\" data-animationOffset=\"top-into-view\"><style type=\"text\/css\">.fusion-portfolio-1 .fusion-portfolio-wrapper .fusion-col-spacing{padding:10px;}<\/style><div class=\"fusion-portfolio-wrapper\" id=\"fusion-portfolio-1\" data-picturesize=\"fixed\" data-pages=\"2\" style=\"margin:-10px;\"><article id=\"portfolio-1-post-6293\" class=\"fusion-portfolio-post articulos-cine-pt-br cine-pt-br redes-pt-br fusion-col-spacing post-6293\"><div class=\"fusion-portfolio-content-wrapper\" style=\"border:1px solid #ffffff;border-bottom-width:3px;background-color:rgba(255,255,255,1);\"><span class=\"vcard rich-snippet-hidden\"><span class=\"fn\"><a href=\"https:\/\/fapol.org\/pt-br\/blog\/author\/gonzalozabala\/\" title=\"Posts de gonzalozabala\" rel=\"author\">gonzalozabala<\/a><\/span><\/span><span class=\"updated rich-snippet-hidden\">2024-12-16T16:24:35-03:00<\/span><div  class=\"fusion-image-wrapper fusion-image-size-fixed\" aria-haspopup=\"true\">\n\t\t\t\t<img decoding=\"async\" width=\"460\" height=\"295\" src=\"https:\/\/fapol.org\/wp-content\/uploads\/2022\/06\/tcBaGBDRBcyhuqm7yai8JTwOMVo-460x295.jpg\" class=\"attachment-portfolio-two size-portfolio-two wp-post-image\" alt=\"\" \/><div class=\"fusion-rollover\">\n\t<div class=\"fusion-rollover-content\">\n\n\t\t\t\t\t\t\t\t\t\t\t\t\t\t<a class=\"fusion-rollover-link\" href=\"https:\/\/fapol.org\/pt-br\/blog\/portfolio-items\/comentarios-sobre-o-filme-xxy\/?portfolioCats=97\">Coment\u00e1rios sobre o filme XXY<\/a>\n\t\t\t\n\t\t\t\t\t\t\t\t\n\t\t\n\t\t\t\t\t\t\t\t\n\t\t\t\t\t\t\t\t\n\t\t\n\t\t\t\t\t\t<a class=\"fusion-link-wrapper\" href=\"https:\/\/fapol.org\/pt-br\/blog\/portfolio-items\/comentarios-sobre-o-filme-xxy\/?portfolioCats=97\" aria-label=\"Coment\u00e1rios sobre o filme XXY\"><\/a>\n\t<\/div>\n<\/div>\n<\/div>\n<div class=\"fusion-portfolio-content\" style=\"background-color:rgba(255,255,255,1);\"><h2 class=\"entry-title fusion-post-title\"><a href=\"https:\/\/fapol.org\/pt-br\/blog\/portfolio-items\/comentarios-sobre-o-filme-xxy\/?portfolioCats=97\">Coment\u00e1rios sobre o filme XXY<\/a><\/h2><div class=\"fusion-content-sep sep-double sep-solid\" style=\"border-color:#e2e2e2;\"><\/div><div class=\"fusion-post-content\"><p> Coment\u00e1rios sobre o filme XXY  Ondina Machado (EBP) Os casos de intersexo podem  [...]<\/p><\/div><\/div><\/div><\/article><article id=\"portfolio-1-post-6380\" class=\"fusion-portfolio-post articulos-cine-pt-br cine-pt-br redes-pt-br fusion-col-spacing post-6380\"><div class=\"fusion-portfolio-content-wrapper\" style=\"border:1px solid #ffffff;border-bottom-width:3px;background-color:rgba(255,255,255,1);\"><span class=\"vcard rich-snippet-hidden\"><span class=\"fn\"><a href=\"https:\/\/fapol.org\/pt-br\/blog\/author\/gonzalozabala\/\" title=\"Posts de gonzalozabala\" rel=\"author\">gonzalozabala<\/a><\/span><\/span><span class=\"updated rich-snippet-hidden\">2021-09-17T12:14:40-03:00<\/span><div  class=\"fusion-image-wrapper fusion-image-size-fixed\" aria-haspopup=\"true\">\n\t\t\t\t<img decoding=\"async\" width=\"460\" height=\"295\" src=\"https:\/\/fapol.org\/wp-content\/uploads\/2021\/09\/RCP-Pais-nao-ves-que-estou-queimando-460x295.jpg\" class=\"attachment-portfolio-two size-portfolio-two wp-post-image\" alt=\"\" \/><div class=\"fusion-rollover\">\n\t<div class=\"fusion-rollover-content\">\n\n\t\t\t\t\t\t\t\t\t\t\t\t\t\t<a class=\"fusion-rollover-link\" href=\"https:\/\/fapol.org\/pt-br\/blog\/portfolio-items\/pais-nao-ves-que-estou-queimando-o-incendio-de-uma-cinemateca\/?portfolioCats=97\">Pa\u00eds, n\u00e3o v\u00eas que estou queimando? &#8211; O inc\u00eandio de uma cinemateca<\/a>\n\t\t\t\n\t\t\t\t\t\t\t\t\n\t\t\n\t\t\t\t\t\t\t\t\n\t\t\t\t\t\t\t\t\n\t\t\n\t\t\t\t\t\t<a class=\"fusion-link-wrapper\" href=\"https:\/\/fapol.org\/pt-br\/blog\/portfolio-items\/pais-nao-ves-que-estou-queimando-o-incendio-de-uma-cinemateca\/?portfolioCats=97\" aria-label=\"Pa\u00eds, n\u00e3o v\u00eas que estou queimando? &#8211; O inc\u00eandio de uma cinemateca\"><\/a>\n\t<\/div>\n<\/div>\n<\/div>\n<div class=\"fusion-portfolio-content\" style=\"background-color:rgba(255,255,255,1);\"><h2 class=\"entry-title fusion-post-title\"><a href=\"https:\/\/fapol.org\/pt-br\/blog\/portfolio-items\/pais-nao-ves-que-estou-queimando-o-incendio-de-uma-cinemateca\/?portfolioCats=97\">Pa\u00eds, n\u00e3o v\u00eas que estou queimando? &#8211; O inc\u00eandio de uma cinemateca<\/a><\/h2><div class=\"fusion-content-sep sep-double sep-solid\" style=\"border-color:#e2e2e2;\"><\/div><div class=\"fusion-post-content\"><p> Cristiane Barreto Os destro\u00e7os n\u00e3o foram corpos despeda\u00e7ados, nem fragmento corporal, \u201csob o fogo  [...]<\/p><\/div><\/div><\/div><\/article><article id=\"portfolio-1-post-6381\" class=\"fusion-portfolio-post articulos-cine-pt-br cine-pt-br redes-pt-br fusion-col-spacing post-6381\"><div class=\"fusion-portfolio-content-wrapper\" style=\"border:1px solid #ffffff;border-bottom-width:3px;background-color:rgba(255,255,255,1);\"><span class=\"vcard rich-snippet-hidden\"><span class=\"fn\"><a href=\"https:\/\/fapol.org\/pt-br\/blog\/author\/gonzalozabala\/\" title=\"Posts de gonzalozabala\" rel=\"author\">gonzalozabala<\/a><\/span><\/span><span class=\"updated rich-snippet-hidden\">2021-09-17T12:09:40-03:00<\/span><div  class=\"fusion-image-wrapper fusion-image-size-fixed\" aria-haspopup=\"true\">\n\t\t\t\t<img decoding=\"async\" width=\"460\" height=\"295\" src=\"https:\/\/fapol.org\/wp-content\/uploads\/2021\/09\/RCP-Pais-e-filhos-460x295.jpg\" class=\"attachment-portfolio-two size-portfolio-two wp-post-image\" alt=\"\" \/><div class=\"fusion-rollover\">\n\t<div class=\"fusion-rollover-content\">\n\n\t\t\t\t\t\t\t\t\t\t\t\t\t\t<a class=\"fusion-rollover-link\" href=\"https:\/\/fapol.org\/pt-br\/blog\/portfolio-items\/pais-e-filhos-rede-cinema-e-psicanalise\/?portfolioCats=97\">Pais e filhos &#8211; Rede Cinema e Psican\u00e1lise<\/a>\n\t\t\t\n\t\t\t\t\t\t\t\t\n\t\t\n\t\t\t\t\t\t\t\t\n\t\t\t\t\t\t\t\t\n\t\t\n\t\t\t\t\t\t<a class=\"fusion-link-wrapper\" href=\"https:\/\/fapol.org\/pt-br\/blog\/portfolio-items\/pais-e-filhos-rede-cinema-e-psicanalise\/?portfolioCats=97\" aria-label=\"Pais e filhos &#8211; Rede Cinema e Psican\u00e1lise\"><\/a>\n\t<\/div>\n<\/div>\n<\/div>\n<div class=\"fusion-portfolio-content\" style=\"background-color:rgba(255,255,255,1);\"><h2 class=\"entry-title fusion-post-title\"><a href=\"https:\/\/fapol.org\/pt-br\/blog\/portfolio-items\/pais-e-filhos-rede-cinema-e-psicanalise\/?portfolioCats=97\">Pais e filhos &#8211; Rede Cinema e Psican\u00e1lise<\/a><\/h2><div class=\"fusion-content-sep sep-double sep-solid\" style=\"border-color:#e2e2e2;\"><\/div><div class=\"fusion-post-content\"><p> Rede Cinema e Psican\u00e1lise - FAPOL  Atividade da EBP-Rio 07\/2021 Filme: Pais e  [...]<\/p><\/div><\/div><\/div><\/article><article id=\"portfolio-1-post-6430\" class=\"fusion-portfolio-post articulos-cine-pt-br cine-pt-br redes-pt-br fusion-col-spacing post-6430\"><div class=\"fusion-portfolio-content-wrapper\" style=\"border:1px solid #ffffff;border-bottom-width:3px;background-color:rgba(255,255,255,1);\"><span class=\"vcard rich-snippet-hidden\"><span class=\"fn\"><a href=\"https:\/\/fapol.org\/pt-br\/blog\/author\/gonzalozabala\/\" title=\"Posts de gonzalozabala\" rel=\"author\">gonzalozabala<\/a><\/span><\/span><span class=\"updated rich-snippet-hidden\">2021-06-22T19:33:57-03:00<\/span><div  class=\"fusion-image-wrapper fusion-image-size-fixed\" aria-haspopup=\"true\">\n\t\t\t\t<img decoding=\"async\" width=\"460\" height=\"295\" src=\"https:\/\/fapol.org\/wp-content\/uploads\/2021\/06\/Freud-con-Chaplin-460x295.jpg\" class=\"attachment-portfolio-two size-portfolio-two wp-post-image\" alt=\"\" \/><div class=\"fusion-rollover\">\n\t<div class=\"fusion-rollover-content\">\n\n\t\t\t\t\t\t\t\t\t\t\t\t\t\t<a class=\"fusion-rollover-link\" href=\"https:\/\/fapol.org\/pt-br\/blog\/portfolio-items\/lacan-con-chaplin\/?portfolioCats=97\">Lacan con Chaplin<\/a>\n\t\t\t\n\t\t\t\t\t\t\t\t\n\t\t\n\t\t\t\t\t\t\t\t\n\t\t\t\t\t\t\t\t\n\t\t\n\t\t\t\t\t\t<a class=\"fusion-link-wrapper\" href=\"https:\/\/fapol.org\/pt-br\/blog\/portfolio-items\/lacan-con-chaplin\/?portfolioCats=97\" aria-label=\"Lacan con Chaplin\"><\/a>\n\t<\/div>\n<\/div>\n<\/div>\n<div class=\"fusion-portfolio-content\" style=\"background-color:rgba(255,255,255,1);\"><h2 class=\"entry-title fusion-post-title\"><a href=\"https:\/\/fapol.org\/pt-br\/blog\/portfolio-items\/lacan-con-chaplin\/?portfolioCats=97\">Lacan con Chaplin<\/a><\/h2><div class=\"fusion-content-sep sep-double sep-solid\" style=\"border-color:#e2e2e2;\"><\/div><div class=\"fusion-post-content\"><p>            <\/p><\/div><\/div><\/div><\/article><article id=\"portfolio-1-post-6527\" class=\"fusion-portfolio-post articulos-cine-pt-br cine-pt-br redes-pt-br fusion-col-spacing post-6527\"><div class=\"fusion-portfolio-content-wrapper\" style=\"border:1px solid #ffffff;border-bottom-width:3px;background-color:rgba(255,255,255,1);\"><span class=\"vcard rich-snippet-hidden\"><span class=\"fn\"><a href=\"https:\/\/fapol.org\/pt-br\/blog\/author\/gonzalozabala\/\" title=\"Posts de gonzalozabala\" rel=\"author\">gonzalozabala<\/a><\/span><\/span><span class=\"updated rich-snippet-hidden\">2021-02-04T12:49:05-03:00<\/span><div  class=\"fusion-image-wrapper fusion-image-size-fixed\" aria-haspopup=\"true\">\n\t\t\t\t<img decoding=\"async\" width=\"460\" height=\"295\" src=\"https:\/\/fapol.org\/wp-content\/uploads\/2021\/05\/1200x675-460x295.jpg\" class=\"attachment-portfolio-two size-portfolio-two wp-post-image\" alt=\"\" \/><div class=\"fusion-rollover\">\n\t<div class=\"fusion-rollover-content\">\n\n\t\t\t\t\t\t\t\t\t\t\t\t\t\t<a class=\"fusion-rollover-link\" href=\"https:\/\/fapol.org\/pt-br\/blog\/portfolio-items\/amor-al-padre\/?portfolioCats=97\">Amor al padre<\/a>\n\t\t\t\n\t\t\t\t\t\t\t\t\n\t\t\n\t\t\t\t\t\t\t\t\n\t\t\t\t\t\t\t\t\n\t\t\n\t\t\t\t\t\t<a class=\"fusion-link-wrapper\" href=\"https:\/\/fapol.org\/pt-br\/blog\/portfolio-items\/amor-al-padre\/?portfolioCats=97\" aria-label=\"Amor al padre\"><\/a>\n\t<\/div>\n<\/div>\n<\/div>\n<div class=\"fusion-portfolio-content\" style=\"background-color:rgba(255,255,255,1);\"><h2 class=\"entry-title fusion-post-title\"><a href=\"https:\/\/fapol.org\/pt-br\/blog\/portfolio-items\/amor-al-padre\/?portfolioCats=97\">Amor al padre<\/a><\/h2><div class=\"fusion-content-sep sep-double sep-solid\" style=\"border-color:#e2e2e2;\"><\/div><div class=\"fusion-post-content\"><p>Por Gabriela Grinbaum<\/p><\/div><\/div><\/div><\/article><article id=\"portfolio-1-post-6529\" class=\"fusion-portfolio-post articulos-cine-pt-br cine-pt-br redes-pt-br fusion-col-spacing post-6529\"><div class=\"fusion-portfolio-content-wrapper\" style=\"border:1px solid #ffffff;border-bottom-width:3px;background-color:rgba(255,255,255,1);\"><span class=\"vcard rich-snippet-hidden\"><span class=\"fn\"><a href=\"https:\/\/fapol.org\/pt-br\/blog\/author\/gonzalozabala\/\" title=\"Posts de gonzalozabala\" rel=\"author\">gonzalozabala<\/a><\/span><\/span><span class=\"updated rich-snippet-hidden\">2020-12-02T12:46:41-03:00<\/span><div  class=\"fusion-image-wrapper fusion-image-size-fixed\" aria-haspopup=\"true\">\n\t\t\t\t<img decoding=\"async\" width=\"460\" height=\"295\" src=\"https:\/\/fapol.org\/wp-content\/uploads\/2021\/05\/Kryptonita-936773269-large-460x295.jpg\" class=\"attachment-portfolio-two size-portfolio-two wp-post-image\" alt=\"\" \/><div class=\"fusion-rollover\">\n\t<div class=\"fusion-rollover-content\">\n\n\t\t\t\t\t\t\t\t\t\t\t\t\t\t<a class=\"fusion-rollover-link\" href=\"https:\/\/fapol.org\/pt-br\/blog\/portfolio-items\/kryptonita\/?portfolioCats=97\">Kryptonita<\/a>\n\t\t\t\n\t\t\t\t\t\t\t\t\n\t\t\n\t\t\t\t\t\t\t\t\n\t\t\t\t\t\t\t\t\n\t\t\n\t\t\t\t\t\t<a class=\"fusion-link-wrapper\" href=\"https:\/\/fapol.org\/pt-br\/blog\/portfolio-items\/kryptonita\/?portfolioCats=97\" aria-label=\"Kryptonita\"><\/a>\n\t<\/div>\n<\/div>\n<\/div>\n<div class=\"fusion-portfolio-content\" style=\"background-color:rgba(255,255,255,1);\"><h2 class=\"entry-title fusion-post-title\"><a href=\"https:\/\/fapol.org\/pt-br\/blog\/portfolio-items\/kryptonita\/?portfolioCats=97\">Kryptonita<\/a><\/h2><div class=\"fusion-content-sep sep-double sep-solid\" style=\"border-color:#e2e2e2;\"><\/div><div class=\"fusion-post-content\"><p>Por Lautaro Delgado Tymruk y Osvaldo Delgado<\/p><\/div><\/div><\/div><\/article><article id=\"portfolio-1-post-6531\" class=\"fusion-portfolio-post articulos-cine-pt-br cine-pt-br redes-pt-br fusion-col-spacing post-6531\"><div class=\"fusion-portfolio-content-wrapper\" style=\"border:1px solid #ffffff;border-bottom-width:3px;background-color:rgba(255,255,255,1);\"><span class=\"vcard rich-snippet-hidden\"><span class=\"fn\"><a href=\"https:\/\/fapol.org\/pt-br\/blog\/author\/gonzalozabala\/\" title=\"Posts de gonzalozabala\" rel=\"author\">gonzalozabala<\/a><\/span><\/span><span class=\"updated rich-snippet-hidden\">2020-11-04T12:41:13-03:00<\/span><div  class=\"fusion-image-wrapper fusion-image-size-fixed\" aria-haspopup=\"true\">\n\t\t\t\t<img decoding=\"async\" width=\"460\" height=\"295\" src=\"https:\/\/fapol.org\/wp-content\/uploads\/2021\/05\/20-11-04_satyricon-460x295.jpg\" class=\"attachment-portfolio-two size-portfolio-two wp-post-image\" alt=\"\" \/><div class=\"fusion-rollover\">\n\t<div class=\"fusion-rollover-content\">\n\n\t\t\t\t\t\t\t\t\t\t\t\t\t\t<a class=\"fusion-rollover-link\" href=\"https:\/\/fapol.org\/pt-br\/blog\/portfolio-items\/fellini-analista-a-proposito-de-satiricon-fellini\/?portfolioCats=97\">Fellini analista: \u201cA prop\u00f3sito de Satiricon Fellini\u201d<\/a>\n\t\t\t\n\t\t\t\t\t\t\t\t\n\t\t\n\t\t\t\t\t\t\t\t\n\t\t\t\t\t\t\t\t\n\t\t\n\t\t\t\t\t\t<a class=\"fusion-link-wrapper\" href=\"https:\/\/fapol.org\/pt-br\/blog\/portfolio-items\/fellini-analista-a-proposito-de-satiricon-fellini\/?portfolioCats=97\" aria-label=\"Fellini analista: \u201cA prop\u00f3sito de Satiricon Fellini\u201d\"><\/a>\n\t<\/div>\n<\/div>\n<\/div>\n<div class=\"fusion-portfolio-content\" style=\"background-color:rgba(255,255,255,1);\"><h2 class=\"entry-title fusion-post-title\"><a href=\"https:\/\/fapol.org\/pt-br\/blog\/portfolio-items\/fellini-analista-a-proposito-de-satiricon-fellini\/?portfolioCats=97\">Fellini analista: \u201cA prop\u00f3sito de Satiricon Fellini\u201d<\/a><\/h2><div class=\"fusion-content-sep sep-double sep-solid\" style=\"border-color:#e2e2e2;\"><\/div><div class=\"fusion-post-content\"><p>Por Johnny Gavlovski<\/p><\/div><\/div><\/div><\/article><article id=\"portfolio-1-post-6535\" class=\"fusion-portfolio-post articulos-cine-pt-br cine-pt-br redes-pt-br fusion-col-spacing post-6535\"><div class=\"fusion-portfolio-content-wrapper\" style=\"border:1px solid #ffffff;border-bottom-width:3px;background-color:rgba(255,255,255,1);\"><span class=\"vcard rich-snippet-hidden\"><span class=\"fn\"><a href=\"https:\/\/fapol.org\/pt-br\/blog\/author\/gonzalozabala\/\" title=\"Posts de gonzalozabala\" rel=\"author\">gonzalozabala<\/a><\/span><\/span><span class=\"updated rich-snippet-hidden\">2020-11-04T12:37:04-03:00<\/span><div  class=\"fusion-image-wrapper fusion-image-size-fixed\" aria-haspopup=\"true\">\n\t\t\t\t<img decoding=\"async\" width=\"460\" height=\"295\" src=\"https:\/\/fapol.org\/wp-content\/uploads\/2021\/05\/La_Venus_de_las_pieles-306949736-large-460x295.jpg\" class=\"attachment-portfolio-two size-portfolio-two wp-post-image\" alt=\"\" \/><div class=\"fusion-rollover\">\n\t<div class=\"fusion-rollover-content\">\n\n\t\t\t\t\t\t\t\t\t\t\t\t\t\t<a class=\"fusion-rollover-link\" href=\"https:\/\/fapol.org\/pt-br\/blog\/portfolio-items\/la-venus-de-las-pieles\/?portfolioCats=97\">La Venus de las Pieles<\/a>\n\t\t\t\n\t\t\t\t\t\t\t\t\n\t\t\n\t\t\t\t\t\t\t\t\n\t\t\t\t\t\t\t\t\n\t\t\n\t\t\t\t\t\t<a class=\"fusion-link-wrapper\" href=\"https:\/\/fapol.org\/pt-br\/blog\/portfolio-items\/la-venus-de-las-pieles\/?portfolioCats=97\" aria-label=\"La Venus de las Pieles\"><\/a>\n\t<\/div>\n<\/div>\n<\/div>\n<div class=\"fusion-portfolio-content\" style=\"background-color:rgba(255,255,255,1);\"><h2 class=\"entry-title fusion-post-title\"><a href=\"https:\/\/fapol.org\/pt-br\/blog\/portfolio-items\/la-venus-de-las-pieles\/?portfolioCats=97\">La Venus de las Pieles<\/a><\/h2><div class=\"fusion-content-sep sep-double sep-solid\" style=\"border-color:#e2e2e2;\"><\/div><div class=\"fusion-post-content\"><p>Por Diana Paulozky<\/p><\/div><\/div><\/div><\/article><article id=\"portfolio-1-post-6537\" class=\"fusion-portfolio-post articulos-cine-pt-br cine-pt-br redes-pt-br fusion-col-spacing post-6537\"><div class=\"fusion-portfolio-content-wrapper\" style=\"border:1px solid #ffffff;border-bottom-width:3px;background-color:rgba(255,255,255,1);\"><span class=\"vcard rich-snippet-hidden\"><span class=\"fn\"><a href=\"https:\/\/fapol.org\/pt-br\/blog\/author\/gonzalozabala\/\" title=\"Posts de gonzalozabala\" rel=\"author\">gonzalozabala<\/a><\/span><\/span><span class=\"updated rich-snippet-hidden\">2020-10-05T12:16:48-03:00<\/span><div  class=\"fusion-image-wrapper fusion-image-size-fixed\" aria-haspopup=\"true\">\n\t\t\t\t<img decoding=\"async\" width=\"460\" height=\"295\" src=\"https:\/\/fapol.org\/wp-content\/uploads\/2021\/05\/jojo-rabbit-2019-1280x640-1-460x295.jpg\" class=\"attachment-portfolio-two size-portfolio-two wp-post-image\" alt=\"\" \/><div class=\"fusion-rollover\">\n\t<div class=\"fusion-rollover-content\">\n\n\t\t\t\t\t\t\t\t\t\t\t\t\t\t<a class=\"fusion-rollover-link\" href=\"https:\/\/fapol.org\/pt-br\/blog\/portfolio-items\/jojo-rabbit-o-lo-que-esta-en-juego-en-el-lazo-social\/?portfolioCats=97\">Jojo Rabbit* o lo que est\u00e1 en juego en el lazo social<\/a>\n\t\t\t\n\t\t\t\t\t\t\t\t\n\t\t\n\t\t\t\t\t\t\t\t\n\t\t\t\t\t\t\t\t\n\t\t\n\t\t\t\t\t\t<a class=\"fusion-link-wrapper\" href=\"https:\/\/fapol.org\/pt-br\/blog\/portfolio-items\/jojo-rabbit-o-lo-que-esta-en-juego-en-el-lazo-social\/?portfolioCats=97\" aria-label=\"Jojo Rabbit* o lo que est\u00e1 en juego en el lazo social\"><\/a>\n\t<\/div>\n<\/div>\n<\/div>\n<div class=\"fusion-portfolio-content\" style=\"background-color:rgba(255,255,255,1);\"><h2 class=\"entry-title fusion-post-title\"><a href=\"https:\/\/fapol.org\/pt-br\/blog\/portfolio-items\/jojo-rabbit-o-lo-que-esta-en-juego-en-el-lazo-social\/?portfolioCats=97\">Jojo Rabbit* o lo que est\u00e1 en juego en el lazo social<\/a><\/h2><div class=\"fusion-content-sep sep-double sep-solid\" style=\"border-color:#e2e2e2;\"><\/div><div class=\"fusion-post-content\"><p>Por Mirta A. Nakkache<\/p><\/div><\/div><\/div><\/article><article id=\"portfolio-1-post-6539\" class=\"fusion-portfolio-post articulos-cine-pt-br cine-pt-br redes-pt-br fusion-col-spacing post-6539\"><div class=\"fusion-portfolio-content-wrapper\" style=\"border:1px solid #ffffff;border-bottom-width:3px;background-color:rgba(255,255,255,1);\"><span class=\"vcard rich-snippet-hidden\"><span class=\"fn\"><a href=\"https:\/\/fapol.org\/pt-br\/blog\/author\/gonzalozabala\/\" title=\"Posts de gonzalozabala\" rel=\"author\">gonzalozabala<\/a><\/span><\/span><span class=\"updated rich-snippet-hidden\">2020-09-28T12:14:07-03:00<\/span><div  class=\"fusion-image-wrapper fusion-image-size-fixed\" aria-haspopup=\"true\">\n\t\t\t\t<img decoding=\"async\" width=\"460\" height=\"295\" src=\"https:\/\/fapol.org\/wp-content\/uploads\/2021\/05\/72682576_141096133944187_8033763784893923328_o-1-460x295.jpg\" class=\"attachment-portfolio-two size-portfolio-two wp-post-image\" alt=\"\" \/><div class=\"fusion-rollover\">\n\t<div class=\"fusion-rollover-content\">\n\n\t\t\t\t\t\t\t\t\t\t\t\t\t\t<a class=\"fusion-rollover-link\" href=\"https:\/\/fapol.org\/pt-br\/blog\/portfolio-items\/skene-espacio-de-cine-y-psicoanalisis-resena-de-la-pelicula-el-hoyo\/?portfolioCats=97\">SKENE. Espacio de cine y psicoan\u00e1lisis. Rese\u00f1a de la pel\u00edcula &#8220;El Hoyo&#8221;<\/a>\n\t\t\t\n\t\t\t\t\t\t\t\t\n\t\t\n\t\t\t\t\t\t\t\t\n\t\t\t\t\t\t\t\t\n\t\t\n\t\t\t\t\t\t<a class=\"fusion-link-wrapper\" href=\"https:\/\/fapol.org\/pt-br\/blog\/portfolio-items\/skene-espacio-de-cine-y-psicoanalisis-resena-de-la-pelicula-el-hoyo\/?portfolioCats=97\" aria-label=\"SKENE. Espacio de cine y psicoan\u00e1lisis. Rese\u00f1a de la pel\u00edcula &#8220;El Hoyo&#8221;\"><\/a>\n\t<\/div>\n<\/div>\n<\/div>\n<div class=\"fusion-portfolio-content\" style=\"background-color:rgba(255,255,255,1);\"><h2 class=\"entry-title fusion-post-title\"><a href=\"https:\/\/fapol.org\/pt-br\/blog\/portfolio-items\/skene-espacio-de-cine-y-psicoanalisis-resena-de-la-pelicula-el-hoyo\/?portfolioCats=97\">SKENE. Espacio de cine y psicoan\u00e1lisis. Rese\u00f1a de la pel\u00edcula &#8220;El Hoyo&#8221;<\/a><\/h2><div class=\"fusion-content-sep sep-double sep-solid\" style=\"border-color:#e2e2e2;\"><\/div><div class=\"fusion-post-content\"><p>Por Esteban Carpio Z\u00fa\u00f1iga<\/p><\/div><\/div><\/div><\/article><\/div><button class=\"fusion-load-more-button fusion-portfolio-button fusion-clearfix\">Load More Posts<\/button><div class=\"fusion-infinite-scroll-trigger\"><\/div><div class=\"pagination infinite-scroll clearfix\" style=\"display:none;\"><span class=\"current\">1<\/span><a href=\"https:\/\/fapol.org\/pt-br\/wp-json\/wp\/v2\/pages\/6167\/page\/2\/\" class=\"inactive\">2<\/a><a class=\"pagination-next\" rel=\"next\" href=\"https:\/\/fapol.org\/pt-br\/wp-json\/wp\/v2\/pages\/6167\/page\/2\/\"><span class=\"page-text\">Next<\/span><span class=\"page-next\"><\/span><\/a><\/div><div class=\"fusion-clearfix\"><\/div><\/div><\/div><\/div><\/div><\/div>\n","protected":false},"excerpt":{"rendered":"","protected":false},"author":3,"featured_media":0,"parent":6163,"menu_order":2,"comment_status":"closed","ping_status":"closed","template":"","meta":{"_monsterinsights_skip_tracking":false,"_monsterinsights_sitenote_active":false,"_monsterinsights_sitenote_note":"","_monsterinsights_sitenote_category":0,"footnotes":""},"class_list":["post-6167","page","type-page","status-publish","hentry"],"_links":{"self":[{"href":"https:\/\/fapol.org\/pt-br\/wp-json\/wp\/v2\/pages\/6167","targetHints":{"allow":["GET"]}}],"collection":[{"href":"https:\/\/fapol.org\/pt-br\/wp-json\/wp\/v2\/pages"}],"about":[{"href":"https:\/\/fapol.org\/pt-br\/wp-json\/wp\/v2\/types\/page"}],"author":[{"embeddable":true,"href":"https:\/\/fapol.org\/pt-br\/wp-json\/wp\/v2\/users\/3"}],"replies":[{"embeddable":true,"href":"https:\/\/fapol.org\/pt-br\/wp-json\/wp\/v2\/comments?post=6167"}],"version-history":[{"count":1,"href":"https:\/\/fapol.org\/pt-br\/wp-json\/wp\/v2\/pages\/6167\/revisions"}],"predecessor-version":[{"id":6172,"href":"https:\/\/fapol.org\/pt-br\/wp-json\/wp\/v2\/pages\/6167\/revisions\/6172"}],"up":[{"embeddable":true,"href":"https:\/\/fapol.org\/pt-br\/wp-json\/wp\/v2\/pages\/6163"}],"wp:attachment":[{"href":"https:\/\/fapol.org\/pt-br\/wp-json\/wp\/v2\/media?parent=6167"}],"curies":[{"name":"wp","href":"https:\/\/api.w.org\/{rel}","templated":true}]}}