{"id":6179,"date":"2022-05-15T12:52:34","date_gmt":"2022-05-15T15:52:34","guid":{"rendered":"https:\/\/fapol.org\/redes\/red-de-arte-y-psicoanalisis\/actividades\/"},"modified":"2024-12-14T09:32:47","modified_gmt":"2024-12-14T12:32:47","slug":"atividades","status":"publish","type":"page","link":"https:\/\/fapol.org\/pt-br\/redes\/rede-de-arte-e-psicanalise\/atividades\/","title":{"rendered":"Atividades"},"content":{"rendered":"<div class=\"fusion-fullwidth fullwidth-box fusion-builder-row-1 fusion-flex-container nonhundred-percent-fullwidth non-hundred-percent-height-scrolling\" style=\"--awb-border-radius-top-left:0px;--awb-border-radius-top-right:0px;--awb-border-radius-bottom-right:0px;--awb-border-radius-bottom-left:0px;--awb-flex-wrap:wrap;\" ><div class=\"fusion-builder-row fusion-row fusion-flex-align-items-flex-start fusion-flex-content-wrap\" style=\"max-width:1248px;margin-left: calc(-4% \/ 2 );margin-right: calc(-4% \/ 2 );\"><div class=\"fusion-layout-column fusion_builder_column fusion-builder-column-0 fusion_builder_column_1_1 1_1 fusion-flex-column\" style=\"--awb-bg-size:cover;--awb-width-large:100%;--awb-margin-top-large:0px;--awb-spacing-right-large:1.92%;--awb-margin-bottom-large:20px;--awb-spacing-left-large:1.92%;--awb-width-medium:100%;--awb-order-medium:0;--awb-spacing-right-medium:1.92%;--awb-spacing-left-medium:1.92%;--awb-width-small:100%;--awb-order-small:0;--awb-spacing-right-small:1.92%;--awb-spacing-left-small:1.92%;\"><div class=\"fusion-column-wrapper fusion-column-has-shadow fusion-flex-justify-content-flex-start fusion-content-layout-column\"><style type=\"text\/css\">.fusion-portfolio-wrapper#fusion-portfolio-1 .fusion-portfolio-content{ padding: 25px 25px 25px 25px; text-align: left; }<\/style><div class=\"fusion-recent-works fusion-portfolio-element fusion-portfolio fusion-portfolio-1 fusion-portfolio-grid fusion-portfolio-paging-load-more-button fusion-portfolio-two fusion-portfolio-boxed fusion-portfolio-text fusion-portfolio-equal-heights fusion-portfolio-rollover fusion-animated\" data-id=\"-rw-1\" data-columns=\"two\" data-animationType=\"slideInUp\" data-animationDuration=\"1.2\" data-animationOffset=\"top-into-view\"><style type=\"text\/css\">.fusion-portfolio-1 .fusion-portfolio-wrapper .fusion-col-spacing{padding:10px;}<\/style><div class=\"fusion-portfolio-wrapper\" id=\"fusion-portfolio-1\" data-picturesize=\"fixed\" data-pages=\"1\" style=\"margin:-10px;\"><article id=\"portfolio-1-post-6337\" class=\"fusion-portfolio-post actividades-cine-pt-br cine-pt-br redes-pt-br fusion-col-spacing post-6337\"><div class=\"fusion-portfolio-content-wrapper\" style=\"border:1px solid #ffffff;border-bottom-width:3px;background-color:rgba(255,255,255,1);\"><span class=\"vcard rich-snippet-hidden\"><span class=\"fn\"><a href=\"https:\/\/fapol.org\/pt-br\/blog\/author\/gonzalozabala\/\" title=\"Posts de gonzalozabala\" rel=\"author\">gonzalozabala<\/a><\/span><\/span><span class=\"updated rich-snippet-hidden\">2024-12-16T16:33:42-03:00<\/span><div  class=\"fusion-image-wrapper fusion-image-size-fixed\" aria-haspopup=\"true\">\n\t\t\t\t<img decoding=\"async\" width=\"460\" height=\"295\" src=\"https:\/\/fapol.org\/wp-content\/uploads\/2022\/05\/02-Berger-460x295.jpg\" class=\"attachment-portfolio-two size-portfolio-two wp-post-image\" alt=\"\" \/><div class=\"fusion-rollover\">\n\t<div class=\"fusion-rollover-content\">\n\n\t\t\t\t\t\t\t\t\t\t\t\t\t\t<a class=\"fusion-rollover-link\" href=\"https:\/\/fapol.org\/pt-br\/blog\/portfolio-items\/revista-psine-entrevista-com-viviana-berger\/?portfolioCats=99\">Revista PSIne \u2013 Entrevista com Viviana Berger<\/a>\n\t\t\t\n\t\t\t\t\t\t\t\t\n\t\t\n\t\t\t\t\t\t\t\t\n\t\t\t\t\t\t\t\t\n\t\t\n\t\t\t\t\t\t<a class=\"fusion-link-wrapper\" href=\"https:\/\/fapol.org\/pt-br\/blog\/portfolio-items\/revista-psine-entrevista-com-viviana-berger\/?portfolioCats=99\" aria-label=\"Revista PSIne \u2013 Entrevista com Viviana Berger\"><\/a>\n\t<\/div>\n<\/div>\n<\/div>\n<div class=\"fusion-portfolio-content\" style=\"background-color:rgba(255,255,255,1);\"><h2 class=\"entry-title fusion-post-title\"><a href=\"https:\/\/fapol.org\/pt-br\/blog\/portfolio-items\/revista-psine-entrevista-com-viviana-berger\/?portfolioCats=99\">Revista PSIne \u2013 Entrevista com Viviana Berger<\/a><\/h2><div class=\"fusion-content-sep sep-double sep-solid\" style=\"border-color:#e2e2e2;\"><\/div><div class=\"fusion-post-content\"><p>    <\/p><\/div><\/div><\/div><\/article><article id=\"portfolio-1-post-6433\" class=\"fusion-portfolio-post actividades-cine-pt-br cine-pt-br redes-pt-br fusion-col-spacing post-6433\"><div class=\"fusion-portfolio-content-wrapper\" style=\"border:1px solid #ffffff;border-bottom-width:3px;background-color:rgba(255,255,255,1);\"><span class=\"vcard rich-snippet-hidden\"><span class=\"fn\"><a href=\"https:\/\/fapol.org\/pt-br\/blog\/author\/gonzalozabala\/\" title=\"Posts de gonzalozabala\" rel=\"author\">gonzalozabala<\/a><\/span><\/span><span class=\"updated rich-snippet-hidden\">2021-06-17T13:26:53-03:00<\/span><div  class=\"fusion-image-wrapper fusion-image-size-fixed\" aria-haspopup=\"true\">\n\t\t\t\t<img decoding=\"async\" width=\"460\" height=\"295\" src=\"https:\/\/fapol.org\/wp-content\/uploads\/2021\/06\/image0-460x295.jpeg\" class=\"attachment-portfolio-two size-portfolio-two wp-post-image\" alt=\"\" \/><div class=\"fusion-rollover\">\n\t<div class=\"fusion-rollover-content\">\n\n\t\t\t\t\t\t\t\t\t\t\t\t\t\t<a class=\"fusion-rollover-link\" href=\"https:\/\/fapol.org\/pt-br\/blog\/portfolio-items\/rede-cinema-e-psicanalise-fapol-ebp\/?portfolioCats=99\">Rede Cinema e Psican\u00e1lise (FAPOL\/EBP)<\/a>\n\t\t\t\n\t\t\t\t\t\t\t\t\n\t\t\n\t\t\t\t\t\t\t\t\n\t\t\t\t\t\t\t\t\n\t\t\n\t\t\t\t\t\t<a class=\"fusion-link-wrapper\" href=\"https:\/\/fapol.org\/pt-br\/blog\/portfolio-items\/rede-cinema-e-psicanalise-fapol-ebp\/?portfolioCats=99\" aria-label=\"Rede Cinema e Psican\u00e1lise (FAPOL\/EBP)\"><\/a>\n\t<\/div>\n<\/div>\n<\/div>\n<div class=\"fusion-portfolio-content\" style=\"background-color:rgba(255,255,255,1);\"><h2 class=\"entry-title fusion-post-title\"><a href=\"https:\/\/fapol.org\/pt-br\/blog\/portfolio-items\/rede-cinema-e-psicanalise-fapol-ebp\/?portfolioCats=99\">Rede Cinema e Psican\u00e1lise (FAPOL\/EBP)<\/a><\/h2><div class=\"fusion-content-sep sep-double sep-solid\" style=\"border-color:#e2e2e2;\"><\/div><div class=\"fusion-post-content\"><p>Filme: Pais e filhos (Jap\u00e3o, 2013)Dire\u00e7\u00e3o: Hirokazu KoreedaDia: 13 de julho de 2021 -19 \u00e0s  [...]<\/p><\/div><\/div><\/div><\/article><article id=\"portfolio-1-post-6488\" class=\"fusion-portfolio-post actividades-cine-pt-br cine-pt-br redes-pt-br fusion-col-spacing post-6488\"><div class=\"fusion-portfolio-content-wrapper\" style=\"border:1px solid #ffffff;border-bottom-width:3px;background-color:rgba(255,255,255,1);\"><span class=\"vcard rich-snippet-hidden\"><span class=\"fn\"><a href=\"https:\/\/fapol.org\/pt-br\/blog\/author\/gonzalozabala\/\" title=\"Posts de gonzalozabala\" rel=\"author\">gonzalozabala<\/a><\/span><\/span><span class=\"updated rich-snippet-hidden\">2021-05-17T01:06:35-03:00<\/span><div  class=\"fusion-image-wrapper fusion-image-size-fixed\" aria-haspopup=\"true\">\n\t\t\t\t<img decoding=\"async\" width=\"460\" height=\"295\" src=\"https:\/\/fapol.org\/wp-content\/uploads\/2021\/05\/Elecciones-de-amor-y-otras-series-460x295.png\" class=\"attachment-portfolio-two size-portfolio-two wp-post-image\" alt=\"\" \/><div class=\"fusion-rollover\">\n\t<div class=\"fusion-rollover-content\">\n\n\t\t\t\t\t\t\t\t\t\t\t\t\t\t<a class=\"fusion-rollover-link\" href=\"https:\/\/fapol.org\/pt-br\/blog\/portfolio-items\/elecciones-de-amor-y-otras-series\/?portfolioCats=99\">Elecciones de amor y otras series<\/a>\n\t\t\t\n\t\t\t\t\t\t\t\t\n\t\t\n\t\t\t\t\t\t\t\t\n\t\t\t\t\t\t\t\t\n\t\t\n\t\t\t\t\t\t<a class=\"fusion-link-wrapper\" href=\"https:\/\/fapol.org\/pt-br\/blog\/portfolio-items\/elecciones-de-amor-y-otras-series\/?portfolioCats=99\" aria-label=\"Elecciones de amor y otras series\"><\/a>\n\t<\/div>\n<\/div>\n<\/div>\n<div class=\"fusion-portfolio-content\" style=\"background-color:rgba(255,255,255,1);\"><h2 class=\"entry-title fusion-post-title\"><a href=\"https:\/\/fapol.org\/pt-br\/blog\/portfolio-items\/elecciones-de-amor-y-otras-series\/?portfolioCats=99\">Elecciones de amor y otras series<\/a><\/h2><div class=\"fusion-content-sep sep-double sep-solid\" style=\"border-color:#e2e2e2;\"><\/div><div class=\"fusion-post-content\"><p> Presentan: Carlos Le\u00f3n y Marxy Condori. Comenta: Juan Mitre (miembro EOL, AMP) Coordina: Zindy  [...]<\/p><\/div><\/div><\/div><\/article><article id=\"portfolio-1-post-6493\" class=\"fusion-portfolio-post actividades-cine-pt-br cine-pt-br redes-pt-br fusion-col-spacing post-6493\"><div class=\"fusion-portfolio-content-wrapper\" style=\"border:1px solid #ffffff;border-bottom-width:3px;background-color:rgba(255,255,255,1);\"><span class=\"vcard rich-snippet-hidden\"><span class=\"fn\"><a href=\"https:\/\/fapol.org\/pt-br\/blog\/author\/gonzalozabala\/\" title=\"Posts de gonzalozabala\" rel=\"author\">gonzalozabala<\/a><\/span><\/span><span class=\"updated rich-snippet-hidden\">2021-04-28T05:25:21-03:00<\/span><div  class=\"fusion-image-wrapper fusion-image-size-fixed\" aria-haspopup=\"true\">\n\t\t\t\t<img decoding=\"async\" width=\"460\" height=\"295\" src=\"https:\/\/fapol.org\/wp-content\/uploads\/2021\/04\/185564457_3983419908411290_6533007875424327280_n-460x295.jpg\" class=\"attachment-portfolio-two size-portfolio-two wp-post-image\" alt=\"\" \/><div class=\"fusion-rollover\">\n\t<div class=\"fusion-rollover-content\">\n\n\t\t\t\t\t\t\t\t\t\t\t\t\t\t<a class=\"fusion-rollover-link\" href=\"https:\/\/fapol.org\/pt-br\/blog\/portfolio-items\/ciclo-2021-en-riesgo\/?portfolioCats=99\">Ciclo 2021 &#8220;En riesgo&#8221;<\/a>\n\t\t\t\n\t\t\t\t\t\t\t\t\n\t\t\n\t\t\t\t\t\t\t\t\n\t\t\t\t\t\t\t\t\n\t\t\n\t\t\t\t\t\t<a class=\"fusion-link-wrapper\" href=\"https:\/\/fapol.org\/pt-br\/blog\/portfolio-items\/ciclo-2021-en-riesgo\/?portfolioCats=99\" aria-label=\"Ciclo 2021 &#8220;En riesgo&#8221;\"><\/a>\n\t<\/div>\n<\/div>\n<\/div>\n<div class=\"fusion-portfolio-content\" style=\"background-color:rgba(255,255,255,1);\"><h2 class=\"entry-title fusion-post-title\"><a href=\"https:\/\/fapol.org\/pt-br\/blog\/portfolio-items\/ciclo-2021-en-riesgo\/?portfolioCats=99\">Ciclo 2021 &#8220;En riesgo&#8221;<\/a><\/h2><div class=\"fusion-content-sep sep-double sep-solid\" style=\"border-color:#e2e2e2;\"><\/div><div class=\"fusion-post-content\"><p>RED DE CINE Y PSICOAN\u00c1LISIS<\/p><\/div><\/div><\/div><\/article><\/div><\/div><\/div><\/div><\/div><\/div>\n","protected":false},"excerpt":{"rendered":"","protected":false},"author":3,"featured_media":0,"parent":6177,"menu_order":1,"comment_status":"closed","ping_status":"closed","template":"","meta":{"_monsterinsights_skip_tracking":false,"_monsterinsights_sitenote_active":false,"_monsterinsights_sitenote_note":"","_monsterinsights_sitenote_category":0,"footnotes":""},"class_list":["post-6179","page","type-page","status-publish","hentry"],"_links":{"self":[{"href":"https:\/\/fapol.org\/pt-br\/wp-json\/wp\/v2\/pages\/6179","targetHints":{"allow":["GET"]}}],"collection":[{"href":"https:\/\/fapol.org\/pt-br\/wp-json\/wp\/v2\/pages"}],"about":[{"href":"https:\/\/fapol.org\/pt-br\/wp-json\/wp\/v2\/types\/page"}],"author":[{"embeddable":true,"href":"https:\/\/fapol.org\/pt-br\/wp-json\/wp\/v2\/users\/3"}],"replies":[{"embeddable":true,"href":"https:\/\/fapol.org\/pt-br\/wp-json\/wp\/v2\/comments?post=6179"}],"version-history":[{"count":1,"href":"https:\/\/fapol.org\/pt-br\/wp-json\/wp\/v2\/pages\/6179\/revisions"}],"predecessor-version":[{"id":6185,"href":"https:\/\/fapol.org\/pt-br\/wp-json\/wp\/v2\/pages\/6179\/revisions\/6185"}],"up":[{"embeddable":true,"href":"https:\/\/fapol.org\/pt-br\/wp-json\/wp\/v2\/pages\/6177"}],"wp:attachment":[{"href":"https:\/\/fapol.org\/pt-br\/wp-json\/wp\/v2\/media?parent=6179"}],"curies":[{"name":"wp","href":"https:\/\/api.w.org\/{rel}","templated":true}]}}