{"id":6915,"date":"2025-01-02T08:20:14","date_gmt":"2025-01-02T11:20:14","guid":{"rendered":"https:\/\/fapol.org\/?page_id=6915"},"modified":"2025-03-25T06:52:55","modified_gmt":"2025-03-25T09:52:55","slug":"transpusemos-a-linha-a-devastacao-da-natureza-humana","status":"publish","type":"page","link":"https:\/\/fapol.org\/pt-br\/observatorios\/transpusemos-a-linha-a-devastacao-da-natureza-humana\/","title":{"rendered":"Transpusemos a linha? \u2013 A devasta\u00e7\u00e3o da natureza humana"},"content":{"rendered":"<div class=\"fusion-fullwidth fullwidth-box fusion-builder-row-1 fusion-flex-container nonhundred-percent-fullwidth non-hundred-percent-height-scrolling\" style=\"--awb-border-radius-top-left:0px;--awb-border-radius-top-right:0px;--awb-border-radius-bottom-right:0px;--awb-border-radius-bottom-left:0px;--awb-flex-wrap:wrap;\" ><div class=\"fusion-builder-row fusion-row fusion-flex-align-items-stretch fusion-flex-content-wrap\" style=\"max-width:1248px;margin-left: calc(-4% \/ 2 );margin-right: calc(-4% \/ 2 );\"><div class=\"fusion-layout-column fusion_builder_column fusion-builder-column-0 fusion_builder_column_1_1 1_1 fusion-flex-column\" style=\"--awb-bg-size:cover;--awb-width-large:100%;--awb-margin-top-large:0px;--awb-spacing-right-large:1.92%;--awb-margin-bottom-large:20px;--awb-spacing-left-large:1.92%;--awb-width-medium:100%;--awb-order-medium:0;--awb-spacing-right-medium:1.92%;--awb-spacing-left-medium:1.92%;--awb-width-small:100%;--awb-order-small:0;--awb-spacing-right-small:1.92%;--awb-spacing-left-small:1.92%;\"><div class=\"fusion-column-wrapper fusion-column-has-shadow fusion-flex-justify-content-flex-start fusion-content-layout-column\"><div class=\"fusion-text fusion-text-1\"><p><strong>CITA\u00c7\u00d5ES:<\/strong><\/p>\n<p style=\"text-align: justify;\">\u201cCom respeito \u00e0 import\u00e2ncia das leis da natureza, entende-se o estrondoso eco que deveria ter o aforismo de Lacan \u2018o real \u00e9 sem lei\u2019 [18]. Essa \u00e9 a f\u00f3rmula que testemunha uma total ruptura entre natureza e real. Ela \u00e9 um ataque \u00e0 inclus\u00e3o, do saber no real, que mant\u00e9m a subordina\u00e7\u00e3o ao sujeito suposto saber.<\/p>\n<p style=\"text-align: justify;\">[\u2026]<\/p>\n<p style=\"text-align: justify;\">O real como sem lei parece impens\u00e1vel. \u00c9 uma ideia-limite e que, primeiramente, quer dizer que o real \u00e9 sem lei natural. Por exemplo, tudo o que havia sido a ordem imut\u00e1vel da reprodu\u00e7\u00e3o est\u00e1 em movimento, em transforma\u00e7\u00e3o. Tanto no n\u00edvel da sexualidade quanto da constitui\u00e7\u00e3o do ser vivo humano, com todas as perspectivas que aparecem agora, no s\u00e9culo XXI, para melhorar a biologia da esp\u00e9cie.\u201d<\/p>\n<p style=\"text-align: left;\">MILLER, Jacques-Alain. Apresenta\u00e7\u00e3o do tema do IX Congresso da AMP. 2014.<br \/>\nDispon\u00edvel em:<a href=\"https:\/\/www.congresamp2014.com\/pt\/template.php?file=Textos\/Presentation-du-theme_Jacques-Alain-Miller.html\"> https:\/\/www.congresamp2014.com\/pt\/template.php?file=Textos\/Presentation-du-theme_Jacques-Alain-Miller.html<\/a>.<\/p>\n<hr \/>\n<p style=\"text-align: justify;\">\u201cPareceu-me, hoje de manh\u00e3, que n\u00e3o seria excessivo come\u00e7ar meu semin\u00e1rio fazendo a seguinte pergunta \u2013 transpusemos a linha?<\/p>\n<p style=\"text-align: justify;\">N\u00e3o se trata do que fazemos aqui, mas do que ocorre no mundo em que vivemos. Isso n\u00e3o \u00e9 motivo, pois o que a\u00ed se profere faz um ru\u00eddo assaz vulgar para n\u00e3o o ouvirmos.\u201d<\/p>\n<p style=\"text-align: justify;\">LACAN, Jacques. <i>O semin\u00e1rio<\/i>, livro 7: <i>A \u00e9tica da psican\u00e1lise<\/i>. (1959-1960) Texto estabelecido por Jacques-Alain Miller. Tradu\u00e7\u00e3o: Ant\u00f4nio Quinet. 2. ed. Rio de Janeiro: Jorge Zahar Ed., 2008. <span class=\"bumpedfont15\">p. 275.<\/span><\/p>\n<\/div><div ><a class=\"fusion-button button-flat fusion-button-default-size button-default fusion-button-default button-1 fusion-button-default-span fusion-button-default-type\" target=\"_blank\" rel=\"noopener noreferrer\" href=\"https:\/\/fapol.org\/wp-content\/uploads\/2025\/03\/Apresentacao-do-tema-do-observatorio-Transpusemos-a-linha.pdf\"><span class=\"fusion-button-text\">Transpusemos a linha? &#8211; A devasta\u00e7\u00e3o da natureza humana.<\/span><\/a><\/div><div class=\"fusion-content-boxes content-boxes columns row fusion-columns-1 fusion-columns-total-1 fusion-content-boxes-1 content-boxes-icon-on-side content-left cbobservatorio1EBP\" style=\"--awb-margin-top:30px;--awb-hover-accent-color:#fc5079;--awb-circle-hover-accent-color:#fc5079;--awb-item-margin-bottom:40px;\" id=\"cbobservatorio1EBP\" data-animationOffset=\"top-into-view\"><div style=\"--awb-backgroundcolor:#ffffff;--awb-content-padding-left:68px;\" class=\"fusion-column content-box-column content-box-column content-box-column-1 col-lg-12 col-md-12 col-sm-12 fusion-content-box-hover content-box-column-last content-box-column-last-in-row\"><div class=\"col content-box-wrapper content-wrapper-background link-area-link-icon content-icon-wrapper-yes icon-wrapper-hover-animation-pulsate fusion-animated\" data-animationType=\"fadeInDown\" data-animationDuration=\"1.0\" data-animationOffset=\"top-into-view\"><div class=\"heading heading-with-icon icon-left\"><div class=\"icon\"><span style=\"height:46px;width:46px;line-height:24px;border-color:rgba(255,255,255,0);border-width:1px;border-style:solid;background-color:#fc5079;margin-right:20px;box-sizing:content-box;border-radius:50%;\"><i style=\"border-color:#fc5079;border-width:1px;background-color:#fc5079;box-sizing:content-box;height:44px;width:44px;line-height:44px;border-radius:50%;position:relative;top:auto;left:auto;margin:0;border-radius:50%;font-size:22px;\" aria-hidden=\"true\" class=\"fontawesome-icon fa-users fas circle-yes\"><\/i><\/span><\/div><h2 class=\"content-box-heading\" style=\"--h2_typography-font-size:20px;line-height:25px;padding-left:68px;\">Antenas anal\u00edticas:<\/h2><\/div><div class=\"fusion-clearfix\"><\/div><div class=\"content-container\">\n<p>Ariel Hern\u00e1ndez \u2013 La Plata<br \/>\nCamila Poupadouk \u2013 S\u00e3o Paulo<br \/>\nDaiana Regojo \u2013 Buenos Aires<br \/>\nJos\u00e9 Augusto &#8211; Ba\u00eda da Trai\u00e7\u00e3o<br \/>\nJos\u00e9 Juan Ruiz Reyes \u2013 Ciudad de M\u00e9xico<br \/>\nJuliana Horowitz \u2013 Buenos Aires<br \/>\nLucas Horvath \u2013 Buenos Aires<br \/>\nLuisa Carvalho Miranda de Lima &#8211; Palmas<br \/>\nMiguel Ram\u00edrez &#8211; Cochabamba<br \/>\nMilena Nadier\u2013 Salvador<br \/>\nPeter Molineaux\u00a0 \u2013 Santiago de Chile<br \/>\nStephanie Rudeke\u00a0\u00a0 &#8211; Ciudad de Guatemala<\/p>\n<p><strong>Leitores:<\/strong><br \/>\nViviana Mozzi (EOL); Paula Iturra (NEL); Oscar Reymundo (EBP)<\/p>\n<\/div><\/div><\/div><div class=\"fusion-clearfix\"><\/div><\/div><\/div><\/div><\/div><\/div>\n","protected":false},"excerpt":{"rendered":"","protected":false},"author":3,"featured_media":0,"parent":6031,"menu_order":1,"comment_status":"closed","ping_status":"closed","template":"","meta":{"_monsterinsights_skip_tracking":false,"_monsterinsights_sitenote_active":false,"_monsterinsights_sitenote_note":"","_monsterinsights_sitenote_category":0,"footnotes":""},"class_list":["post-6915","page","type-page","status-publish","hentry"],"_links":{"self":[{"href":"https:\/\/fapol.org\/pt-br\/wp-json\/wp\/v2\/pages\/6915","targetHints":{"allow":["GET"]}}],"collection":[{"href":"https:\/\/fapol.org\/pt-br\/wp-json\/wp\/v2\/pages"}],"about":[{"href":"https:\/\/fapol.org\/pt-br\/wp-json\/wp\/v2\/types\/page"}],"author":[{"embeddable":true,"href":"https:\/\/fapol.org\/pt-br\/wp-json\/wp\/v2\/users\/3"}],"replies":[{"embeddable":true,"href":"https:\/\/fapol.org\/pt-br\/wp-json\/wp\/v2\/comments?post=6915"}],"version-history":[{"count":11,"href":"https:\/\/fapol.org\/pt-br\/wp-json\/wp\/v2\/pages\/6915\/revisions"}],"predecessor-version":[{"id":7263,"href":"https:\/\/fapol.org\/pt-br\/wp-json\/wp\/v2\/pages\/6915\/revisions\/7263"}],"up":[{"embeddable":true,"href":"https:\/\/fapol.org\/pt-br\/wp-json\/wp\/v2\/pages\/6031"}],"wp:attachment":[{"href":"https:\/\/fapol.org\/pt-br\/wp-json\/wp\/v2\/media?parent=6915"}],"curies":[{"name":"wp","href":"https:\/\/api.w.org\/{rel}","templated":true}]}}