{"id":6926,"date":"2025-01-02T08:23:23","date_gmt":"2025-01-02T11:23:23","guid":{"rendered":"https:\/\/fapol.org\/?page_id=6926"},"modified":"2025-04-23T14:32:46","modified_gmt":"2025-04-23T17:32:46","slug":"o-fantasma-da-epoca-o-homem-neuronal-e-estilos-de-vida","status":"publish","type":"page","link":"https:\/\/fapol.org\/pt-br\/observatorios\/o-fantasma-da-epoca-o-homem-neuronal-e-estilos-de-vida\/","title":{"rendered":"O fantasma da \u00e9poca \u2013 O homem neuronal e estilos de vida"},"content":{"rendered":"<div class=\"fusion-fullwidth fullwidth-box fusion-builder-row-1 fusion-flex-container nonhundred-percent-fullwidth non-hundred-percent-height-scrolling\" style=\"--awb-border-radius-top-left:0px;--awb-border-radius-top-right:0px;--awb-border-radius-bottom-right:0px;--awb-border-radius-bottom-left:0px;--awb-flex-wrap:wrap;\" ><div class=\"fusion-builder-row fusion-row fusion-flex-align-items-stretch fusion-flex-content-wrap\" style=\"max-width:1248px;margin-left: calc(-4% \/ 2 );margin-right: calc(-4% \/ 2 );\"><div class=\"fusion-layout-column fusion_builder_column fusion-builder-column-0 fusion_builder_column_1_1 1_1 fusion-flex-column\" style=\"--awb-bg-size:cover;--awb-width-large:100%;--awb-margin-top-large:0px;--awb-spacing-right-large:1.92%;--awb-margin-bottom-large:20px;--awb-spacing-left-large:1.92%;--awb-width-medium:100%;--awb-order-medium:0;--awb-spacing-right-medium:1.92%;--awb-spacing-left-medium:1.92%;--awb-width-small:100%;--awb-order-small:0;--awb-spacing-right-small:1.92%;--awb-spacing-left-small:1.92%;\"><div class=\"fusion-column-wrapper fusion-column-has-shadow fusion-flex-justify-content-flex-start fusion-content-layout-column\"><div class=\"fusion-text fusion-text-1 fusion-text-no-margin\" style=\"--awb-margin-bottom:20px;\"><p><strong>CITAC\u00d5ES:<\/strong><\/p>\n<p style=\"text-align: justify;\">\u201cNestas condi\u00e7\u00f5es, n\u00e3o nos surpreendamos que essa reivindica\u00e7\u00e3o igualit\u00e1ria se traduza no desaparecimento programado da cl\u00ednica. Todos os tipos cl\u00ednicos s\u00e3o progressivamente subtra\u00eddos do grande cat\u00e1logo cl\u00ednico, j\u00e1 rebaixado e desconstru\u00eddo pelas sucessivas edi\u00e7\u00f5es do DSM. E isto em um tempo no qual todos os indiv\u00edduos acometidos por um transtorno mental, por uma defici\u00eancia, pelo que antes era considerado como anormalidade, se associam e formam grupo. Esses grupos, juridicamente fundamentados, inscritos, s\u00e3o com frequ\u00eancia constitu\u00eddos como grupos de press\u00e3o \u2013 at\u00e9 mesmo os dos autistas, dos ouvidores de vozes etc. Tudo anuncia que a cl\u00ednica logo ser\u00e1 coisa do passado. Cabe a n\u00f3s alinhar nossa pr\u00e1tica a essa nova era, sem nostalgia, sem amargura, sem esp\u00edrito de vingan\u00e7a.<\/p>\n<p style=\"text-align: justify;\">Num tal contexto, o aforismo lacaniano s\u00f3 pode ser interpretado como assumindo, validando um termo que est\u00e1 de agora em diante em uso (n\u00f3s o ouvimos ressoar mais de uma vez durante esta Grande Conversa\u00e7\u00e3o): a \u2018despatologiza\u00e7\u00e3o\u2019. N\u00e3o haver\u00e1 mais patologias, haver\u00e1, j\u00e1 h\u00e1, em vez disso, estilos de vida, livremente escolhidos \u2013 uma liberdade imprescrit\u00edvel porque ela \u00e9 a dos sujeitos de direito (<em>droit<\/em>). Digamos que <em>o reto<\/em><i> <\/i>(droit) <em>leva a melhor sobre o torto<\/em>.\u201d<\/p>\n<p style=\"text-align: justify;\">MILLER, Jacques-Alain. Todo o mundo \u00e9 louco. <span class=\"bumpedfont15\">Apresenta\u00e7\u00e3o do tema do XIV Congresso da AMP, 3 de abril de 2022.<br \/>\nDispon\u00edvel em:<\/span><span class=\"apple-converted-space\"><a href=\"https:\/\/congresamp2024.world\/pt-br\/todo-mundo-e-louco\/\"> https:\/\/congresamp2024.world\/pt-br\/todo-mundo-e-louco\/<\/a>.<\/span><\/p>\n<\/div><div ><a class=\"fusion-button button-flat fusion-button-default-size button-default fusion-button-default button-1 fusion-button-default-span fusion-button-default-type\" target=\"_blank\" rel=\"noopener noreferrer\" href=\"https:\/\/fapol.org\/wp-content\/uploads\/2025\/04\/A-materia-do-observatorio-da-FAPOL_PT.pdf\"><span class=\"fusion-button-text\">Apresentac\u0327ao do tema do observato\u0301rio &#8211; O fantasma da e\u0301poca<\/span><\/a><\/div><div class=\"fusion-content-boxes content-boxes columns row fusion-columns-1 fusion-columns-total-1 fusion-content-boxes-1 content-boxes-icon-on-side content-left cbobservatorio1EBP\" style=\"--awb-margin-top:30px;--awb-hover-accent-color:#fc5079;--awb-circle-hover-accent-color:#fc5079;--awb-item-margin-bottom:40px;\" id=\"cbobservatorio1EBP\" data-animationOffset=\"top-into-view\"><div style=\"--awb-backgroundcolor:#ffffff;--awb-content-padding-left:68px;\" class=\"fusion-column content-box-column content-box-column content-box-column-1 col-lg-12 col-md-12 col-sm-12 fusion-content-box-hover content-box-column-last content-box-column-last-in-row\"><div class=\"col content-box-wrapper content-wrapper-background link-area-link-icon content-icon-wrapper-yes icon-wrapper-hover-animation-pulsate fusion-animated\" data-animationType=\"fadeInDown\" data-animationDuration=\"1.0\" data-animationOffset=\"top-into-view\"><div class=\"heading heading-with-icon icon-left\"><div class=\"icon\"><span style=\"height:46px;width:46px;line-height:24px;border-color:rgba(255,255,255,0);border-width:1px;border-style:solid;background-color:#fc5079;margin-right:20px;box-sizing:content-box;border-radius:50%;\"><i style=\"border-color:#fc5079;border-width:1px;background-color:#fc5079;box-sizing:content-box;height:44px;width:44px;line-height:44px;border-radius:50%;position:relative;top:auto;left:auto;margin:0;border-radius:50%;font-size:22px;\" aria-hidden=\"true\" class=\"fontawesome-icon fa-users fas circle-yes\"><\/i><\/span><\/div><h2 class=\"content-box-heading\" style=\"--h2_typography-font-size:20px;line-height:25px;padding-left:68px;\">Antenas anal\u00edticas:<\/h2><\/div><div class=\"fusion-clearfix\"><\/div><div class=\"content-container\">\n<p>Andrea Pietro \u2013 Rio de Janeiro<br \/>\nDiana Palma \u2013 Mendonza<br \/>\nEduardo Valleros \u2013 S\u00e3o Paulo<br \/>\nGonzalo Rodr\u00edguez \u2013 Tucum\u00e1n<br \/>\nGresiela Nunes \u2013 Tubar\u00e3o<br \/>\nJos\u00e9 Luis Obaid \u2013 Santiago de Chile<br \/>\nJuan Cruz Delellis \u2013 Buenos Aires<br \/>\nMargareth Acevedo \u2013 Buenos Aires<br \/>\nMayra Alonso \u2013 La Habana<br \/>\nPa\u00fal Mata \u2013 Caracas<br \/>\nRenzo Pita \u2013 Lima<br \/>\nVinicius Lima \u2013 Belo Horizonte<\/p>\n<p><strong>Leitores:<\/strong><br \/>\nPaula Borsoi (EBP); Carlos M\u00e1rquez (NEL); Celeste Vi\u00f1al (EOL)<\/p>\n<\/div><\/div><\/div><div class=\"fusion-clearfix\"><\/div><\/div><\/div><\/div><\/div><\/div>\n","protected":false},"excerpt":{"rendered":"","protected":false},"author":3,"featured_media":0,"parent":6031,"menu_order":1,"comment_status":"closed","ping_status":"closed","template":"","meta":{"_monsterinsights_skip_tracking":false,"_monsterinsights_sitenote_active":false,"_monsterinsights_sitenote_note":"","_monsterinsights_sitenote_category":0,"footnotes":""},"class_list":["post-6926","page","type-page","status-publish","hentry"],"_links":{"self":[{"href":"https:\/\/fapol.org\/pt-br\/wp-json\/wp\/v2\/pages\/6926","targetHints":{"allow":["GET"]}}],"collection":[{"href":"https:\/\/fapol.org\/pt-br\/wp-json\/wp\/v2\/pages"}],"about":[{"href":"https:\/\/fapol.org\/pt-br\/wp-json\/wp\/v2\/types\/page"}],"author":[{"embeddable":true,"href":"https:\/\/fapol.org\/pt-br\/wp-json\/wp\/v2\/users\/3"}],"replies":[{"embeddable":true,"href":"https:\/\/fapol.org\/pt-br\/wp-json\/wp\/v2\/comments?post=6926"}],"version-history":[{"count":19,"href":"https:\/\/fapol.org\/pt-br\/wp-json\/wp\/v2\/pages\/6926\/revisions"}],"predecessor-version":[{"id":7340,"href":"https:\/\/fapol.org\/pt-br\/wp-json\/wp\/v2\/pages\/6926\/revisions\/7340"}],"up":[{"embeddable":true,"href":"https:\/\/fapol.org\/pt-br\/wp-json\/wp\/v2\/pages\/6031"}],"wp:attachment":[{"href":"https:\/\/fapol.org\/pt-br\/wp-json\/wp\/v2\/media?parent=6926"}],"curies":[{"name":"wp","href":"https:\/\/api.w.org\/{rel}","templated":true}]}}