{"id":6930,"date":"2025-01-02T08:23:47","date_gmt":"2025-01-02T11:23:47","guid":{"rendered":"https:\/\/fapol.org\/?page_id=6930"},"modified":"2025-03-25T06:51:03","modified_gmt":"2025-03-25T09:51:03","slug":"a-deserotizacao-do-mundo-as-paixoes-tristes-de-todos-os-generos","status":"publish","type":"page","link":"https:\/\/fapol.org\/pt-br\/observatorios\/a-deserotizacao-do-mundo-as-paixoes-tristes-de-todos-os-generos\/","title":{"rendered":"A deserotiza\u00e7\u00e3o do mundo \u2013 As paix\u00f5es tristes de todos os g\u00eaneros"},"content":{"rendered":"<div class=\"fusion-fullwidth fullwidth-box fusion-builder-row-1 fusion-flex-container nonhundred-percent-fullwidth non-hundred-percent-height-scrolling\" style=\"--awb-border-radius-top-left:0px;--awb-border-radius-top-right:0px;--awb-border-radius-bottom-right:0px;--awb-border-radius-bottom-left:0px;--awb-flex-wrap:wrap;\" ><div class=\"fusion-builder-row fusion-row fusion-flex-align-items-stretch fusion-flex-content-wrap\" style=\"max-width:1248px;margin-left: calc(-4% \/ 2 );margin-right: calc(-4% \/ 2 );\"><div class=\"fusion-layout-column fusion_builder_column fusion-builder-column-0 fusion_builder_column_1_1 1_1 fusion-flex-column\" style=\"--awb-bg-size:cover;--awb-width-large:100%;--awb-margin-top-large:0px;--awb-spacing-right-large:1.92%;--awb-margin-bottom-large:20px;--awb-spacing-left-large:1.92%;--awb-width-medium:100%;--awb-order-medium:0;--awb-spacing-right-medium:1.92%;--awb-spacing-left-medium:1.92%;--awb-width-small:100%;--awb-order-small:0;--awb-spacing-right-small:1.92%;--awb-spacing-left-small:1.92%;\"><div class=\"fusion-column-wrapper fusion-column-has-shadow fusion-flex-justify-content-flex-start fusion-content-layout-column\"><div class=\"fusion-text fusion-text-1\"><p><strong>CITA\u00c7\u00d5ES:<\/strong><\/p>\n<p style=\"text-align: justify;\">\u201cA difus\u00e3o planet\u00e1ria da pornografia por meio da tela eletr\u00f4nica teve, sem d\u00favida, efeitos dos quais o psicanalista recebe testemunhos. O que diz, o que representa a onipresen\u00e7a do porn\u00f4 no come\u00e7o deste s\u00e9culo? Nada sen\u00e3o: a rela\u00e7\u00e3o sexual n\u00e3o existe. \u00c9 isso que \u00e9 repercutido, de algum modo cantado, por esse espet\u00e1culo incessante e sempre dispon\u00edvel. Pois apenas essa aus\u00eancia \u00e9 suscet\u00edvel de dar conta dessa empolga\u00e7\u00e3o, cujas consequ\u00eancias nos costumes das novas gera\u00e7\u00f5es, quanto ao estilo das rela\u00e7\u00f5es sexuais, j\u00e1 estamos acompanhando: desencantamento, brutaliza\u00e7\u00e3o, banaliza\u00e7\u00e3o.\u201d<\/p>\n<p style=\"text-align: justify;\">MILLER, Jacques-Alain. O inconsciente e o corpo falante. Confer\u00eancia pronunciada no X Congresso da Associa\u00e7\u00e3o Mundial de Psican\u00e1lise. 2016.<\/p>\n<\/div><div ><a class=\"fusion-button button-flat fusion-button-default-size button-default fusion-button-default button-1 fusion-button-default-span fusion-button-default-type\" target=\"_blank\" rel=\"noopener noreferrer\" href=\"https:\/\/fapol.org\/wp-content\/uploads\/2025\/03\/A-Deserotizacao-do-Mundo-\u2013-As-Paixoes-Tristes-de-Todos-os-Generos.pdf\"><span class=\"fusion-button-text\">A Deserotiza\u00e7\u00e3o do Mundo \u2013 As Paix\u00f5es Tristes de Todos os G\u00eaneros<\/span><\/a><\/div><div class=\"fusion-content-boxes content-boxes columns row fusion-columns-1 fusion-columns-total-1 fusion-content-boxes-1 content-boxes-icon-on-side content-left cbobservatorio1EBP\" style=\"--awb-margin-top:30px;--awb-hover-accent-color:#fc5079;--awb-circle-hover-accent-color:#fc5079;--awb-item-margin-bottom:40px;\" id=\"cbobservatorio1EBP\" data-animationOffset=\"top-into-view\"><div style=\"--awb-backgroundcolor:#ffffff;--awb-content-padding-left:68px;\" class=\"fusion-column content-box-column content-box-column content-box-column-1 col-lg-12 col-md-12 col-sm-12 fusion-content-box-hover content-box-column-last content-box-column-last-in-row\"><div class=\"col content-box-wrapper content-wrapper-background link-area-link-icon content-icon-wrapper-yes icon-wrapper-hover-animation-pulsate fusion-animated\" data-animationType=\"fadeInDown\" data-animationDuration=\"1.0\" data-animationOffset=\"top-into-view\"><div class=\"heading heading-with-icon icon-left\"><div class=\"icon\"><span style=\"height:46px;width:46px;line-height:24px;border-color:rgba(255,255,255,0);border-width:1px;border-style:solid;background-color:#fc5079;margin-right:20px;box-sizing:content-box;border-radius:50%;\"><i style=\"border-color:#fc5079;border-width:1px;background-color:#fc5079;box-sizing:content-box;height:44px;width:44px;line-height:44px;border-radius:50%;position:relative;top:auto;left:auto;margin:0;border-radius:50%;font-size:22px;\" aria-hidden=\"true\" class=\"fontawesome-icon fa-users fas circle-yes\"><\/i><\/span><\/div><h2 class=\"content-box-heading\" style=\"--h2_typography-font-size:20px;line-height:25px;padding-left:68px;\">Antenas anal\u00edticas:<\/h2><\/div><div class=\"fusion-clearfix\"><\/div><div class=\"content-container\">\n<p>Agust\u00edn Farr\u00e9 \u2013 San Juan<br \/>\nAndr\u00e9s Amariles \u2013 Medell\u00edn<br \/>\nBruna Albuquerque \u2013 Belo Horizonte<br \/>\nCamila Kerdrel \u2013 Rio de Janeiro<br \/>\nDalia Virgil\u00ed \u2013 Buenos Aires<br \/>\nDiego Cervelin \u2013 Florian\u00f3polis<br \/>\nEdgar V\u00e1squez \u2013 Ciudad de M\u00e9xico<br \/>\nFlorencia Fern\u00e1ndez \u2013 Montevideo<br \/>\nIara Su\u00e1rez \u2013 La Plata<br \/>\nIv\u00e1n Delgado \u2013 Maracaibo<br \/>\nMarina Fragoso \u2013 Jo\u00e3o Pessoa<br \/>\nMiguel de la Rosa \u2013 Guayaquil<\/p>\n<p><strong>Leitores:<\/strong><br \/>\nLorena Gre\u00f1as (NEL); Heloisa Telles (EBP); Gisela Smania (EOL)<\/p>\n<\/div><\/div><\/div><div class=\"fusion-clearfix\"><\/div><\/div><\/div><\/div><\/div><\/div>\n","protected":false},"excerpt":{"rendered":"","protected":false},"author":3,"featured_media":0,"parent":6031,"menu_order":1,"comment_status":"closed","ping_status":"closed","template":"","meta":{"_monsterinsights_skip_tracking":false,"_monsterinsights_sitenote_active":false,"_monsterinsights_sitenote_note":"","_monsterinsights_sitenote_category":0,"footnotes":""},"class_list":["post-6930","page","type-page","status-publish","hentry"],"_links":{"self":[{"href":"https:\/\/fapol.org\/pt-br\/wp-json\/wp\/v2\/pages\/6930","targetHints":{"allow":["GET"]}}],"collection":[{"href":"https:\/\/fapol.org\/pt-br\/wp-json\/wp\/v2\/pages"}],"about":[{"href":"https:\/\/fapol.org\/pt-br\/wp-json\/wp\/v2\/types\/page"}],"author":[{"embeddable":true,"href":"https:\/\/fapol.org\/pt-br\/wp-json\/wp\/v2\/users\/3"}],"replies":[{"embeddable":true,"href":"https:\/\/fapol.org\/pt-br\/wp-json\/wp\/v2\/comments?post=6930"}],"version-history":[{"count":15,"href":"https:\/\/fapol.org\/pt-br\/wp-json\/wp\/v2\/pages\/6930\/revisions"}],"predecessor-version":[{"id":7260,"href":"https:\/\/fapol.org\/pt-br\/wp-json\/wp\/v2\/pages\/6930\/revisions\/7260"}],"up":[{"embeddable":true,"href":"https:\/\/fapol.org\/pt-br\/wp-json\/wp\/v2\/pages\/6031"}],"wp:attachment":[{"href":"https:\/\/fapol.org\/pt-br\/wp-json\/wp\/v2\/media?parent=6930"}],"curies":[{"name":"wp","href":"https:\/\/api.w.org\/{rel}","templated":true}]}}