{"id":6937,"date":"2025-01-02T08:33:03","date_gmt":"2025-01-02T11:33:03","guid":{"rendered":"https:\/\/fapol.org\/?page_id=6937"},"modified":"2025-03-25T07:06:11","modified_gmt":"2025-03-25T10:06:11","slug":"rede-de-estudos-sobre-autismo-na-latinoamerica-real","status":"publish","type":"page","link":"https:\/\/fapol.org\/pt-br\/redes\/rede-de-estudos-sobre-autismo-na-latinoamerica-real\/","title":{"rendered":"REAL &#8211; Rede de Estudos sobre o Autismo na Am\u00e9rica Latina"},"content":{"rendered":"<p><div class=\"fusion-fullwidth fullwidth-box fusion-builder-row-1 fusion-flex-container nonhundred-percent-fullwidth non-hundred-percent-height-scrolling\" style=\"--awb-border-radius-top-left:0px;--awb-border-radius-top-right:0px;--awb-border-radius-bottom-right:0px;--awb-border-radius-bottom-left:0px;--awb-flex-wrap:wrap;\" ><div class=\"fusion-builder-row fusion-row fusion-flex-align-items-flex-start fusion-flex-content-wrap\" style=\"max-width:1248px;margin-left: calc(-4% \/ 2 );margin-right: calc(-4% \/ 2 );\"><div class=\"fusion-layout-column fusion_builder_column fusion-builder-column-0 fusion_builder_column_1_1 1_1 fusion-flex-column\" style=\"--awb-bg-size:cover;--awb-width-large:100%;--awb-margin-top-large:0px;--awb-spacing-right-large:1.92%;--awb-margin-bottom-large:20px;--awb-spacing-left-large:1.92%;--awb-width-medium:100%;--awb-order-medium:0;--awb-spacing-right-medium:1.92%;--awb-spacing-left-medium:1.92%;--awb-width-small:100%;--awb-order-small:0;--awb-spacing-right-small:1.92%;--awb-spacing-left-small:1.92%;\"><div class=\"fusion-column-wrapper fusion-column-has-shadow fusion-flex-justify-content-flex-start fusion-content-layout-column\"><div class=\"fusion-text fusion-text-1\"><p style=\"text-align: justify;\">Na na\u00a0reuni\u00e3o do Conselho da Fapol,\u00a0em\u00a015 de dezembro de 2024, foi aprovada\u00a0a cria\u00e7\u00e3o da Real\u00a0(Rede de Estudos sobre o Autismo\u00a0na Am\u00e9rica Latina)\u00a0sob os ausp\u00edcios da Associa\u00e7\u00e3o\u00a0Mundial\u00a0de\u00a0Psican\u00e1lise\u00a0(AMP) e do Campo Freudiano.<\/p>\n<p style=\"text-align: justify;\">A\u00a0Real\u00a0tem por finalidade\u00a0enla\u00e7ar\u00a0a for\u00e7a do trabalho dos praticantes da orienta\u00e7\u00e3o lacaniana no \u00e2mbito da Fapol, em linhas de estudos, pesquisas e conversa\u00e7\u00f5es\u00a0sobre o que o encontro com o autismo ensina \u00e0 experi\u00eancia da psican\u00e1lise quando o fazemos falar. Atrav\u00e9s dessa Rede,\u00a0a aposta \u00e9 que\u00a0o interc\u00e2mbio\u00a0das\u00a0experi\u00eancias abertas\u00a0a\u00a0novas perspectivas de leitura e a\u00e7\u00e3o\u00a0possa fazer\u00a0avan\u00e7ar a\u00a0pr\u00f3pria\u00a0experi\u00eancia anal\u00edtica e sustentar\u00a0a presen\u00e7a da psican\u00e1lise de orienta\u00e7\u00e3o lacaniana e seu testemunho na batalha do autismo na Am\u00e9rica Latina.<\/p>\n<\/div><div ><a class=\"fusion-button button-flat fusion-button-default-size button-default fusion-button-default button-1 fusion-button-default-span fusion-button-default-type\" target=\"_self\" href=\"https:\/\/fapol.org\/wp-content\/uploads\/2025\/03\/Comunicado-FAPOL-Criacao-da-REAL.pdf\"><span class=\"fusion-button-text\">Cria\u00e7\u00e3o Rede de Estudos sobre o Autismo na Am\u00e9rica Latina (REAL)<\/span><\/a><\/div><\/div><\/div><\/div><\/div><div class=\"fusion-fullwidth fullwidth-box fusion-builder-row-2 fusion-flex-container nonhundred-percent-fullwidth non-hundred-percent-height-scrolling\" style=\"--awb-border-radius-top-left:0px;--awb-border-radius-top-right:0px;--awb-border-radius-bottom-right:0px;--awb-border-radius-bottom-left:0px;--awb-flex-wrap:wrap;\" ><div class=\"fusion-builder-row fusion-row fusion-flex-align-items-stretch fusion-flex-content-wrap\" style=\"max-width:1248px;margin-left: calc(-4% \/ 2 );margin-right: calc(-4% \/ 2 );\"><div class=\"fusion-layout-column fusion_builder_column fusion-builder-column-1 fusion_builder_column_1_1 1_1 fusion-flex-column\" style=\"--awb-bg-size:cover;--awb-width-large:100%;--awb-margin-top-large:0px;--awb-spacing-right-large:1.92%;--awb-margin-bottom-large:20px;--awb-spacing-left-large:1.92%;--awb-width-medium:100%;--awb-order-medium:0;--awb-spacing-right-medium:1.92%;--awb-spacing-left-medium:1.92%;--awb-width-small:100%;--awb-order-small:0;--awb-spacing-right-small:1.92%;--awb-spacing-left-small:1.92%;\"><div class=\"fusion-column-wrapper fusion-column-has-shadow fusion-flex-justify-content-flex-start fusion-content-layout-column\"><div class=\"fusion-separator fusion-full-width-sep\" style=\"align-self: center;margin-left: auto;margin-right: auto;margin-top:30px;margin-bottom:30px;width:100%;\"><div class=\"fusion-separator-border sep-single sep-solid\" style=\"--awb-height:20px;--awb-amount:20px;--awb-sep-color:#343275;border-color:#343275;border-top-width:1px;\"><\/div><\/div><div class=\"fusion-text fusion-text-2\"><h6 style=\"text-align: center;\"><strong>REAL \u2013 Rede de Estudos sobre o Autismo na Am\u00e9rica Latina<\/strong><strong>\u00a0<\/strong><\/h6>\n<p style=\"text-align: center;\"><strong>FALAR AO AUTISTA<\/strong><\/p>\n<p style=\"text-align: justify;\">Da vertiginosa subida do autismo a cen\u00e1rios p\u00fablicos diversos emergem incont\u00e1veis teorias e pr\u00e1ticas de amplo alcance, que tentam abordar tanto a dimens\u00e3o da causa como do tratamento do autista. REAL es uma Rede de estudos e investiga\u00e7\u00f5es sobre o autismo criada pela FAPOL para as tr\u00eas Escolas de Am\u00e9rica \u2013 EOL, EBP e NEL &#8211; para destacar novas perspectivas de abordagem do autismo que, no lugar de impor condutas normativas ou homog\u00eaneas, d\u00e3o lugar ao sujeito autista e acolhem sua singularidade.<\/p>\n<p style=\"text-align: justify;\">Parece claro que o que se escuta do sujeito autista determina, em boa medida, o modo de dirigir-se a ele. Desta maneira, um dos aspectos de maior considera\u00e7\u00e3o \u00e9 o lugar que tem a linguagem como instrumento de interven\u00e7\u00e3o, mais ainda, se o autista n\u00e3o disp\u00f5e de uma fala efetiva. \u00c9 este imposs\u00edvel que orientar\u00e1 o que se pode dizer ao autista, desprovido de qualquer inten\u00e7\u00e3o comunicativa. Neste sentido, se requer que aquele que se orienta pela psican\u00e1lise escute e observe em detalhe os interesses, as posi\u00e7\u00f5es e as palavras particulares que usualmente defendem o autista do Outro. Este \u00e9 o ato inicial que abre uma experi\u00eancia in\u00e9dita para um e para outro, a reinventar-se a cada vez.<\/p>\n<p style=\"text-align: justify;\">Se partimos da indica\u00e7\u00e3o de Lacan segundo a qual aos autistas \u201ch\u00e1, certamente, algo a lhes dizer\u201d<a href=\"#_ftn1\" name=\"_ftnref1\">[1]<\/a>, podemos nos perguntar: Como apostar no ensino de Lacan sobre a l\u00edngua, quando n\u00e3o se conta com o semblante do di\u00e1logo, da dial\u00e9tica, da conversa\u00e7\u00e3o, do la\u00e7o? Como sermos d\u00f3ceis a suas \u00ednfimas inven\u00e7\u00f5es, para que sejam fecundas? Que possibilidades abre a conversa\u00e7\u00e3o com seus pais, seus educadores e outros praticantes?<\/p>\n<p style=\"text-align: justify;\">Os interessados no trabalho da rede est\u00e3o convidados a reunir-se em suas institui\u00e7\u00f5es ou em cart\u00e9is ao redor de casos que possam contribuir para essa investiga\u00e7\u00e3o. O produto desse trabalho entre v\u00e1rios ser\u00e1 o material cl\u00ednico ao qual nos dedicaremos nas atividades programadas para as datas: 09\/05, 06\/06, 04\/07 e 01\/08, em dire\u00e7\u00e3o ao XII ENAPOL. Se quer saber mais sobre REAL, envie um mail a <strong>real.fapol@gmail.com<\/strong>, apresentando-se.<\/p>\n<p style=\"font-size: 13px;\"><a href=\"#_ftnref1\" name=\"_ftn1\">[1]<\/a> Lacan, J. Confer\u00eancia em Genebra sobre o sintoma, in <em>Op\u00e7\u00e3o Lacaniana, Revista internacional brasileira de psican\u00e1lise\u00a0 <\/em>n. 23. S\u00e3o Paulo: Eolia, dez. 1998, p. 12.<\/p>\n<\/div><div class=\"fusion-content-boxes content-boxes columns row fusion-columns-1 fusion-columns-total-1 fusion-content-boxes-1 content-boxes-icon-on-side content-left cbobservatorio1EBP\" style=\"--awb-hover-accent-color:#fc5079;--awb-circle-hover-accent-color:#fc5079;--awb-item-margin-bottom:40px;\" id=\"cbobservatorio1EBP\" data-animationOffset=\"top-into-view\"><div style=\"--awb-backgroundcolor:#ffffff;--awb-content-padding-left:68px;\" class=\"fusion-column content-box-column content-box-column content-box-column-1 col-lg-12 col-md-12 col-sm-12 fusion-content-box-hover content-box-column-last content-box-column-last-in-row\"><div class=\"col content-box-wrapper content-wrapper-background link-area-link-icon content-icon-wrapper-yes icon-wrapper-hover-animation-pulsate fusion-animated\" data-animationType=\"fadeInDown\" data-animationDuration=\"1.0\" data-animationOffset=\"top-into-view\"><div class=\"heading heading-with-icon icon-left\"><div class=\"icon\"><span style=\"height:46px;width:46px;line-height:24px;border-color:rgba(255,255,255,0);border-width:1px;border-style:solid;background-color:#fc5079;margin-right:20px;box-sizing:content-box;border-radius:50%;\"><i style=\"border-color:#fc5079;border-width:1px;background-color:#fc5079;box-sizing:content-box;height:44px;width:44px;line-height:44px;border-radius:50%;position:relative;top:auto;left:auto;margin:0;border-radius:50%;font-size:22px;\" aria-hidden=\"true\" class=\"fontawesome-icon fa-users fas circle-yes\"><\/i><\/span><\/div><h2 class=\"content-box-heading\" style=\"--h2_typography-font-size:20px;line-height:25px;padding-left:68px;\">REAL (2024-2026)<\/h2><\/div><div class=\"fusion-clearfix\"><\/div><div class=\"content-container\">\n<p><b>Coordenadores<\/b>: <em>Claudia Lijtinstens (EOL), Elisa Alvarenga (EBP), Lizbeth Ahumada (NEL),\u00a0 Piedad Spurrier (NEL),\u00a0 Paula Pimenta (EBP), Silvia Tendlarz (EOL)<\/em><\/p>\n<\/div><\/div><\/div><div class=\"fusion-clearfix\"><\/div><\/div><\/div><\/div><\/div><\/div><\/p>\n","protected":false},"excerpt":{"rendered":"","protected":false},"author":3,"featured_media":0,"parent":6122,"menu_order":1,"comment_status":"closed","ping_status":"closed","template":"","meta":{"_monsterinsights_skip_tracking":false,"_monsterinsights_sitenote_active":false,"_monsterinsights_sitenote_note":"","_monsterinsights_sitenote_category":0,"footnotes":""},"class_list":["post-6937","page","type-page","status-publish","hentry"],"_links":{"self":[{"href":"https:\/\/fapol.org\/pt-br\/wp-json\/wp\/v2\/pages\/6937","targetHints":{"allow":["GET"]}}],"collection":[{"href":"https:\/\/fapol.org\/pt-br\/wp-json\/wp\/v2\/pages"}],"about":[{"href":"https:\/\/fapol.org\/pt-br\/wp-json\/wp\/v2\/types\/page"}],"author":[{"embeddable":true,"href":"https:\/\/fapol.org\/pt-br\/wp-json\/wp\/v2\/users\/3"}],"replies":[{"embeddable":true,"href":"https:\/\/fapol.org\/pt-br\/wp-json\/wp\/v2\/comments?post=6937"}],"version-history":[{"count":8,"href":"https:\/\/fapol.org\/pt-br\/wp-json\/wp\/v2\/pages\/6937\/revisions"}],"predecessor-version":[{"id":7275,"href":"https:\/\/fapol.org\/pt-br\/wp-json\/wp\/v2\/pages\/6937\/revisions\/7275"}],"up":[{"embeddable":true,"href":"https:\/\/fapol.org\/pt-br\/wp-json\/wp\/v2\/pages\/6122"}],"wp:attachment":[{"href":"https:\/\/fapol.org\/pt-br\/wp-json\/wp\/v2\/media?parent=6937"}],"curies":[{"name":"wp","href":"https:\/\/api.w.org\/{rel}","templated":true}]}}