{"id":7529,"date":"2026-02-04T17:42:24","date_gmt":"2026-02-04T20:42:24","guid":{"rendered":"https:\/\/fapol.org\/envejecer-duelo-y-deseo\/"},"modified":"2026-02-04T17:58:24","modified_gmt":"2026-02-04T20:58:24","slug":"envelhecer-luto-e-desejo","status":"publish","type":"page","link":"https:\/\/fapol.org\/pt-br\/observatorios\/envelhecer-luto-e-desejo\/","title":{"rendered":"ENVELHECER: luto e desejo"},"content":{"rendered":"<div class=\"fusion-fullwidth fullwidth-box fusion-builder-row-1 fusion-flex-container nonhundred-percent-fullwidth non-hundred-percent-height-scrolling\" style=\"--awb-border-radius-top-left:0px;--awb-border-radius-top-right:0px;--awb-border-radius-bottom-right:0px;--awb-border-radius-bottom-left:0px;--awb-flex-wrap:wrap;\" ><div class=\"fusion-builder-row fusion-row fusion-flex-align-items-stretch fusion-flex-content-wrap\" style=\"max-width:1248px;margin-left: calc(-4% \/ 2 );margin-right: calc(-4% \/ 2 );\"><div class=\"fusion-layout-column fusion_builder_column fusion-builder-column-0 fusion_builder_column_1_1 1_1 fusion-flex-column\" style=\"--awb-bg-size:cover;--awb-width-large:100%;--awb-margin-top-large:0px;--awb-spacing-right-large:1.92%;--awb-margin-bottom-large:20px;--awb-spacing-left-large:1.92%;--awb-width-medium:100%;--awb-order-medium:0;--awb-spacing-right-medium:1.92%;--awb-spacing-left-medium:1.92%;--awb-width-small:100%;--awb-order-small:0;--awb-spacing-right-small:1.92%;--awb-spacing-left-small:1.92%;\"><div class=\"fusion-column-wrapper fusion-column-has-shadow fusion-flex-justify-content-flex-start fusion-content-layout-column\"><div class=\"fusion-text fusion-text-1 fusion-text-no-margin\" style=\"--awb-margin-bottom:20px;\"><p><strong>CITA\u00c7\u00d5ES:<\/strong><\/p>\n<p>\u201cEl duelo es la modalidad propia de la castraci\u00f3n que aportar\u00eda la operaci\u00f3n anal\u00edtica. El duelo quiere decir: <em>\u00a1Basta de lamentar!\u00a1Basta de lamentar el goce perdido, que tal vez no sea m\u00e1s que lo que imaginan haber perdido!<\/em><\/p>\n<p>No veamos el duelo solamente desde el lado de la tristeza. El duelo es una operaci\u00f3n cuya salida normal, como lo se\u00f1ala la expresi\u00f3n hacer el duelo, implica que se pase el objeto perdido por <em>pertes et profits<\/em>*, como se dice en franc\u00e9s. Esto quiere decir que en el horizonte est\u00e1 la alegr\u00eda\u201d.<\/p>\n<p>* Pasar algo <em>par pertes et profits<\/em> es \u201cconsiderarlo perdido\u201d, \u201chacer el duelo\u201d. [N. de la T.]<\/p>\n<p>Miller, J.-A., <em>Los divinos detalles<\/em>, Paid\u00f3s, Buenos Aires, 2010, p. 188.<\/p>\n<\/div><div class=\"fusion-content-boxes content-boxes columns row fusion-columns-1 fusion-columns-total-1 fusion-content-boxes-1 content-boxes-icon-on-side content-left cbobservatorio1EBP\" style=\"--awb-margin-top:30px;--awb-hover-accent-color:#fc5079;--awb-circle-hover-accent-color:#fc5079;--awb-item-margin-bottom:40px;\" id=\"cbobservatorio1EBP\" data-animationOffset=\"top-into-view\"><div style=\"--awb-backgroundcolor:#ffffff;--awb-content-padding-left:68px;\" class=\"fusion-column content-box-column content-box-column content-box-column-1 col-lg-12 col-md-12 col-sm-12 fusion-content-box-hover content-box-column-last content-box-column-last-in-row\"><div class=\"col content-box-wrapper content-wrapper-background link-area-link-icon content-icon-wrapper-yes icon-wrapper-hover-animation-pulsate fusion-animated\" data-animationType=\"fadeInDown\" data-animationDuration=\"1.0\" data-animationOffset=\"top-into-view\"><div class=\"heading heading-with-icon icon-left\"><div class=\"icon\"><span style=\"height:46px;width:46px;line-height:24px;border-color:rgba(255,255,255,0);border-width:1px;border-style:solid;background-color:#fc5079;margin-right:20px;box-sizing:content-box;border-radius:50%;\"><i style=\"border-color:#fc5079;border-width:1px;background-color:#fc5079;box-sizing:content-box;height:44px;width:44px;line-height:44px;border-radius:50%;position:relative;top:auto;left:auto;margin:0;border-radius:50%;font-size:22px;\" aria-hidden=\"true\" class=\"fontawesome-icon fa-users fas circle-yes\"><\/i><\/span><\/div><h2 class=\"content-box-heading\" style=\"--h2_typography-font-size:20px;line-height:25px;padding-left:68px;\">Antenas anal\u00edticas:<\/h2><\/div><div class=\"fusion-clearfix\"><\/div><div class=\"content-container\">\n<p>Jimena Rivas \u2012 Lima<br \/>\nLicene Garcia \u2013 S\u00e3o Paulo<br \/>\nCassandra Dias \u2013 Para\u00edba<br \/>\nVioleta Paolini \u2013 Bariloche<br \/>\nRenata Coelho Tavares Imperial \u2013 Vit\u00f3ria<br \/>\nPany Dimitrakis \u2012 Ciudad de Guatemala<br \/>\nSebasti\u00e1n Llaneza \u2013 La Plata<br \/>\nSantiago Bongiovanni \u2013 San Juan<br \/>\nDiego Tirado \u2012 Cochabamba<br \/>\nSandra Rebell\u00f3n \u2012 Cali<br \/>\nFrancisco Matheus Barros \u2013 Minas<br \/>\nFlorencia Crespi \u2013 Neuqu\u00e9n<\/p>\n<p><strong>Leitores:<br \/>\n<\/strong>Ana Lucia Lutterbach (EBP), Mar\u00eca Marciani (EOL), Joaqu\u00edn Carrasco (NEL)<\/p>\n<\/div><\/div><\/div><div class=\"fusion-clearfix\"><\/div><\/div><\/div><\/div><\/div><\/div>\n","protected":false},"excerpt":{"rendered":"","protected":false},"author":3,"featured_media":0,"parent":6031,"menu_order":0,"comment_status":"closed","ping_status":"closed","template":"","meta":{"_monsterinsights_skip_tracking":false,"_monsterinsights_sitenote_active":false,"_monsterinsights_sitenote_note":"","_monsterinsights_sitenote_category":0,"footnotes":""},"class_list":["post-7529","page","type-page","status-publish","hentry"],"_links":{"self":[{"href":"https:\/\/fapol.org\/pt-br\/wp-json\/wp\/v2\/pages\/7529","targetHints":{"allow":["GET"]}}],"collection":[{"href":"https:\/\/fapol.org\/pt-br\/wp-json\/wp\/v2\/pages"}],"about":[{"href":"https:\/\/fapol.org\/pt-br\/wp-json\/wp\/v2\/types\/page"}],"author":[{"embeddable":true,"href":"https:\/\/fapol.org\/pt-br\/wp-json\/wp\/v2\/users\/3"}],"replies":[{"embeddable":true,"href":"https:\/\/fapol.org\/pt-br\/wp-json\/wp\/v2\/comments?post=7529"}],"version-history":[{"count":4,"href":"https:\/\/fapol.org\/pt-br\/wp-json\/wp\/v2\/pages\/7529\/revisions"}],"predecessor-version":[{"id":7550,"href":"https:\/\/fapol.org\/pt-br\/wp-json\/wp\/v2\/pages\/7529\/revisions\/7550"}],"up":[{"embeddable":true,"href":"https:\/\/fapol.org\/pt-br\/wp-json\/wp\/v2\/pages\/6031"}],"wp:attachment":[{"href":"https:\/\/fapol.org\/pt-br\/wp-json\/wp\/v2\/media?parent=7529"}],"curies":[{"name":"wp","href":"https:\/\/api.w.org\/{rel}","templated":true}]}}