{"id":7533,"date":"2026-02-04T17:45:37","date_gmt":"2026-02-04T20:45:37","guid":{"rendered":"https:\/\/fapol.org\/7531-2\/"},"modified":"2026-02-04T17:58:10","modified_gmt":"2026-02-04T20:58:10","slug":"juventude-malestar-e-esperanca","status":"publish","type":"page","link":"https:\/\/fapol.org\/pt-br\/observatorios\/juventude-malestar-e-esperanca\/","title":{"rendered":"JUVENTUDE: malestar e esperan\u00e7a"},"content":{"rendered":"<div class=\"fusion-fullwidth fullwidth-box fusion-builder-row-1 fusion-flex-container nonhundred-percent-fullwidth non-hundred-percent-height-scrolling\" style=\"--awb-border-radius-top-left:0px;--awb-border-radius-top-right:0px;--awb-border-radius-bottom-right:0px;--awb-border-radius-bottom-left:0px;--awb-flex-wrap:wrap;\" ><div class=\"fusion-builder-row fusion-row fusion-flex-align-items-stretch fusion-flex-content-wrap\" style=\"max-width:1248px;margin-left: calc(-4% \/ 2 );margin-right: calc(-4% \/ 2 );\"><div class=\"fusion-layout-column fusion_builder_column fusion-builder-column-0 fusion_builder_column_1_1 1_1 fusion-flex-column\" style=\"--awb-bg-size:cover;--awb-width-large:100%;--awb-margin-top-large:0px;--awb-spacing-right-large:1.92%;--awb-margin-bottom-large:20px;--awb-spacing-left-large:1.92%;--awb-width-medium:100%;--awb-order-medium:0;--awb-spacing-right-medium:1.92%;--awb-spacing-left-medium:1.92%;--awb-width-small:100%;--awb-order-small:0;--awb-spacing-right-small:1.92%;--awb-spacing-left-small:1.92%;\"><div class=\"fusion-column-wrapper fusion-column-has-shadow fusion-flex-justify-content-flex-start fusion-content-layout-column\"><div class=\"fusion-text fusion-text-1 fusion-text-no-margin\" style=\"--awb-margin-bottom:20px;\"><p><strong>CITA\u00c7\u00d5ES:<\/strong><\/p>\n<p>\u201cTomemos como referencia las intervenciones de Lacan en torno a la juventud, que contribuyen a orientarnos.<\/p>\n<p>\u201cEstoy muy contento de ver a muchas figuras j\u00f3venes, ya que (\u2026) es en (\u2026) estas figuras en las que deposito mi esperanza\u201d[1]. As\u00ed se expresaba Lacan en una conferencia que dio en Italia en 1972. \u00bfDe qu\u00e9 esperanza se trata? No de la esperanza inherente a la neurosis universal, sino de aquella que hay que poner en relaci\u00f3n con una necesidad de discurso: la necesidad de que exista el psicoan\u00e1lisis.<\/p>\n<p>(\u2026)<\/p>\n<p>Dir\u00eda que, para Lacan, se trata m\u00e1s bien de una necesidad de discurso, y precisamente porque dice que la juventud es \u201csensible\u201d al discurso dominante. Si \u201cel discurso anal\u00edtico hubiera tomado cuerpo\u201d[4] -afirma Lacan en aquella \u00e9poca- se habr\u00edan manejado mejor para hacer la revoluci\u00f3n. Lo que ocurre a nivel de la juventud es, entonces, una gu\u00eda para comprender el momento presente. Interpreto que la juventud es como una \u201cplaca sensible\u201d a la contemporaneidad\u201d.<\/p>\n<p>Alberti, C., \u201cSiempre un poco rinoceronte\u201d, <em>Virtualia<\/em> 45, Revista Digital de la EOL, 2025, <a href=\"https:\/\/www.revistavirtualia.com\/articulos\/1057\/apuesta\/siempre-un-poco-rinoceronte\">https:\/\/www.revistavirtualia.com\/articulos\/1057\/apuesta\/siempre-un-poco-rinoceronte<\/a><\/p>\n<\/div><div class=\"fusion-content-boxes content-boxes columns row fusion-columns-1 fusion-columns-total-1 fusion-content-boxes-1 content-boxes-icon-on-side content-left cbobservatorio1EBP\" style=\"--awb-margin-top:30px;--awb-hover-accent-color:#fc5079;--awb-circle-hover-accent-color:#fc5079;--awb-item-margin-bottom:40px;\" id=\"cbobservatorio1EBP\" data-animationOffset=\"top-into-view\"><div style=\"--awb-backgroundcolor:#ffffff;--awb-content-padding-left:68px;\" class=\"fusion-column content-box-column content-box-column content-box-column-1 col-lg-12 col-md-12 col-sm-12 fusion-content-box-hover content-box-column-last content-box-column-last-in-row\"><div class=\"col content-box-wrapper content-wrapper-background link-area-link-icon content-icon-wrapper-yes icon-wrapper-hover-animation-pulsate fusion-animated\" data-animationType=\"fadeInDown\" data-animationDuration=\"1.0\" data-animationOffset=\"top-into-view\"><div class=\"heading heading-with-icon icon-left\"><div class=\"icon\"><span style=\"height:46px;width:46px;line-height:24px;border-color:rgba(255,255,255,0);border-width:1px;border-style:solid;background-color:#fc5079;margin-right:20px;box-sizing:content-box;border-radius:50%;\"><i style=\"border-color:#fc5079;border-width:1px;background-color:#fc5079;box-sizing:content-box;height:44px;width:44px;line-height:44px;border-radius:50%;position:relative;top:auto;left:auto;margin:0;border-radius:50%;font-size:22px;\" aria-hidden=\"true\" class=\"fontawesome-icon fa-users fas circle-yes\"><\/i><\/span><\/div><h2 class=\"content-box-heading\" style=\"--h2_typography-font-size:20px;line-height:25px;padding-left:68px;\">Antenas anal\u00edticas:<\/h2><\/div><div class=\"fusion-clearfix\"><\/div><div class=\"content-container\">\n<p>Pablo Requena \u2013 Mendoza<br \/>\nNelson Matheus \u2013 Recife<br \/>\nLucas Botero \u2012 Bogot\u00e1<br \/>\nCamila Candiotti \u2013 Santa Fe<br \/>\nBel\u00e9n Mac Donnell \u2013 Buenos Aires<br \/>\nRam\u00f3n Ochoa \u2012 Caracas<br \/>\nClarisse Boechat \u2013 R\u00edo de Janeiro<br \/>\nPablo Reyes \u2012 Santiago de Chile<br \/>\nCinthia Busato \u2013 Florian\u00f3polis<br \/>\nAntonela Garbet \u2013La Plata<br \/>\n\u00c1lvaro Rend\u00f3n \u2012 Guayaquil<br \/>\nMariana Vidigal \u2013 Minas<\/p>\n<p><strong>Leitores:<br \/>\n<\/strong>Marcela Almanza (NEL), Marcelo Ver\u00e1s (EBP), Patricia Moraga (EO<\/p>\n<\/div><\/div><\/div><div class=\"fusion-clearfix\"><\/div><\/div><\/div><\/div><\/div><\/div>\n","protected":false},"excerpt":{"rendered":"","protected":false},"author":3,"featured_media":0,"parent":6031,"menu_order":0,"comment_status":"closed","ping_status":"closed","template":"","meta":{"_monsterinsights_skip_tracking":false,"_monsterinsights_sitenote_active":false,"_monsterinsights_sitenote_note":"","_monsterinsights_sitenote_category":0,"footnotes":""},"class_list":["post-7533","page","type-page","status-publish","hentry"],"_links":{"self":[{"href":"https:\/\/fapol.org\/pt-br\/wp-json\/wp\/v2\/pages\/7533","targetHints":{"allow":["GET"]}}],"collection":[{"href":"https:\/\/fapol.org\/pt-br\/wp-json\/wp\/v2\/pages"}],"about":[{"href":"https:\/\/fapol.org\/pt-br\/wp-json\/wp\/v2\/types\/page"}],"author":[{"embeddable":true,"href":"https:\/\/fapol.org\/pt-br\/wp-json\/wp\/v2\/users\/3"}],"replies":[{"embeddable":true,"href":"https:\/\/fapol.org\/pt-br\/wp-json\/wp\/v2\/comments?post=7533"}],"version-history":[{"count":5,"href":"https:\/\/fapol.org\/pt-br\/wp-json\/wp\/v2\/pages\/7533\/revisions"}],"predecessor-version":[{"id":7549,"href":"https:\/\/fapol.org\/pt-br\/wp-json\/wp\/v2\/pages\/7533\/revisions\/7549"}],"up":[{"embeddable":true,"href":"https:\/\/fapol.org\/pt-br\/wp-json\/wp\/v2\/pages\/6031"}],"wp:attachment":[{"href":"https:\/\/fapol.org\/pt-br\/wp-json\/wp\/v2\/media?parent=7533"}],"curies":[{"name":"wp","href":"https:\/\/api.w.org\/{rel}","templated":true}]}}